{"id":900,"date":"2026-03-16T15:55:18","date_gmt":"2026-03-16T15:55:18","guid":{"rendered":"https:\/\/jonnyrapp.com\/work\/detox\/daten\/"},"modified":"2026-03-18T12:44:07","modified_gmt":"2026-03-18T12:44:07","slug":"daten","status":"publish","type":"page","link":"https:\/\/cleanbreaks.net\/de\/daten\/","title":{"rendered":"Daten"},"content":{"rendered":"\t\t<div data-elementor-type=\"wp-page\" data-elementor-id=\"900\" class=\"elementor elementor-900 elementor-766\" data-elementor-post-type=\"page\">\n\t\t\t\t<div class=\"elementor-element elementor-element-b5ba76b e-con-full e-flex e-con e-parent\" data-id=\"b5ba76b\" data-element_type=\"container\">\n\t\t\t\t<div class=\"elementor-element elementor-element-6d1b870 elementor-hidden-tablet elementor-hidden-desktop elementor-widget elementor-widget-image-carousel\" data-id=\"6d1b870\" data-element_type=\"widget\" data-settings=\"{&quot;slides_to_show&quot;:&quot;1&quot;,&quot;navigation&quot;:&quot;none&quot;,&quot;lazyload&quot;:&quot;yes&quot;,&quot;effect&quot;:&quot;fade&quot;,&quot;autoplay&quot;:&quot;yes&quot;,&quot;pause_on_hover&quot;:&quot;yes&quot;,&quot;pause_on_interaction&quot;:&quot;yes&quot;,&quot;autoplay_speed&quot;:5000,&quot;infinite&quot;:&quot;yes&quot;,&quot;speed&quot;:500}\" data-widget_type=\"image-carousel.default\">\n\t\t\t\t\t\t\t<div class=\"elementor-image-carousel-wrapper swiper\" role=\"region\" aria-roledescription=\"carousel\" aria-label=\"Image Carousel\" dir=\"ltr\">\n\t\t\t<div class=\"elementor-image-carousel swiper-wrapper swiper-image-stretch\" aria-live=\"off\">\n\t\t\t\t\t\t\t\t<div class=\"swiper-slide\" role=\"group\" aria-roledescription=\"slide\" aria-label=\"1 von 6\"><figure class=\"swiper-slide-inner\"><img class=\"swiper-slide-image swiper-lazy\" data-src=\"https:\/\/cleanbreaks.net\/wp-content\/uploads\/2026\/01\/mobile-2.jpg\" alt=\"mobile-2\" \/><div class=\"swiper-lazy-preloader\"><\/div><\/figure><\/div><div class=\"swiper-slide\" role=\"group\" aria-roledescription=\"slide\" aria-label=\"2 von 6\"><figure class=\"swiper-slide-inner\"><img class=\"swiper-slide-image swiper-lazy\" data-src=\"https:\/\/cleanbreaks.net\/wp-content\/uploads\/2026\/01\/mobile-1.jpg\" alt=\"mobile-1\" \/><div class=\"swiper-lazy-preloader\"><\/div><\/figure><\/div><div class=\"swiper-slide\" role=\"group\" aria-roledescription=\"slide\" aria-label=\"3 von 6\"><figure class=\"swiper-slide-inner\"><img class=\"swiper-slide-image swiper-lazy\" data-src=\"https:\/\/cleanbreaks.net\/wp-content\/uploads\/2026\/03\/hotel-detox-mallorca.jpg\" alt=\"hotel-detox-mallorca\" \/><div class=\"swiper-lazy-preloader\"><\/div><\/figure><\/div><div class=\"swiper-slide\" role=\"group\" aria-roledescription=\"slide\" aria-label=\"4 von 6\"><figure class=\"swiper-slide-inner\"><img class=\"swiper-slide-image swiper-lazy\" data-src=\"https:\/\/cleanbreaks.net\/wp-content\/uploads\/2026\/01\/mobile-3.jpg\" alt=\"mobile-3\" \/><div class=\"swiper-lazy-preloader\"><\/div><\/figure><\/div><div class=\"swiper-slide\" role=\"group\" aria-roledescription=\"slide\" aria-label=\"5 von 6\"><figure class=\"swiper-slide-inner\"><img class=\"swiper-slide-image swiper-lazy\" data-src=\"https:\/\/cleanbreaks.net\/wp-content\/uploads\/2026\/01\/mobile-6.jpg\" alt=\"mobile-6\" \/><div class=\"swiper-lazy-preloader\"><\/div><\/figure><\/div><div class=\"swiper-slide\" role=\"group\" aria-roledescription=\"slide\" aria-label=\"6 von 6\"><figure class=\"swiper-slide-inner\"><img class=\"swiper-slide-image swiper-lazy\" data-src=\"https:\/\/cleanbreaks.net\/wp-content\/uploads\/2026\/01\/mobile-4.jpg\" alt=\"mobile-4\" \/><div class=\"swiper-lazy-preloader\"><\/div><\/figure><\/div>\t\t\t<\/div>\n\t\t\t\t\t\t\t\n\t\t\t\t\t\t\t\t\t<\/div>\n\t\t\t\t\t\t<\/div>\n\t\t\t\t<\/div>\n\t\t<div class=\"elementor-element elementor-element-effdf6b e-con-full elementor-hidden-mobile e-flex e-con e-parent\" data-id=\"effdf6b\" data-element_type=\"container\" data-settings=\"{&quot;background_background&quot;:&quot;classic&quot;}\">\n\t\t\t\t<div class=\"elementor-element elementor-element-abd346b elementor-widget elementor-widget-heading\" data-id=\"abd346b\" data-element_type=\"widget\" data-widget_type=\"heading.default\">\n\t\t\t\t\t<h1 class=\"elementor-heading-title elementor-size-default\">2026 Programmdaten<\/h1>\t\t\t\t<\/div>\n\t\t\t\t<div class=\"elementor-element elementor-element-49f3e1d elementor-widget elementor-widget-button\" data-id=\"49f3e1d\" data-element_type=\"widget\" data-widget_type=\"button.default\">\n\t\t\t\t\t\t\t\t\t\t<a class=\"elementor-button elementor-button-link elementor-size-sm\" href=\"#welcome\">\n\t\t\t\t\t\t<span class=\"elementor-button-content-wrapper\">\n\t\t\t\t\t\t\t\t\t<span class=\"elementor-button-text\">Mehr erfahren<\/span>\n\t\t\t\t\t<\/span>\n\t\t\t\t\t<\/a>\n\t\t\t\t\t\t\t\t<\/div>\n\t\t\t\t<\/div>\n\t\t<div class=\"elementor-element elementor-element-c8fbd60 e-flex e-con-boxed e-con e-parent\" data-id=\"c8fbd60\" data-element_type=\"container\" id=\"welcome\">\n\t\t\t\t\t<div class=\"e-con-inner\">\n\t\t\t\t<div class=\"elementor-element elementor-element-a2b6bb7 elementor-widget elementor-widget-heading\" data-id=\"a2b6bb7\" data-element_type=\"widget\" data-widget_type=\"heading.default\">\n\t\t\t\t\t<h2 class=\"elementor-heading-title elementor-size-default\"><br>Programm Termine<\/h2>\t\t\t\t<\/div>\n\t\t\t\t<div class=\"elementor-element elementor-element-fa52b7c elementor-widget elementor-widget-text-editor\" data-id=\"fa52b7c\" data-element_type=\"widget\" data-widget_type=\"text-editor.default\">\n\t\t\t\t\t\t\t\t\t<p><strong>Unsere Entgiftungsprogramme laufen das ganze Jahr \u00fcber und bieten sorgf\u00e4ltig geplante Gelegenheiten, um sich zu erholen, neue Energie zu tanken und sich auf Ihr Wohlbefinden zu konzentrieren.  <\/strong><\/p><p>Jedes Retreat ist darauf ausgerichtet, die nat\u00fcrlichen Reinigungsprozesse des K\u00f6rpers zu unterst\u00fctzen und das Gleichgewicht durch Ern\u00e4hrung, Bewegung, Ruhe und achtsame Praktiken wiederherzustellen. Unten finden Sie die n\u00e4chsten Termine, damit Sie das Retreat ausw\u00e4hlen k\u00f6nnen, das am besten in Ihren Zeitplan passt, und Ihre Reise zu neuer Energie und Klarheit beginnen k\u00f6nnen. <\/p>\t\t\t\t\t\t\t\t<\/div>\n\t\t<div class=\"elementor-element elementor-element-0a01088 e-con-full e-flex e-con e-child\" data-id=\"0a01088\" data-element_type=\"container\">\n\t\t\t\t<div class=\"elementor-element elementor-element-4a5bf77 elementor-align-left elementor-mobile-align-justify elementor-widget elementor-widget-button\" data-id=\"4a5bf77\" data-element_type=\"widget\" data-widget_type=\"button.default\">\n\t\t\t\t\t\t\t\t\t\t<a class=\"elementor-button elementor-button-link elementor-size-sm\" href=\"https:\/\/jonnyrapp.com\/work\/detox\/the-hotel\/\">\n\t\t\t\t\t\t<span class=\"elementor-button-content-wrapper\">\n\t\t\t\t\t\t\t\t\t<span class=\"elementor-button-text\">Das Iberostar Hotel<\/span>\n\t\t\t\t\t<\/span>\n\t\t\t\t\t<\/a>\n\t\t\t\t\t\t\t\t<\/div>\n\t\t\t\t<div class=\"elementor-element elementor-element-ea927cd elementor-align-left elementor-mobile-align-justify elementor-widget elementor-widget-button\" data-id=\"ea927cd\" data-element_type=\"widget\" data-widget_type=\"button.default\">\n\t\t\t\t\t\t\t\t\t\t<a class=\"elementor-button elementor-button-link elementor-size-sm\" href=\"https:\/\/jonnyrapp.com\/work\/detox\/de\/detox-programm\/\">\n\t\t\t\t\t\t<span class=\"elementor-button-content-wrapper\">\n\t\t\t\t\t\t\t\t\t<span class=\"elementor-button-text\">Das Detox-Programm<\/span>\n\t\t\t\t\t<\/span>\n\t\t\t\t\t<\/a>\n\t\t\t\t\t\t\t\t<\/div>\n\t\t\t\t<\/div>\n\t\t\t\t\t<\/div>\n\t\t\t\t<\/div>\n\t\t<div class=\"elementor-element elementor-element-d69df21 e-con-full e-flex e-con e-parent\" data-id=\"d69df21\" data-element_type=\"container\">\n\t\t<div class=\"elementor-element elementor-element-7c3b901 e-con-full e-flex e-con e-child\" data-id=\"7c3b901\" data-element_type=\"container\" data-settings=\"{&quot;background_background&quot;:&quot;classic&quot;}\">\n\t\t\t\t<div class=\"elementor-element elementor-element-edd72ba elementor-widget elementor-widget-text-editor\" data-id=\"edd72ba\" data-element_type=\"widget\" data-widget_type=\"text-editor.default\">\n\t\t\t\t\t\t\t\t\t<h3 style=\"color: #ffffff; text-align: center;\">Programmtermine 2026<\/h3><p style=\"text-align: center;\">Bitte klicken Sie auf ein beliebiges Datum unten, um uns eine WhatsApp-Nachricht zu senden<\/p>\t\t\t\t\t\t\t\t<\/div>\n\t\t<div class=\"elementor-element elementor-element-66ee87d e-grid e-con-boxed e-con e-child\" data-id=\"66ee87d\" data-element_type=\"container\">\n\t\t\t\t\t<div class=\"e-con-inner\">\n\t\t\t\t<div class=\"elementor-element elementor-element-c9538ca elementor-widget elementor-widget-text-editor\" data-id=\"c9538ca\" data-element_type=\"widget\" data-widget_type=\"text-editor.default\">\n\t\t\t\t\t\t\t\t\t<div class=\"\"><strong><a href=\"https:\/\/wa.me\/34616530721?text=Sat%2018%20April%20%E2%80%93%20Sun%2026%20April\">Sa 18 April &#8211; So 26 April<\/a><\/strong><\/div><div class=\"\"><hr \/><a href=\"https:\/\/wa.me\/34616530721?text=Sun%2026%20April%20%E2%80%93%20Mon%204%20May\"><b class=\"\">So., 26. April \u2013 Mo., 4. Mai<\/b><\/a><\/div><div class=\"\"><hr \/><a href=\"https:\/\/wa.me\/34616530721?text=Sun%2010%20May%20%E2%80%93%20Mon%2018%20May\"><b class=\"\">So., 10. Mai \u2013 Mo., 18. Mai<\/b><\/a><\/div><div class=\"\"><hr \/><a href=\"https:\/\/wa.me\/34616530721?text=Sun%2024%20May%20%E2%80%93%20Mon%201%20June\"><b class=\"\">So., 24. Mai \u2013 Mo., 1. Juni<\/b><\/a><\/div><div class=\"\"><hr \/><a href=\"https:\/\/wa.me\/34616530721?text=Sun%207%20June%20%E2%80%93%20Mon%2015%20June\"><b class=\"\">So., 7. Juni \u2013 Mo., 15. Juni<\/b><\/a><b class=\"\"><\/b><\/div>\t\t\t\t\t\t\t\t<\/div>\n\t\t\t\t<div class=\"elementor-element elementor-element-b7900c2 elementor-widget elementor-widget-text-editor\" data-id=\"b7900c2\" data-element_type=\"widget\" data-widget_type=\"text-editor.default\">\n\t\t\t\t\t\t\t\t\t<div class=\"\"><strong><a href=\"https:\/\/wa.me\/34616530721?text=Sun%2021%20June%20%E2%80%93%20Mon%2029%20June\">So., 21. Juni \u2013 Mo., 29. Juni<\/a><\/strong><\/div>\n<div class=\"\">\n\n<hr>\n\n<a href=\"https:\/\/wa.me\/34616530721?text=Sun%205%20July%20%E2%80%93%20Mon%2013%20July\"><b class=\"\">So., 5. Juli \u2013 Mo., 13. Juli<\/b><\/a>\n\n<\/div>\n<div class=\"\">\n\n<hr>\n\n<a href=\"https:\/\/wa.me\/34616530721?text=Sun%2019%20July%20%E2%80%93%20Mon%2027%20July\"><b class=\"\">So., 19. Juli \u2013 Mo., 27. Juli<\/b><\/a>\n\n<\/div>\n<div class=\"\">\n\n<hr>\n\n<a href=\"https:\/\/wa.me\/34616530721?text=Sun%202%20August%20%E2%80%93%20Mon%2010%20August\"><b class=\"\">So., 2. August \u2013 Mo., 10. August<\/b><\/a>\n\n<\/div>\n<div class=\"\">\n\n<hr>\n\n<a href=\"https:\/\/wa.me\/34616530721?text=Sun%2016%20August%20%E2%80%93%20Mon%2024%20August\"><b class=\"\">So., 16. August \u2013 Mo., 24. August<\/b><\/a>\n\n<\/div>\t\t\t\t\t\t\t\t<\/div>\n\t\t\t\t<div class=\"elementor-element elementor-element-50baf03 elementor-widget elementor-widget-text-editor\" data-id=\"50baf03\" data-element_type=\"widget\" data-widget_type=\"text-editor.default\">\n\t\t\t\t\t\t\t\t\t<div class=\"\">\n<a href=\"https:\/\/wa.me\/34616530721?text=Sun%2030%20August%20%E2%80%93%20Mon%207%20September\"><strong>So., 30. August \u2013 Mo., 7. September<\/strong><\/a>\n\n<\/div>\n<div class=\"\">\n\n<hr>\n\n<a href=\"https:\/\/wa.me\/34616530721?text=Sun%2013%20September%20%E2%80%93%20Mon%2021%20September\"><b class=\"\">So., 13. September \u2013 Mo., 21. September<\/b><\/a>\n\n<\/div>\n<div class=\"\">\n\n<hr>\n\n<a href=\"https:\/\/wa.me\/34616530721?text=Sun%2027%20September%20%E2%80%93%20Mon%205%20October\"><b class=\"\">So., 27. September \u2013 Mo., 5. Oktober<\/b><\/a>\n\n<\/div>\n<div class=\"\">\n\n<hr>\n\n<a href=\"https:\/\/wa.me\/34616530721?text=Sun%2011%20September%20%E2%80%93%20Mon%2019%20October\"><b class=\"\">So., 11. Oktober \u2013 Mo., 19. Oktober<\/b><\/a>\n\n<\/div>\n<div class=\"\">\n\n<hr>\n\n<a href=\"https:\/\/wa.me\/34616530721?text=Sun%2025%20October%20%E2%80%93%20Mon%202%20November\"><b class=\"\">So., 25. Oktober \u2013 Mo., 2. November<\/b><\/a>\n\n<\/div>\t\t\t\t\t\t\t\t<\/div>\n\t\t\t\t\t<\/div>\n\t\t\t\t<\/div>\n\t\t<div class=\"elementor-element elementor-element-a915141 e-flex e-con-boxed e-con e-child\" data-id=\"a915141\" data-element_type=\"container\">\n\t\t\t\t\t<div class=\"e-con-inner\">\n\t\t\t\t<div class=\"elementor-element elementor-element-94ba577 elementor-widget elementor-widget-text-editor\" data-id=\"94ba577\" data-element_type=\"widget\" data-widget_type=\"text-editor.default\">\n\t\t\t\t\t\t\t\t\t<p><b class=\"\">Bitte beachten Sie: Das Fasten dauert volle sieben Tage, aber Sie reisen am Tag vor Beginn des Fastens an und am Morgen nach Ende des Fastens ab (insgesamt 8 N\u00e4chte, Abreise am 9. Tag). <\/b><b class=\"\">Wenn Sie das 4-Tage-Detox-Programm durchf\u00fchren m\u00f6chten, muss dieses innerhalb der oben genannten Termine des 7-Tage-Detox-Programms stattfinden. Dies beinhaltet 5 \u00dcbernachtungen im Hotel mit Abreise am 6. Tag.<\/b><\/p>\t\t\t\t\t\t\t\t<\/div>\n\t\t\t\t\t<\/div>\n\t\t\t\t<\/div>\n\t\t\t\t<\/div>\n\t\t\t\t<\/div>\n\t\t<div class=\"elementor-element elementor-element-8002d38 e-con-full e-flex e-con e-parent\" data-id=\"8002d38\" data-element_type=\"container\" data-settings=\"{&quot;background_background&quot;:&quot;classic&quot;}\">\n\t\t\t\t<\/div>\n\t\t<div class=\"elementor-element elementor-element-50f8756 e-flex e-con-boxed e-con e-parent\" data-id=\"50f8756\" data-element_type=\"container\">\n\t\t\t\t\t<div class=\"e-con-inner\">\n\t\t\t\t<div class=\"elementor-element elementor-element-ef69dc5 elementor-widget elementor-widget-text-editor\" data-id=\"ef69dc5\" data-element_type=\"widget\" data-widget_type=\"text-editor.default\">\n\t\t\t\t\t\t\t\t\tDie Unterkunft kann direkt \u00fcber das Hotel gebucht werden. Senden Sie eine E-Mail an: jar.rec@iberostar.com und man wird die Unterkunft f\u00fcr Sie buchen und die Zahlung erfolgt direkt an das Hotel bei der Ankunft, oder Sie k\u00f6nnen \u00fcber die Iberostar-Website grandhotelportalsnous.com\n\n buchen.\t\t\t\t\t\t\t\t<\/div>\n\t\t<div class=\"elementor-element elementor-element-62c60eb e-con-full e-flex e-con e-child\" data-id=\"62c60eb\" data-element_type=\"container\">\n\t\t\t\t<div class=\"elementor-element elementor-element-e7d4c0e elementor-align-left elementor-mobile-align-justify elementor-widget elementor-widget-button\" data-id=\"e7d4c0e\" data-element_type=\"widget\" data-widget_type=\"button.default\">\n\t\t\t\t\t\t\t\t\t\t<a class=\"elementor-button elementor-button-link elementor-size-sm\" href=\"https:\/\/jonnyrapp.com\/work\/detox\/de\/kontakt\/\">\n\t\t\t\t\t\t<span class=\"elementor-button-content-wrapper\">\n\t\t\t\t\t\t\t\t\t<span class=\"elementor-button-text\">Kontaktieren Sie uns heute<\/span>\n\t\t\t\t\t<\/span>\n\t\t\t\t\t<\/a>\n\t\t\t\t\t\t\t\t<\/div>\n\t\t\t\t<div class=\"elementor-element elementor-element-060b529 elementor-align-left elementor-mobile-align-justify elementor-widget elementor-widget-button\" data-id=\"060b529\" data-element_type=\"widget\" data-widget_type=\"button.default\">\n\t\t\t\t\t\t\t\t\t\t<a class=\"elementor-button elementor-button-link elementor-size-sm\" href=\"#elementor-action%3Aaction%3Dpopup%3Aopen%26settings%3DeyJpZCI6OTQ4LCJ0b2dnbGUiOmZhbHNlfQ%3D%3D\">\n\t\t\t\t\t\t<span class=\"elementor-button-content-wrapper\">\n\t\t\t\t\t\t\t\t\t<span class=\"elementor-button-text\">Buchung &amp; Anfragen<\/span>\n\t\t\t\t\t<\/span>\n\t\t\t\t\t<\/a>\n\t\t\t\t\t\t\t\t<\/div>\n\t\t\t\t<\/div>\n\t\t\t\t\t<\/div>\n\t\t\t\t<\/div>\n\t\t\t\t<\/div>\n\t\t","protected":false},"excerpt":{"rendered":"<p>2026 Programmdaten Mehr erfahren Programm Termine Unsere Entgiftungsprogramme laufen das ganze Jahr \u00fcber und bieten sorgf\u00e4ltig geplante Gelegenheiten, um sich zu erholen, neue Energie zu tanken und sich auf Ihr Wohlbefinden zu konzentrieren. Jedes Retreat ist darauf ausgerichtet, die nat\u00fcrlichen Reinigungsprozesse des K\u00f6rpers zu unterst\u00fctzen und das Gleichgewicht durch Ern\u00e4hrung, Bewegung, Ruhe und achtsame Praktiken [&hellip;]<\/p>\n","protected":false},"author":1,"featured_media":0,"parent":0,"menu_order":0,"comment_status":"closed","ping_status":"closed","template":"","meta":{"footnotes":""},"class_list":["post-900","page","type-page","status-publish","hentry"],"yoast_head":"<!-- This site is optimized with the Yoast SEO plugin v27.3 - https:\/\/yoast.com\/product\/yoast-seo-wordpress\/ -->\n<title>Daten - Dynamic Detox with Raaul Cohen<\/title>\n<meta name=\"robots\" content=\"index, follow, max-snippet:-1, max-image-preview:large, max-video-preview:-1\" \/>\n<link rel=\"canonical\" href=\"https:\/\/cleanbreaks.net\/de\/daten\/\" \/>\n<meta property=\"og:locale\" content=\"de_DE\" \/>\n<meta property=\"og:type\" content=\"article\" \/>\n<meta property=\"og:title\" content=\"Daten - Dynamic Detox with Raaul Cohen\" \/>\n<meta property=\"og:description\" content=\"2026 Programmdaten Mehr erfahren Programm Termine Unsere Entgiftungsprogramme laufen das ganze Jahr \u00fcber und bieten sorgf\u00e4ltig geplante Gelegenheiten, um sich zu erholen, neue Energie zu tanken und sich auf Ihr Wohlbefinden zu konzentrieren. Jedes Retreat ist darauf ausgerichtet, die nat\u00fcrlichen Reinigungsprozesse des K\u00f6rpers zu unterst\u00fctzen und das Gleichgewicht durch Ern\u00e4hrung, Bewegung, Ruhe und achtsame Praktiken [&hellip;]\" \/>\n<meta property=\"og:url\" content=\"https:\/\/cleanbreaks.net\/de\/daten\/\" \/>\n<meta property=\"og:site_name\" content=\"Dynamic Detox with Raaul Cohen\" \/>\n<meta property=\"article:modified_time\" content=\"2026-03-18T12:44:07+00:00\" \/>\n<meta property=\"og:image\" content=\"https:\/\/cleanbreaks.net\/wp-content\/uploads\/2026\/01\/mobile-2.jpg\" \/>\n<meta name=\"twitter:card\" content=\"summary_large_image\" \/>\n<meta name=\"twitter:label1\" content=\"Gesch\u00e4tzte Lesezeit\" \/>\n\t<meta name=\"twitter:data1\" content=\"1\u00a0Minute\" \/>\n<script type=\"application\/ld+json\" class=\"yoast-schema-graph\">{\"@context\":\"https:\\\/\\\/schema.org\",\"@graph\":[{\"@type\":\"WebPage\",\"@id\":\"https:\\\/\\\/cleanbreaks.net\\\/de\\\/daten\\\/\",\"url\":\"https:\\\/\\\/cleanbreaks.net\\\/de\\\/daten\\\/\",\"name\":\"Daten - Dynamic Detox with Raaul Cohen\",\"isPartOf\":{\"@id\":\"https:\\\/\\\/cleanbreaks.net\\\/de\\\/#website\"},\"primaryImageOfPage\":{\"@id\":\"https:\\\/\\\/cleanbreaks.net\\\/de\\\/daten\\\/#primaryimage\"},\"image\":{\"@id\":\"https:\\\/\\\/cleanbreaks.net\\\/de\\\/daten\\\/#primaryimage\"},\"thumbnailUrl\":\"https:\\\/\\\/cleanbreaks.net\\\/wp-content\\\/uploads\\\/2026\\\/01\\\/mobile-2.jpg\",\"datePublished\":\"2026-03-16T15:55:18+00:00\",\"dateModified\":\"2026-03-18T12:44:07+00:00\",\"breadcrumb\":{\"@id\":\"https:\\\/\\\/cleanbreaks.net\\\/de\\\/daten\\\/#breadcrumb\"},\"inLanguage\":\"de\",\"potentialAction\":[{\"@type\":\"ReadAction\",\"target\":[\"https:\\\/\\\/cleanbreaks.net\\\/de\\\/daten\\\/\"]}]},{\"@type\":\"ImageObject\",\"inLanguage\":\"de\",\"@id\":\"https:\\\/\\\/cleanbreaks.net\\\/de\\\/daten\\\/#primaryimage\",\"url\":\"https:\\\/\\\/cleanbreaks.net\\\/wp-content\\\/uploads\\\/2026\\\/01\\\/mobile-2.jpg\",\"contentUrl\":\"https:\\\/\\\/cleanbreaks.net\\\/wp-content\\\/uploads\\\/2026\\\/01\\\/mobile-2.jpg\"},{\"@type\":\"BreadcrumbList\",\"@id\":\"https:\\\/\\\/cleanbreaks.net\\\/de\\\/daten\\\/#breadcrumb\",\"itemListElement\":[{\"@type\":\"ListItem\",\"position\":1,\"name\":\"Home\",\"item\":\"https:\\\/\\\/cleanbreaks.net\\\/de\\\/startseite\\\/\"},{\"@type\":\"ListItem\",\"position\":2,\"name\":\"Daten\"}]},{\"@type\":\"WebSite\",\"@id\":\"https:\\\/\\\/cleanbreaks.net\\\/de\\\/#website\",\"url\":\"https:\\\/\\\/cleanbreaks.net\\\/de\\\/\",\"name\":\"Dynamic Detox with Raaul Cohen\",\"description\":\"\",\"potentialAction\":[{\"@type\":\"SearchAction\",\"target\":{\"@type\":\"EntryPoint\",\"urlTemplate\":\"https:\\\/\\\/cleanbreaks.net\\\/de\\\/?s={search_term_string}\"},\"query-input\":{\"@type\":\"PropertyValueSpecification\",\"valueRequired\":true,\"valueName\":\"search_term_string\"}}],\"inLanguage\":\"de\"}]}<\/script>\n<!-- \/ Yoast SEO plugin. -->","yoast_head_json":{"title":"Daten - Dynamic Detox with Raaul Cohen","robots":{"index":"index","follow":"follow","max-snippet":"max-snippet:-1","max-image-preview":"max-image-preview:large","max-video-preview":"max-video-preview:-1"},"canonical":"https:\/\/cleanbreaks.net\/de\/daten\/","og_locale":"de_DE","og_type":"article","og_title":"Daten - Dynamic Detox with Raaul Cohen","og_description":"2026 Programmdaten Mehr erfahren Programm Termine Unsere Entgiftungsprogramme laufen das ganze Jahr \u00fcber und bieten sorgf\u00e4ltig geplante Gelegenheiten, um sich zu erholen, neue Energie zu tanken und sich auf Ihr Wohlbefinden zu konzentrieren. Jedes Retreat ist darauf ausgerichtet, die nat\u00fcrlichen Reinigungsprozesse des K\u00f6rpers zu unterst\u00fctzen und das Gleichgewicht durch Ern\u00e4hrung, Bewegung, Ruhe und achtsame Praktiken [&hellip;]","og_url":"https:\/\/cleanbreaks.net\/de\/daten\/","og_site_name":"Dynamic Detox with Raaul Cohen","article_modified_time":"2026-03-18T12:44:07+00:00","og_image":[{"url":"https:\/\/cleanbreaks.net\/wp-content\/uploads\/2026\/01\/mobile-2.jpg","type":"","width":"","height":""}],"twitter_card":"summary_large_image","twitter_misc":{"Gesch\u00e4tzte Lesezeit":"1\u00a0Minute"},"schema":{"@context":"https:\/\/schema.org","@graph":[{"@type":"WebPage","@id":"https:\/\/cleanbreaks.net\/de\/daten\/","url":"https:\/\/cleanbreaks.net\/de\/daten\/","name":"Daten - Dynamic Detox with Raaul Cohen","isPartOf":{"@id":"https:\/\/cleanbreaks.net\/de\/#website"},"primaryImageOfPage":{"@id":"https:\/\/cleanbreaks.net\/de\/daten\/#primaryimage"},"image":{"@id":"https:\/\/cleanbreaks.net\/de\/daten\/#primaryimage"},"thumbnailUrl":"https:\/\/cleanbreaks.net\/wp-content\/uploads\/2026\/01\/mobile-2.jpg","datePublished":"2026-03-16T15:55:18+00:00","dateModified":"2026-03-18T12:44:07+00:00","breadcrumb":{"@id":"https:\/\/cleanbreaks.net\/de\/daten\/#breadcrumb"},"inLanguage":"de","potentialAction":[{"@type":"ReadAction","target":["https:\/\/cleanbreaks.net\/de\/daten\/"]}]},{"@type":"ImageObject","inLanguage":"de","@id":"https:\/\/cleanbreaks.net\/de\/daten\/#primaryimage","url":"https:\/\/cleanbreaks.net\/wp-content\/uploads\/2026\/01\/mobile-2.jpg","contentUrl":"https:\/\/cleanbreaks.net\/wp-content\/uploads\/2026\/01\/mobile-2.jpg"},{"@type":"BreadcrumbList","@id":"https:\/\/cleanbreaks.net\/de\/daten\/#breadcrumb","itemListElement":[{"@type":"ListItem","position":1,"name":"Home","item":"https:\/\/cleanbreaks.net\/de\/startseite\/"},{"@type":"ListItem","position":2,"name":"Daten"}]},{"@type":"WebSite","@id":"https:\/\/cleanbreaks.net\/de\/#website","url":"https:\/\/cleanbreaks.net\/de\/","name":"Dynamic Detox with Raaul Cohen","description":"","potentialAction":[{"@type":"SearchAction","target":{"@type":"EntryPoint","urlTemplate":"https:\/\/cleanbreaks.net\/de\/?s={search_term_string}"},"query-input":{"@type":"PropertyValueSpecification","valueRequired":true,"valueName":"search_term_string"}}],"inLanguage":"de"}]}},"_links":{"self":[{"href":"https:\/\/cleanbreaks.net\/de\/wp-json\/wp\/v2\/pages\/900","targetHints":{"allow":["GET"]}}],"collection":[{"href":"https:\/\/cleanbreaks.net\/de\/wp-json\/wp\/v2\/pages"}],"about":[{"href":"https:\/\/cleanbreaks.net\/de\/wp-json\/wp\/v2\/types\/page"}],"author":[{"embeddable":true,"href":"https:\/\/cleanbreaks.net\/de\/wp-json\/wp\/v2\/users\/1"}],"replies":[{"embeddable":true,"href":"https:\/\/cleanbreaks.net\/de\/wp-json\/wp\/v2\/comments?post=900"}],"version-history":[{"count":11,"href":"https:\/\/cleanbreaks.net\/de\/wp-json\/wp\/v2\/pages\/900\/revisions"}],"predecessor-version":[{"id":941,"href":"https:\/\/cleanbreaks.net\/de\/wp-json\/wp\/v2\/pages\/900\/revisions\/941"}],"wp:attachment":[{"href":"https:\/\/cleanbreaks.net\/de\/wp-json\/wp\/v2\/media?parent=900"}],"curies":[{"name":"wp","href":"https:\/\/api.w.org\/{rel}","templated":true}]}}