{"id":915,"date":"2026-01-05T09:58:49","date_gmt":"2026-01-05T09:58:49","guid":{"rendered":"https:\/\/jonnyrapp.com\/work\/detox\/raaul-cohen\/"},"modified":"2026-03-18T12:03:29","modified_gmt":"2026-03-18T12:03:29","slug":"raaul-cohen","status":"publish","type":"page","link":"https:\/\/cleanbreaks.net\/de\/raaul-cohen\/","title":{"rendered":"Raaul Cohen"},"content":{"rendered":"\t\t<div data-elementor-type=\"wp-page\" data-elementor-id=\"915\" class=\"elementor elementor-915 elementor-37\" data-elementor-post-type=\"page\">\n\t\t\t\t<div class=\"elementor-element elementor-element-24771ad e-grid e-con-boxed e-con e-parent\" data-id=\"24771ad\" data-element_type=\"container\">\n\t\t\t\t\t<div class=\"e-con-inner\">\n\t\t\t\t<div class=\"elementor-element elementor-element-fa6a566 elementor-widget elementor-widget-image\" data-id=\"fa6a566\" data-element_type=\"widget\" data-widget_type=\"image.default\">\n\t\t\t\t\t\t\t\t\t\t\t\t\t\t\t<img fetchpriority=\"high\" decoding=\"async\" width=\"683\" height=\"1024\" src=\"https:\/\/cleanbreaks.net\/wp-content\/uploads\/2026\/02\/raaul_leor_cohen-683x1024.jpg\" class=\"attachment-large size-large wp-image-914\" alt=\"\" srcset=\"https:\/\/cleanbreaks.net\/wp-content\/uploads\/2026\/02\/raaul_leor_cohen-683x1024.jpg 683w, https:\/\/cleanbreaks.net\/wp-content\/uploads\/2026\/02\/raaul_leor_cohen-200x300.jpg 200w, https:\/\/cleanbreaks.net\/wp-content\/uploads\/2026\/02\/raaul_leor_cohen-768x1152.jpg 768w, https:\/\/cleanbreaks.net\/wp-content\/uploads\/2026\/02\/raaul_leor_cohen.jpg 1024w\" sizes=\"(max-width: 683px) 100vw, 683px\" \/>\t\t\t\t\t\t\t\t\t\t\t\t\t\t\t<\/div>\n\t\t\t\t<div class=\"elementor-element elementor-element-218ca65 elementor-widget elementor-widget-text-editor\" data-id=\"218ca65\" data-element_type=\"widget\" data-widget_type=\"text-editor.default\">\n\t\t\t\t\t\t\t\t\t<h1><span style=\"color: #0d9fdc;\">Raaul Cohen<\/span><\/h1><h3>BSc, ARCH, BCMA, BCN, CNHC<\/h3><div class=\"inner\"><p>Er ist zu diskret, um Namen zu nennen, aber <strong>Schauspieler, Politiker und Prominente haben ihm die T\u00fcr eingerannt<\/strong> und ihm eine internationale Kundschaft beschert. Im Jahr 2000 wurde er von der Vogue zu einem der besten Ern\u00e4hrungsberater ernannt. Im Jahr 1994 begann Raaul, Entgiftungskuren in einem Luxushotel in Schottland durchzuf\u00fchren. Als sich die Ergebnisse seiner Arbeit in den Medien und auf seinem bevorzugten Weg, den <strong>Empfehlungen zufriedener Kunden<\/strong>, herumsprachen, kam er immer mehr zu der \u00dcberzeugung, dass ein mildes Klima den Entgiftungsprozess unterst\u00fctzen k\u00f6nnte. <strong>So wurde das <a contenteditable=\"false\" href=\"https:\/\/cleanbreaks.net\/en\/the-programme\/\">Dynamic Detox Programm<\/a> auf Mallorca geboren<\/strong>.   <\/p><p>Raaul studierte vier Jahre lang Medizin am Royal Free Hospital in London, bevor sein wachsendes Interesse an einem ganzheitlichen Ansatz ihn zu komplement\u00e4ren Therapien \u00fcbergehen lie\u00df. Er erwarb einen BSc in Mikrobiologie mit Betriebswirtschaftslehre an der University of London. Anschlie\u00dfend lie\u00df er sich als Kolon-Hydro-Therapeut registrieren und erwarb ein Diplom in Naturheilkunde an der Westminster University.  <\/p><p>Raaul ist Mitglied der Association and <strong>Register of Colonic Hydrotherapists<\/strong> (ARCH), der <strong>British Complementary Medicine Association<\/strong> (BCMA) und des<strong>Complementary and Natural Healthcare Council<\/strong> (CNHC) und ist au\u00dferdem qualifiziert, Bluttests f\u00fcr Allergien durchzuf\u00fchren.<\/p><p><strong>Raauls Praxis f\u00fcr Colon-Hydro-Therapie im Norden Londons zog Kunden aus der ganzen Welt an.<\/strong> \u00dcber seine Arbeit wurde in internationalen und nationalen Medien berichtet, darunter <strong>The Sunday Times, The Daily Telegraph, Vogue, Health &amp; Fitness, Prima<\/strong> und <strong>GQ Active <\/strong>, und er trat auf BBC1 mit Ruby Wax in &#8222;Ruby&#8217;s Health Quest&#8220; auf.<\/p><p>Raaul h\u00e4lt Vorlesungen an Universit\u00e4ten sowie Krankenpflegeschulen und Gesundheitszentren und gilt als <strong>Autorit\u00e4t auf dem Gebiet der Colon-Hydro-Therapie, Ern\u00e4hrung und Entgiftungsprogramme.<\/strong><\/p><p>Raaul zog im Dezember 1999 nach Mallorca, wo er sein Leben weiterhin der Heilung von Patienten durch seine Arbeit mit Colon-Hydro-Therapie, alternativer Medizin, Behandlungen und seinem <strong>kraftvollen Genesungsprogramm, dem <a contenteditable=\"false\" href=\"https:\/\/cleanbreaks.net\/en\/the-programme\/\">Dynamic Detox Programm<\/a><\/strong>, widmet und st\u00e4ndig nach neuen Verbesserungen sucht.<\/p><\/div>\t\t\t\t\t\t\t\t<\/div>\n\t\t\t\t\t<\/div>\n\t\t\t\t<\/div>\n\t\t\t\t<\/div>\n\t\t","protected":false},"excerpt":{"rendered":"<p>Raaul Cohen BSc, ARCH, BCMA, BCN, CNHC Er ist zu diskret, um Namen zu nennen, aber Schauspieler, Politiker und Prominente haben ihm die T\u00fcr eingerannt und ihm eine internationale Kundschaft beschert. Im Jahr 2000 wurde er von der Vogue zu einem der besten Ern\u00e4hrungsberater ernannt. Im Jahr 1994 begann Raaul, Entgiftungskuren in einem Luxushotel in [&hellip;]<\/p>\n","protected":false},"author":1,"featured_media":0,"parent":0,"menu_order":0,"comment_status":"closed","ping_status":"closed","template":"","meta":{"footnotes":""},"class_list":["post-915","page","type-page","status-publish","hentry"],"yoast_head":"<!-- This site is optimized with the Yoast SEO plugin v27.3 - https:\/\/yoast.com\/product\/yoast-seo-wordpress\/ -->\n<title>Raaul Cohen - Dynamic Detox with Raaul Cohen<\/title>\n<meta name=\"robots\" content=\"index, follow, max-snippet:-1, max-image-preview:large, max-video-preview:-1\" \/>\n<link rel=\"canonical\" href=\"https:\/\/cleanbreaks.net\/de\/raaul-cohen\/\" \/>\n<meta property=\"og:locale\" content=\"de_DE\" \/>\n<meta property=\"og:type\" content=\"article\" \/>\n<meta property=\"og:title\" content=\"Raaul Cohen - Dynamic Detox with Raaul Cohen\" \/>\n<meta property=\"og:description\" content=\"Raaul Cohen BSc, ARCH, BCMA, BCN, CNHC Er ist zu diskret, um Namen zu nennen, aber Schauspieler, Politiker und Prominente haben ihm die T\u00fcr eingerannt und ihm eine internationale Kundschaft beschert. Im Jahr 2000 wurde er von der Vogue zu einem der besten Ern\u00e4hrungsberater ernannt. Im Jahr 1994 begann Raaul, Entgiftungskuren in einem Luxushotel in [&hellip;]\" \/>\n<meta property=\"og:url\" content=\"https:\/\/cleanbreaks.net\/de\/raaul-cohen\/\" \/>\n<meta property=\"og:site_name\" content=\"Dynamic Detox with Raaul Cohen\" \/>\n<meta property=\"article:modified_time\" content=\"2026-03-18T12:03:29+00:00\" \/>\n<meta property=\"og:image\" content=\"https:\/\/cleanbreaks.net\/wp-content\/uploads\/2026\/02\/raaul_leor_cohen.jpg\" \/>\n\t<meta property=\"og:image:width\" content=\"1024\" \/>\n\t<meta property=\"og:image:height\" content=\"1536\" \/>\n\t<meta property=\"og:image:type\" content=\"image\/jpeg\" \/>\n<meta name=\"twitter:card\" content=\"summary_large_image\" \/>\n<meta name=\"twitter:label1\" content=\"Gesch\u00e4tzte Lesezeit\" \/>\n\t<meta name=\"twitter:data1\" content=\"2\u00a0Minuten\" \/>\n<script type=\"application\/ld+json\" class=\"yoast-schema-graph\">{\"@context\":\"https:\\\/\\\/schema.org\",\"@graph\":[{\"@type\":\"WebPage\",\"@id\":\"https:\\\/\\\/cleanbreaks.net\\\/de\\\/raaul-cohen\\\/\",\"url\":\"https:\\\/\\\/cleanbreaks.net\\\/de\\\/raaul-cohen\\\/\",\"name\":\"Raaul Cohen - Dynamic Detox with Raaul Cohen\",\"isPartOf\":{\"@id\":\"https:\\\/\\\/cleanbreaks.net\\\/de\\\/#website\"},\"primaryImageOfPage\":{\"@id\":\"https:\\\/\\\/cleanbreaks.net\\\/de\\\/raaul-cohen\\\/#primaryimage\"},\"image\":{\"@id\":\"https:\\\/\\\/cleanbreaks.net\\\/de\\\/raaul-cohen\\\/#primaryimage\"},\"thumbnailUrl\":\"https:\\\/\\\/cleanbreaks.net\\\/wp-content\\\/uploads\\\/2026\\\/02\\\/raaul_leor_cohen-683x1024.jpg\",\"datePublished\":\"2026-01-05T09:58:49+00:00\",\"dateModified\":\"2026-03-18T12:03:29+00:00\",\"breadcrumb\":{\"@id\":\"https:\\\/\\\/cleanbreaks.net\\\/de\\\/raaul-cohen\\\/#breadcrumb\"},\"inLanguage\":\"de\",\"potentialAction\":[{\"@type\":\"ReadAction\",\"target\":[\"https:\\\/\\\/cleanbreaks.net\\\/de\\\/raaul-cohen\\\/\"]}]},{\"@type\":\"ImageObject\",\"inLanguage\":\"de\",\"@id\":\"https:\\\/\\\/cleanbreaks.net\\\/de\\\/raaul-cohen\\\/#primaryimage\",\"url\":\"https:\\\/\\\/cleanbreaks.net\\\/wp-content\\\/uploads\\\/2026\\\/02\\\/raaul_leor_cohen-683x1024.jpg\",\"contentUrl\":\"https:\\\/\\\/cleanbreaks.net\\\/wp-content\\\/uploads\\\/2026\\\/02\\\/raaul_leor_cohen-683x1024.jpg\"},{\"@type\":\"BreadcrumbList\",\"@id\":\"https:\\\/\\\/cleanbreaks.net\\\/de\\\/raaul-cohen\\\/#breadcrumb\",\"itemListElement\":[{\"@type\":\"ListItem\",\"position\":1,\"name\":\"Home\",\"item\":\"https:\\\/\\\/cleanbreaks.net\\\/de\\\/startseite\\\/\"},{\"@type\":\"ListItem\",\"position\":2,\"name\":\"Raaul Cohen\"}]},{\"@type\":\"WebSite\",\"@id\":\"https:\\\/\\\/cleanbreaks.net\\\/de\\\/#website\",\"url\":\"https:\\\/\\\/cleanbreaks.net\\\/de\\\/\",\"name\":\"Dynamic Detox with Raaul Cohen\",\"description\":\"\",\"potentialAction\":[{\"@type\":\"SearchAction\",\"target\":{\"@type\":\"EntryPoint\",\"urlTemplate\":\"https:\\\/\\\/cleanbreaks.net\\\/de\\\/?s={search_term_string}\"},\"query-input\":{\"@type\":\"PropertyValueSpecification\",\"valueRequired\":true,\"valueName\":\"search_term_string\"}}],\"inLanguage\":\"de\"}]}<\/script>\n<!-- \/ Yoast SEO plugin. -->","yoast_head_json":{"title":"Raaul Cohen - Dynamic Detox with Raaul Cohen","robots":{"index":"index","follow":"follow","max-snippet":"max-snippet:-1","max-image-preview":"max-image-preview:large","max-video-preview":"max-video-preview:-1"},"canonical":"https:\/\/cleanbreaks.net\/de\/raaul-cohen\/","og_locale":"de_DE","og_type":"article","og_title":"Raaul Cohen - Dynamic Detox with Raaul Cohen","og_description":"Raaul Cohen BSc, ARCH, BCMA, BCN, CNHC Er ist zu diskret, um Namen zu nennen, aber Schauspieler, Politiker und Prominente haben ihm die T\u00fcr eingerannt und ihm eine internationale Kundschaft beschert. Im Jahr 2000 wurde er von der Vogue zu einem der besten Ern\u00e4hrungsberater ernannt. Im Jahr 1994 begann Raaul, Entgiftungskuren in einem Luxushotel in [&hellip;]","og_url":"https:\/\/cleanbreaks.net\/de\/raaul-cohen\/","og_site_name":"Dynamic Detox with Raaul Cohen","article_modified_time":"2026-03-18T12:03:29+00:00","og_image":[{"width":1024,"height":1536,"url":"https:\/\/cleanbreaks.net\/wp-content\/uploads\/2026\/02\/raaul_leor_cohen.jpg","type":"image\/jpeg"}],"twitter_card":"summary_large_image","twitter_misc":{"Gesch\u00e4tzte Lesezeit":"2\u00a0Minuten"},"schema":{"@context":"https:\/\/schema.org","@graph":[{"@type":"WebPage","@id":"https:\/\/cleanbreaks.net\/de\/raaul-cohen\/","url":"https:\/\/cleanbreaks.net\/de\/raaul-cohen\/","name":"Raaul Cohen - Dynamic Detox with Raaul Cohen","isPartOf":{"@id":"https:\/\/cleanbreaks.net\/de\/#website"},"primaryImageOfPage":{"@id":"https:\/\/cleanbreaks.net\/de\/raaul-cohen\/#primaryimage"},"image":{"@id":"https:\/\/cleanbreaks.net\/de\/raaul-cohen\/#primaryimage"},"thumbnailUrl":"https:\/\/cleanbreaks.net\/wp-content\/uploads\/2026\/02\/raaul_leor_cohen-683x1024.jpg","datePublished":"2026-01-05T09:58:49+00:00","dateModified":"2026-03-18T12:03:29+00:00","breadcrumb":{"@id":"https:\/\/cleanbreaks.net\/de\/raaul-cohen\/#breadcrumb"},"inLanguage":"de","potentialAction":[{"@type":"ReadAction","target":["https:\/\/cleanbreaks.net\/de\/raaul-cohen\/"]}]},{"@type":"ImageObject","inLanguage":"de","@id":"https:\/\/cleanbreaks.net\/de\/raaul-cohen\/#primaryimage","url":"https:\/\/cleanbreaks.net\/wp-content\/uploads\/2026\/02\/raaul_leor_cohen-683x1024.jpg","contentUrl":"https:\/\/cleanbreaks.net\/wp-content\/uploads\/2026\/02\/raaul_leor_cohen-683x1024.jpg"},{"@type":"BreadcrumbList","@id":"https:\/\/cleanbreaks.net\/de\/raaul-cohen\/#breadcrumb","itemListElement":[{"@type":"ListItem","position":1,"name":"Home","item":"https:\/\/cleanbreaks.net\/de\/startseite\/"},{"@type":"ListItem","position":2,"name":"Raaul Cohen"}]},{"@type":"WebSite","@id":"https:\/\/cleanbreaks.net\/de\/#website","url":"https:\/\/cleanbreaks.net\/de\/","name":"Dynamic Detox with Raaul Cohen","description":"","potentialAction":[{"@type":"SearchAction","target":{"@type":"EntryPoint","urlTemplate":"https:\/\/cleanbreaks.net\/de\/?s={search_term_string}"},"query-input":{"@type":"PropertyValueSpecification","valueRequired":true,"valueName":"search_term_string"}}],"inLanguage":"de"}]}},"_links":{"self":[{"href":"https:\/\/cleanbreaks.net\/de\/wp-json\/wp\/v2\/pages\/915","targetHints":{"allow":["GET"]}}],"collection":[{"href":"https:\/\/cleanbreaks.net\/de\/wp-json\/wp\/v2\/pages"}],"about":[{"href":"https:\/\/cleanbreaks.net\/de\/wp-json\/wp\/v2\/types\/page"}],"author":[{"embeddable":true,"href":"https:\/\/cleanbreaks.net\/de\/wp-json\/wp\/v2\/users\/1"}],"replies":[{"embeddable":true,"href":"https:\/\/cleanbreaks.net\/de\/wp-json\/wp\/v2\/comments?post=915"}],"version-history":[{"count":1,"href":"https:\/\/cleanbreaks.net\/de\/wp-json\/wp\/v2\/pages\/915\/revisions"}],"predecessor-version":[{"id":916,"href":"https:\/\/cleanbreaks.net\/de\/wp-json\/wp\/v2\/pages\/915\/revisions\/916"}],"wp:attachment":[{"href":"https:\/\/cleanbreaks.net\/de\/wp-json\/wp\/v2\/media?parent=915"}],"curies":[{"name":"wp","href":"https:\/\/api.w.org\/{rel}","templated":true}]}}