{"id":928,"date":"2026-01-05T09:58:25","date_gmt":"2026-01-05T09:58:25","guid":{"rendered":"https:\/\/jonnyrapp.com\/work\/detox\/detox-programm\/"},"modified":"2026-04-08T06:35:03","modified_gmt":"2026-04-08T06:35:03","slug":"detox-programm","status":"publish","type":"page","link":"https:\/\/cleanbreaks.net\/de\/detox-programm\/","title":{"rendered":"Detox-Programm"},"content":{"rendered":"\t\t<div data-elementor-type=\"wp-page\" data-elementor-id=\"928\" class=\"elementor elementor-928 elementor-33\" data-elementor-post-type=\"page\">\n\t\t\t\t<div class=\"elementor-element elementor-element-b5ba76b e-con-full e-flex e-con e-parent\" data-id=\"b5ba76b\" data-element_type=\"container\">\n\t\t\t\t<div class=\"elementor-element elementor-element-6d1b870 elementor-hidden-tablet elementor-hidden-desktop elementor-widget elementor-widget-image-carousel\" data-id=\"6d1b870\" data-element_type=\"widget\" data-settings=\"{&quot;slides_to_show&quot;:&quot;1&quot;,&quot;navigation&quot;:&quot;none&quot;,&quot;lazyload&quot;:&quot;yes&quot;,&quot;effect&quot;:&quot;fade&quot;,&quot;autoplay&quot;:&quot;yes&quot;,&quot;pause_on_hover&quot;:&quot;yes&quot;,&quot;pause_on_interaction&quot;:&quot;yes&quot;,&quot;autoplay_speed&quot;:5000,&quot;infinite&quot;:&quot;yes&quot;,&quot;speed&quot;:500}\" data-widget_type=\"image-carousel.default\">\n\t\t\t\t\t\t\t<div class=\"elementor-image-carousel-wrapper swiper\" role=\"region\" aria-roledescription=\"carousel\" aria-label=\"Image Carousel\" dir=\"ltr\">\n\t\t\t<div class=\"elementor-image-carousel swiper-wrapper swiper-image-stretch\" aria-live=\"off\">\n\t\t\t\t\t\t\t\t<div class=\"swiper-slide\" role=\"group\" aria-roledescription=\"slide\" aria-label=\"1 von 6\"><figure class=\"swiper-slide-inner\"><img class=\"swiper-slide-image swiper-lazy\" data-src=\"https:\/\/cleanbreaks.net\/wp-content\/uploads\/2026\/03\/hotel-detox-mallorca.jpg\" alt=\"hotel-detox-mallorca\" \/><div class=\"swiper-lazy-preloader\"><\/div><\/figure><\/div><div class=\"swiper-slide\" role=\"group\" aria-roledescription=\"slide\" aria-label=\"2 von 6\"><figure class=\"swiper-slide-inner\"><img class=\"swiper-slide-image swiper-lazy\" data-src=\"https:\/\/cleanbreaks.net\/wp-content\/uploads\/2026\/01\/mobile-1.jpg\" alt=\"mobile-1\" \/><div class=\"swiper-lazy-preloader\"><\/div><\/figure><\/div><div class=\"swiper-slide\" role=\"group\" aria-roledescription=\"slide\" aria-label=\"3 von 6\"><figure class=\"swiper-slide-inner\"><img class=\"swiper-slide-image swiper-lazy\" data-src=\"https:\/\/cleanbreaks.net\/wp-content\/uploads\/2026\/01\/mobile-2.jpg\" alt=\"mobile-2\" \/><div class=\"swiper-lazy-preloader\"><\/div><\/figure><\/div><div class=\"swiper-slide\" role=\"group\" aria-roledescription=\"slide\" aria-label=\"4 von 6\"><figure class=\"swiper-slide-inner\"><img class=\"swiper-slide-image swiper-lazy\" data-src=\"https:\/\/cleanbreaks.net\/wp-content\/uploads\/2026\/01\/mobile-3.jpg\" alt=\"mobile-3\" \/><div class=\"swiper-lazy-preloader\"><\/div><\/figure><\/div><div class=\"swiper-slide\" role=\"group\" aria-roledescription=\"slide\" aria-label=\"5 von 6\"><figure class=\"swiper-slide-inner\"><img class=\"swiper-slide-image swiper-lazy\" data-src=\"https:\/\/cleanbreaks.net\/wp-content\/uploads\/2026\/01\/mobile-6.jpg\" alt=\"mobile-6\" \/><div class=\"swiper-lazy-preloader\"><\/div><\/figure><\/div><div class=\"swiper-slide\" role=\"group\" aria-roledescription=\"slide\" aria-label=\"6 von 6\"><figure class=\"swiper-slide-inner\"><img class=\"swiper-slide-image swiper-lazy\" data-src=\"https:\/\/cleanbreaks.net\/wp-content\/uploads\/2026\/01\/mobile-4.jpg\" alt=\"mobile-4\" \/><div class=\"swiper-lazy-preloader\"><\/div><\/figure><\/div>\t\t\t<\/div>\n\t\t\t\t\t\t\t\n\t\t\t\t\t\t\t\t\t<\/div>\n\t\t\t\t\t\t<\/div>\n\t\t\t\t<\/div>\n\t\t<div class=\"elementor-element elementor-element-effdf6b e-con-full elementor-hidden-mobile e-flex e-con e-parent\" data-id=\"effdf6b\" data-element_type=\"container\" data-settings=\"{&quot;background_background&quot;:&quot;classic&quot;}\">\n\t\t\t\t<div class=\"elementor-element elementor-element-abd346b elementor-widget elementor-widget-heading\" data-id=\"abd346b\" data-element_type=\"widget\" data-widget_type=\"heading.default\">\n\t\t\t\t\t<h1 class=\"elementor-heading-title elementor-size-default\">F\u00fchlen Sie sich j\u00fcnger und ges\u00fcnder<\/h1>\t\t\t\t<\/div>\n\t\t\t\t<div class=\"elementor-element elementor-element-49f3e1d elementor-widget elementor-widget-button\" data-id=\"49f3e1d\" data-element_type=\"widget\" data-widget_type=\"button.default\">\n\t\t\t\t\t\t\t\t\t\t<a class=\"elementor-button elementor-button-link elementor-size-sm\" href=\"#welcome\">\n\t\t\t\t\t\t<span class=\"elementor-button-content-wrapper\">\n\t\t\t\t\t\t\t\t\t<span class=\"elementor-button-text\">Mehr erfahren<\/span>\n\t\t\t\t\t<\/span>\n\t\t\t\t\t<\/a>\n\t\t\t\t\t\t\t\t<\/div>\n\t\t\t\t<\/div>\n\t\t<div class=\"elementor-element elementor-element-c8fbd60 e-flex e-con-boxed e-con e-parent\" data-id=\"c8fbd60\" data-element_type=\"container\" id=\"welcome\">\n\t\t\t\t\t<div class=\"e-con-inner\">\n\t\t\t\t<div class=\"elementor-element elementor-element-a2b6bb7 elementor-widget elementor-widget-heading\" data-id=\"a2b6bb7\" data-element_type=\"widget\" data-widget_type=\"heading.default\">\n\t\t\t\t\t<h2 class=\"elementor-heading-title elementor-size-default\">Das Detox-Programm<\/h2>\t\t\t\t<\/div>\n\t\t\t\t<div class=\"elementor-element elementor-element-fa52b7c elementor-widget elementor-widget-text-editor\" data-id=\"fa52b7c\" data-element_type=\"widget\" data-widget_type=\"text-editor.default\">\n\t\t\t\t\t\t\t\t\t<p><strong>Das \u201eDynamic Detox\u201c-Programm wirkt auf mehreren Ebenen. Es nutzt die ern\u00e4hrungsphysiologischen Vorteile von frischem Obst und Gem\u00fcse in ihrer wirksamsten und am besten verwertbaren Form. Gleichzeitig reinigt es das Verdauungssystem sanft von angesammelten Schlacken. Da nur wenige Menschen genug Wasser trinken, um den K\u00f6rper ausreichend mit Fl\u00fcssigkeit zu versorgen, gleicht das \u201eDynamic Detox\u201c-Programm zudem den Fl\u00fcssigkeitshaushalt aus.   <\/strong><\/p><p>Das Programm beginnt mit einer umfassenden medizinischen Untersuchung durch einen Arzt in der Harley Street f\u00fcr Kunden aus dem Vereinigten K\u00f6nigreich oder durch einen Arzt in Ihrem Heimatland. Eine Woche lang verzichten Sie auf feste Nahrung und nehmen stattdessen dreimal t\u00e4glich frische Bio-Gem\u00fcse- und Fruchts\u00e4fte sowie Vitamin- und Mineralstoffpr\u00e4parate und Entschlackungsgetr\u00e4nke zu sich. Eine t\u00e4gliche Darmsp\u00fclung unterst\u00fctzt den Entschlackungsprozess.  <\/p><p>\u00dcberraschenderweise stellen die meisten Kunden fest, dass sie w\u00e4hrend der Saftfastenkur keinen besonderen Hunger versp\u00fcren und den Verzicht auf ihre \u00fcblichen Genussmittel wie Tee und Kaffee gar nicht bemerken. Die Ergebnisse k\u00f6nnen spektakul\u00e4r sein: hartn\u00e4ckige Hautprobleme verschwinden, das Energieniveau steigt, die geistige Klarheit verbessert sich, Mundgeruch verschwindet, Schmerzen werden gelindert und chronische Verstopfung geheilt. Teilnehmer berichten von Linderung bei langj\u00e4hrigem Asthma, Verdauungsproblemen, Hefepilzinfektionen (Candida) und nat\u00fcrlich schmilzt unerw\u00fcnschtes Gewicht dahin.  <\/p><p><strong>Unabh\u00e4ngig davon, aus welchen Gr\u00fcnden sie an dem Programm teilnehmen, berichten die Teilnehmer, dass sie sich j\u00fcnger, ges\u00fcnder und energiegeladener f\u00fchlen und sich \u00fcber die Komplimente ihrer Freunde freuen, wie gut sie aussehen!<\/strong><\/p>\t\t\t\t\t\t\t\t<\/div>\n\t\t<div class=\"elementor-element elementor-element-0a01088 e-con-full e-flex e-con e-child\" data-id=\"0a01088\" data-element_type=\"container\">\n\t\t\t\t<div class=\"elementor-element elementor-element-4a5bf77 elementor-align-left elementor-mobile-align-justify elementor-widget elementor-widget-button\" data-id=\"4a5bf77\" data-element_type=\"widget\" data-widget_type=\"button.default\">\n\t\t\t\t\t\t\t\t\t\t<a class=\"elementor-button elementor-button-link elementor-size-sm\" href=\"https:\/\/jonnyrapp.com\/work\/detox\/the-hotel\/\">\n\t\t\t\t\t\t<span class=\"elementor-button-content-wrapper\">\n\t\t\t\t\t\t\t\t\t<span class=\"elementor-button-text\">Das Iberostar Hotel<\/span>\n\t\t\t\t\t<\/span>\n\t\t\t\t\t<\/a>\n\t\t\t\t\t\t\t\t<\/div>\n\t\t\t\t<div class=\"elementor-element elementor-element-ea927cd elementor-align-left elementor-mobile-align-justify elementor-widget elementor-widget-button\" data-id=\"ea927cd\" data-element_type=\"widget\" data-widget_type=\"button.default\">\n\t\t\t\t\t\t\t\t\t\t<a class=\"elementor-button elementor-button-link elementor-size-sm\" href=\"#elementor-action%3Aaction%3Dpopup%3Aopen%26settings%3DeyJpZCI6OTQ4LCJ0b2dnbGUiOmZhbHNlfQ%3D%3D\">\n\t\t\t\t\t\t<span class=\"elementor-button-content-wrapper\">\n\t\t\t\t\t\t\t\t\t<span class=\"elementor-button-text\">Buchung &amp; Anfragen<\/span>\n\t\t\t\t\t<\/span>\n\t\t\t\t\t<\/a>\n\t\t\t\t\t\t\t\t<\/div>\n\t\t\t\t<\/div>\n\t\t\t\t\t<\/div>\n\t\t\t\t<\/div>\n\t\t<div class=\"elementor-element elementor-element-8002d38 e-con-full e-flex e-con e-parent\" data-id=\"8002d38\" data-element_type=\"container\" data-settings=\"{&quot;background_background&quot;:&quot;classic&quot;}\">\n\t\t\t\t<\/div>\n\t\t<div class=\"elementor-element elementor-element-6ef7d0d e-flex e-con-boxed e-con e-parent\" data-id=\"6ef7d0d\" data-element_type=\"container\">\n\t\t\t\t\t<div class=\"e-con-inner\">\n\t\t\t\t<div class=\"elementor-element elementor-element-e02ca4c elementor-widget elementor-widget-heading\" data-id=\"e02ca4c\" data-element_type=\"widget\" data-widget_type=\"heading.default\">\n\t\t\t\t\t<h2 class=\"elementor-heading-title elementor-size-default\">Das Entgiftungsprogramm umfasst:<\/h2>\t\t\t\t<\/div>\n\t\t\t\t<div class=\"elementor-element elementor-element-829673d elementor-widget elementor-widget-text-editor\" data-id=\"829673d\" data-element_type=\"widget\" id=\"styled-list\" data-widget_type=\"text-editor.default\">\n\t\t\t\t\t\t\t\t\t<ul style=\"padding-left: 0; margin-left: 0;\"><li><strong>Initial medical consultation by Raaul Cohen<\/strong><\/li><li><strong>T\u00e4gliche Darmbehandlungen und Kaffeeeinl\u00e4ufe (7 Tage), die alle von Raaul durchgef\u00fchrt werden<\/strong><\/li><li><strong>Alle Nahrungserg\u00e4nzungsmittel, Reinigungsbehandlungen, Vitamine und die erforderliche Ausr\u00fcstung<\/strong><\/li><li><strong>Destilliertes Wasser<\/strong><\/li><li><strong>Individuelle Ern\u00e4hrungsempfehlungen und Erhaltungsprogramme<\/strong><\/li><li><strong>Rund um die Uhr unter \u00e4rztlicher Aufsicht<\/strong><\/li><\/ul><h3>7-t\u00e4giges Entgiftungsprogramm 1.850 \u20ac<\/h3><h3>4 day detox programme 950\u20ac<\/h3><p>Die Gruppen im Programm sind auf maximal 6 Teilnehmer begrenzt, was eine intensive pers\u00f6nliche Betreuung und t\u00e4gliche Einzelberatungen mit Raaul erm\u00f6glicht. Das Fasten dauert volle sieben Tage, doch Sie reisen bereits am Tag vor Beginn der Entgiftungskur an und reisen am Tag nach dem morgendlichen Fastenbrechen ab, sodass sich der Aufenthalt auf insgesamt 8 N\u00e4chte und 9 Tage bel\u00e4uft. Auf Anfrage k\u00f6nnen auch l\u00e4ngere oder k\u00fcrzere Programme vereinbart werden.  <\/p><p>Auch spezielle Ern\u00e4hrungsbed\u00fcrfnisse k\u00f6nnen ber\u00fccksichtigt werden. (Einwohner Mallorcas k\u00f6nnen das Programm zu Hause absolvieren und t\u00e4glich zur Behandlung in die Klinik kommen.) <\/p>\t\t\t\t\t\t\t\t<\/div>\n\t\t<div class=\"elementor-element elementor-element-b5cd11d e-con-full e-flex e-con e-child\" data-id=\"b5cd11d\" data-element_type=\"container\">\n\t\t\t\t<div class=\"elementor-element elementor-element-5af00c2 elementor-align-left elementor-mobile-align-justify elementor-widget elementor-widget-button\" data-id=\"5af00c2\" data-element_type=\"widget\" data-widget_type=\"button.default\">\n\t\t\t\t\t\t\t\t\t\t<a class=\"elementor-button elementor-button-link elementor-size-sm\" href=\"https:\/\/jonnyrapp.com\/work\/detox\/the-hotel\/\">\n\t\t\t\t\t\t<span class=\"elementor-button-content-wrapper\">\n\t\t\t\t\t\t\t\t\t<span class=\"elementor-button-text\">Das Iberostar Hotel<\/span>\n\t\t\t\t\t<\/span>\n\t\t\t\t\t<\/a>\n\t\t\t\t\t\t\t\t<\/div>\n\t\t\t\t<div class=\"elementor-element elementor-element-d7bb04d elementor-align-left elementor-mobile-align-justify elementor-widget elementor-widget-button\" data-id=\"d7bb04d\" data-element_type=\"widget\" data-widget_type=\"button.default\">\n\t\t\t\t\t\t\t\t\t\t<a class=\"elementor-button elementor-button-link elementor-size-sm\" href=\"#elementor-action%3Aaction%3Dpopup%3Aopen%26settings%3DeyJpZCI6OTQ4LCJ0b2dnbGUiOmZhbHNlfQ%3D%3D\">\n\t\t\t\t\t\t<span class=\"elementor-button-content-wrapper\">\n\t\t\t\t\t\t\t\t\t<span class=\"elementor-button-text\">Buchung &amp; Anfragen<\/span>\n\t\t\t\t\t<\/span>\n\t\t\t\t\t<\/a>\n\t\t\t\t\t\t\t\t<\/div>\n\t\t\t\t<\/div>\n\t\t\t\t\t<\/div>\n\t\t\t\t<\/div>\n\t\t<div class=\"elementor-element elementor-element-df95a32 e-con-full e-flex e-con e-parent\" data-id=\"df95a32\" data-element_type=\"container\" data-settings=\"{&quot;background_background&quot;:&quot;classic&quot;}\">\n\t\t\t\t<\/div>\n\t\t<div class=\"elementor-element elementor-element-50f8756 e-flex e-con-boxed e-con e-parent\" data-id=\"50f8756\" data-element_type=\"container\">\n\t\t\t\t\t<div class=\"e-con-inner\">\n\t\t\t\t<div class=\"elementor-element elementor-element-ef69dc5 elementor-widget elementor-widget-text-editor\" data-id=\"ef69dc5\" data-element_type=\"widget\" data-widget_type=\"text-editor.default\">\n\t\t\t\t\t\t\t\t\tDie Unterkunft kann direkt \u00fcber das Hotel gebucht werden. Senden Sie eine E-Mail an: jar.rec@iberostar.com und man wird die Unterkunft f\u00fcr Sie buchen und die Zahlung erfolgt direkt an das Hotel bei der Ankunft, oder Sie k\u00f6nnen \u00fcber die Iberostar-Website grandhotelportalsnous.com\n\n<strong>Die Unterkunft ist nicht im Programm enthalten<\/strong>\t\t\t\t\t\t\t\t<\/div>\n\t\t<div class=\"elementor-element elementor-element-62c60eb e-con-full e-flex e-con e-child\" data-id=\"62c60eb\" data-element_type=\"container\">\n\t\t\t\t<div class=\"elementor-element elementor-element-e7d4c0e elementor-align-left elementor-mobile-align-justify elementor-widget elementor-widget-button\" data-id=\"e7d4c0e\" data-element_type=\"widget\" data-widget_type=\"button.default\">\n\t\t\t\t\t\t\t\t\t\t<a class=\"elementor-button elementor-button-link elementor-size-sm\" href=\"https:\/\/jonnyrapp.com\/work\/detox\/contact\/\">\n\t\t\t\t\t\t<span class=\"elementor-button-content-wrapper\">\n\t\t\t\t\t\t\t\t\t<span class=\"elementor-button-text\">Kontaktieren Sie uns heute<\/span>\n\t\t\t\t\t<\/span>\n\t\t\t\t\t<\/a>\n\t\t\t\t\t\t\t\t<\/div>\n\t\t\t\t<div class=\"elementor-element elementor-element-060b529 elementor-align-left elementor-mobile-align-justify elementor-widget elementor-widget-button\" data-id=\"060b529\" data-element_type=\"widget\" data-widget_type=\"button.default\">\n\t\t\t\t\t\t\t\t\t\t<a class=\"elementor-button elementor-button-link elementor-size-sm\" href=\"#elementor-action%3Aaction%3Dpopup%3Aopen%26settings%3DeyJpZCI6OTQ4LCJ0b2dnbGUiOmZhbHNlfQ%3D%3D\">\n\t\t\t\t\t\t<span class=\"elementor-button-content-wrapper\">\n\t\t\t\t\t\t\t\t\t<span class=\"elementor-button-text\">Buchung &amp; Anfragen<\/span>\n\t\t\t\t\t<\/span>\n\t\t\t\t\t<\/a>\n\t\t\t\t\t\t\t\t<\/div>\n\t\t\t\t<\/div>\n\t\t\t\t\t<\/div>\n\t\t\t\t<\/div>\n\t\t\t\t<\/div>\n\t\t","protected":false},"excerpt":{"rendered":"<p>F\u00fchlen Sie sich j\u00fcnger und ges\u00fcnder Mehr erfahren Das Detox-Programm Das \u201eDynamic Detox\u201c-Programm wirkt auf mehreren Ebenen. Es nutzt die ern\u00e4hrungsphysiologischen Vorteile von frischem Obst und Gem\u00fcse in ihrer wirksamsten und am besten verwertbaren Form. Gleichzeitig reinigt es das Verdauungssystem sanft von angesammelten Schlacken. Da nur wenige Menschen genug Wasser trinken, um den K\u00f6rper ausreichend [&hellip;]<\/p>\n","protected":false},"author":1,"featured_media":0,"parent":0,"menu_order":0,"comment_status":"closed","ping_status":"closed","template":"","meta":{"footnotes":""},"class_list":["post-928","page","type-page","status-publish","hentry"],"yoast_head":"<!-- This site is optimized with the Yoast SEO plugin v27.3 - https:\/\/yoast.com\/product\/yoast-seo-wordpress\/ -->\n<title>Detox-Programm - Dynamic Detox with Raaul Cohen<\/title>\n<meta name=\"robots\" content=\"index, follow, max-snippet:-1, max-image-preview:large, max-video-preview:-1\" \/>\n<link rel=\"canonical\" href=\"https:\/\/cleanbreaks.net\/de\/detox-programm\/\" \/>\n<meta property=\"og:locale\" content=\"de_DE\" \/>\n<meta property=\"og:type\" content=\"article\" \/>\n<meta property=\"og:title\" content=\"Detox-Programm - Dynamic Detox with Raaul Cohen\" \/>\n<meta property=\"og:description\" content=\"F\u00fchlen Sie sich j\u00fcnger und ges\u00fcnder Mehr erfahren Das Detox-Programm Das \u201eDynamic Detox\u201c-Programm wirkt auf mehreren Ebenen. Es nutzt die ern\u00e4hrungsphysiologischen Vorteile von frischem Obst und Gem\u00fcse in ihrer wirksamsten und am besten verwertbaren Form. Gleichzeitig reinigt es das Verdauungssystem sanft von angesammelten Schlacken. Da nur wenige Menschen genug Wasser trinken, um den K\u00f6rper ausreichend [&hellip;]\" \/>\n<meta property=\"og:url\" content=\"https:\/\/cleanbreaks.net\/de\/detox-programm\/\" \/>\n<meta property=\"og:site_name\" content=\"Dynamic Detox with Raaul Cohen\" \/>\n<meta property=\"article:modified_time\" content=\"2026-04-08T06:35:03+00:00\" \/>\n<meta property=\"og:image\" content=\"https:\/\/cleanbreaks.net\/wp-content\/uploads\/2026\/03\/hotel-detox-mallorca.jpg\" \/>\n<meta name=\"twitter:card\" content=\"summary_large_image\" \/>\n<meta name=\"twitter:label1\" content=\"Gesch\u00e4tzte Lesezeit\" \/>\n\t<meta name=\"twitter:data1\" content=\"2\u00a0Minuten\" \/>\n<script type=\"application\/ld+json\" class=\"yoast-schema-graph\">{\"@context\":\"https:\\\/\\\/schema.org\",\"@graph\":[{\"@type\":\"WebPage\",\"@id\":\"https:\\\/\\\/cleanbreaks.net\\\/de\\\/detox-programm\\\/\",\"url\":\"https:\\\/\\\/cleanbreaks.net\\\/de\\\/detox-programm\\\/\",\"name\":\"Detox-Programm - Dynamic Detox with Raaul Cohen\",\"isPartOf\":{\"@id\":\"https:\\\/\\\/cleanbreaks.net\\\/de\\\/#website\"},\"primaryImageOfPage\":{\"@id\":\"https:\\\/\\\/cleanbreaks.net\\\/de\\\/detox-programm\\\/#primaryimage\"},\"image\":{\"@id\":\"https:\\\/\\\/cleanbreaks.net\\\/de\\\/detox-programm\\\/#primaryimage\"},\"thumbnailUrl\":\"https:\\\/\\\/cleanbreaks.net\\\/wp-content\\\/uploads\\\/2026\\\/03\\\/hotel-detox-mallorca.jpg\",\"datePublished\":\"2026-01-05T09:58:25+00:00\",\"dateModified\":\"2026-04-08T06:35:03+00:00\",\"breadcrumb\":{\"@id\":\"https:\\\/\\\/cleanbreaks.net\\\/de\\\/detox-programm\\\/#breadcrumb\"},\"inLanguage\":\"de\",\"potentialAction\":[{\"@type\":\"ReadAction\",\"target\":[\"https:\\\/\\\/cleanbreaks.net\\\/de\\\/detox-programm\\\/\"]}]},{\"@type\":\"ImageObject\",\"inLanguage\":\"de\",\"@id\":\"https:\\\/\\\/cleanbreaks.net\\\/de\\\/detox-programm\\\/#primaryimage\",\"url\":\"https:\\\/\\\/cleanbreaks.net\\\/wp-content\\\/uploads\\\/2026\\\/03\\\/hotel-detox-mallorca.jpg\",\"contentUrl\":\"https:\\\/\\\/cleanbreaks.net\\\/wp-content\\\/uploads\\\/2026\\\/03\\\/hotel-detox-mallorca.jpg\"},{\"@type\":\"BreadcrumbList\",\"@id\":\"https:\\\/\\\/cleanbreaks.net\\\/de\\\/detox-programm\\\/#breadcrumb\",\"itemListElement\":[{\"@type\":\"ListItem\",\"position\":1,\"name\":\"Home\",\"item\":\"https:\\\/\\\/cleanbreaks.net\\\/de\\\/startseite\\\/\"},{\"@type\":\"ListItem\",\"position\":2,\"name\":\"Detox-Programm\"}]},{\"@type\":\"WebSite\",\"@id\":\"https:\\\/\\\/cleanbreaks.net\\\/de\\\/#website\",\"url\":\"https:\\\/\\\/cleanbreaks.net\\\/de\\\/\",\"name\":\"Dynamic Detox with Raaul Cohen\",\"description\":\"\",\"potentialAction\":[{\"@type\":\"SearchAction\",\"target\":{\"@type\":\"EntryPoint\",\"urlTemplate\":\"https:\\\/\\\/cleanbreaks.net\\\/de\\\/?s={search_term_string}\"},\"query-input\":{\"@type\":\"PropertyValueSpecification\",\"valueRequired\":true,\"valueName\":\"search_term_string\"}}],\"inLanguage\":\"de\"}]}<\/script>\n<!-- \/ Yoast SEO plugin. -->","yoast_head_json":{"title":"Detox-Programm - Dynamic Detox with Raaul Cohen","robots":{"index":"index","follow":"follow","max-snippet":"max-snippet:-1","max-image-preview":"max-image-preview:large","max-video-preview":"max-video-preview:-1"},"canonical":"https:\/\/cleanbreaks.net\/de\/detox-programm\/","og_locale":"de_DE","og_type":"article","og_title":"Detox-Programm - Dynamic Detox with Raaul Cohen","og_description":"F\u00fchlen Sie sich j\u00fcnger und ges\u00fcnder Mehr erfahren Das Detox-Programm Das \u201eDynamic Detox\u201c-Programm wirkt auf mehreren Ebenen. Es nutzt die ern\u00e4hrungsphysiologischen Vorteile von frischem Obst und Gem\u00fcse in ihrer wirksamsten und am besten verwertbaren Form. Gleichzeitig reinigt es das Verdauungssystem sanft von angesammelten Schlacken. Da nur wenige Menschen genug Wasser trinken, um den K\u00f6rper ausreichend [&hellip;]","og_url":"https:\/\/cleanbreaks.net\/de\/detox-programm\/","og_site_name":"Dynamic Detox with Raaul Cohen","article_modified_time":"2026-04-08T06:35:03+00:00","og_image":[{"url":"https:\/\/cleanbreaks.net\/wp-content\/uploads\/2026\/03\/hotel-detox-mallorca.jpg","type":"","width":"","height":""}],"twitter_card":"summary_large_image","twitter_misc":{"Gesch\u00e4tzte Lesezeit":"2\u00a0Minuten"},"schema":{"@context":"https:\/\/schema.org","@graph":[{"@type":"WebPage","@id":"https:\/\/cleanbreaks.net\/de\/detox-programm\/","url":"https:\/\/cleanbreaks.net\/de\/detox-programm\/","name":"Detox-Programm - Dynamic Detox with Raaul Cohen","isPartOf":{"@id":"https:\/\/cleanbreaks.net\/de\/#website"},"primaryImageOfPage":{"@id":"https:\/\/cleanbreaks.net\/de\/detox-programm\/#primaryimage"},"image":{"@id":"https:\/\/cleanbreaks.net\/de\/detox-programm\/#primaryimage"},"thumbnailUrl":"https:\/\/cleanbreaks.net\/wp-content\/uploads\/2026\/03\/hotel-detox-mallorca.jpg","datePublished":"2026-01-05T09:58:25+00:00","dateModified":"2026-04-08T06:35:03+00:00","breadcrumb":{"@id":"https:\/\/cleanbreaks.net\/de\/detox-programm\/#breadcrumb"},"inLanguage":"de","potentialAction":[{"@type":"ReadAction","target":["https:\/\/cleanbreaks.net\/de\/detox-programm\/"]}]},{"@type":"ImageObject","inLanguage":"de","@id":"https:\/\/cleanbreaks.net\/de\/detox-programm\/#primaryimage","url":"https:\/\/cleanbreaks.net\/wp-content\/uploads\/2026\/03\/hotel-detox-mallorca.jpg","contentUrl":"https:\/\/cleanbreaks.net\/wp-content\/uploads\/2026\/03\/hotel-detox-mallorca.jpg"},{"@type":"BreadcrumbList","@id":"https:\/\/cleanbreaks.net\/de\/detox-programm\/#breadcrumb","itemListElement":[{"@type":"ListItem","position":1,"name":"Home","item":"https:\/\/cleanbreaks.net\/de\/startseite\/"},{"@type":"ListItem","position":2,"name":"Detox-Programm"}]},{"@type":"WebSite","@id":"https:\/\/cleanbreaks.net\/de\/#website","url":"https:\/\/cleanbreaks.net\/de\/","name":"Dynamic Detox with Raaul Cohen","description":"","potentialAction":[{"@type":"SearchAction","target":{"@type":"EntryPoint","urlTemplate":"https:\/\/cleanbreaks.net\/de\/?s={search_term_string}"},"query-input":{"@type":"PropertyValueSpecification","valueRequired":true,"valueName":"search_term_string"}}],"inLanguage":"de"}]}},"_links":{"self":[{"href":"https:\/\/cleanbreaks.net\/de\/wp-json\/wp\/v2\/pages\/928","targetHints":{"allow":["GET"]}}],"collection":[{"href":"https:\/\/cleanbreaks.net\/de\/wp-json\/wp\/v2\/pages"}],"about":[{"href":"https:\/\/cleanbreaks.net\/de\/wp-json\/wp\/v2\/types\/page"}],"author":[{"embeddable":true,"href":"https:\/\/cleanbreaks.net\/de\/wp-json\/wp\/v2\/users\/1"}],"replies":[{"embeddable":true,"href":"https:\/\/cleanbreaks.net\/de\/wp-json\/wp\/v2\/comments?post=928"}],"version-history":[{"count":4,"href":"https:\/\/cleanbreaks.net\/de\/wp-json\/wp\/v2\/pages\/928\/revisions"}],"predecessor-version":[{"id":1050,"href":"https:\/\/cleanbreaks.net\/de\/wp-json\/wp\/v2\/pages\/928\/revisions\/1050"}],"wp:attachment":[{"href":"https:\/\/cleanbreaks.net\/de\/wp-json\/wp\/v2\/media?parent=928"}],"curies":[{"name":"wp","href":"https:\/\/api.w.org\/{rel}","templated":true}]}}