{"id":973,"date":"2026-01-05T09:59:03","date_gmt":"2026-01-05T09:59:03","guid":{"rendered":"https:\/\/jonnyrapp.com\/work\/detox\/kundenstimmen\/"},"modified":"2026-03-18T13:37:08","modified_gmt":"2026-03-18T13:37:08","slug":"kundenstimmen","status":"publish","type":"page","link":"https:\/\/cleanbreaks.net\/de\/kundenstimmen\/","title":{"rendered":"Kundenstimmen"},"content":{"rendered":"\t\t<div data-elementor-type=\"wp-page\" data-elementor-id=\"973\" class=\"elementor elementor-973 elementor-39\" data-elementor-post-type=\"page\">\n\t\t\t\t<div class=\"elementor-element elementor-element-e062c8d e-flex e-con-boxed e-con e-parent\" data-id=\"e062c8d\" data-element_type=\"container\">\n\t\t\t\t\t<div class=\"e-con-inner\">\n\t\t\t\t<div class=\"elementor-element elementor-element-52ba70b elementor-widget elementor-widget-heading\" data-id=\"52ba70b\" data-element_type=\"widget\" data-widget_type=\"heading.default\">\n\t\t\t\t\t<h2 class=\"elementor-heading-title elementor-size-default\">Kundenstimmen<\/h2>\t\t\t\t<\/div>\n\t\t\t\t<div class=\"elementor-element elementor-element-53aae3f elementor-widget elementor-widget-text-editor\" data-id=\"53aae3f\" data-element_type=\"widget\" data-widget_type=\"text-editor.default\">\n\t\t\t\t\t\t\t\t\t<p>Die folgenden Erfahrungsberichte stammen von Menschen, die die transformative Wirkung von Raaul Cohens Entgiftungsprogramm am eigenen Leib erfahren haben. Jede Erfahrungsbericht zeugt von echten Fortschritten, neuer Energie und einer tieferen Verbundenheit mit Gesundheit und Wohlbefinden. <\/p><p>Es ist uns eine Ehre, diese Geschichten \u00fcber Engagement, Ver\u00e4nderung und die nachhaltigen Ergebnisse einer begleiteten, unterst\u00fctzenden Entgiftungskur zu pr\u00e4sentieren.<\/p><p><\/p>\t\t\t\t\t\t\t\t<\/div>\n\t\t\t\t\t<\/div>\n\t\t\t\t<\/div>\n\t\t<div class=\"elementor-element elementor-element-5cc3495 e-flex e-con-boxed e-con e-parent\" data-id=\"5cc3495\" data-element_type=\"container\">\n\t\t\t\t\t<div class=\"e-con-inner\">\n\t\t<div class=\"elementor-element elementor-element-8125452 e-con-full e-flex e-con e-child\" data-id=\"8125452\" data-element_type=\"container\">\n\t\t\t\t<div class=\"elementor-element elementor-element-a6fa23f elementor-widget elementor-widget-text-editor\" data-id=\"a6fa23f\" data-element_type=\"widget\" data-widget_type=\"text-editor.default\">\n\t\t\t\t\t\t\t\t\t<p>\u201eIch wollte Ihnen nur kurz eine E-Mail schreiben, um Ihnen mitzuteilen, wie es mir seit Ihrem Programm ergangen ist. Mit einem Wort \u2013 wunderbar! Ich habe bis heute ELF Kilo abgenommen und f\u00fchle mich fantastisch. Das Leben ist sch\u00f6n. Ich m\u00f6chte mich einfach ganz herzlich f\u00fcr alles bedanken. Ich werde n\u00e4chstes Jahr auf jeden Fall wiederkommen.\u201c<\/p><p><strong>Angela A., UK<\/strong><\/p>\t\t\t\t\t\t\t\t<\/div>\n\t\t\t\t<div class=\"elementor-element elementor-element-1396c8b elementor-widget elementor-widget-text-editor\" data-id=\"1396c8b\" data-element_type=\"widget\" data-widget_type=\"text-editor.default\">\n\t\t\t\t\t\t\t\t\t<p>Oh, danke, Raaul! Ich f\u00fchle mich immer noch wie neu geboren!! Ich ern\u00e4hre mich weiterhin gesund und trinke nach wie vor KEINEN ALKOHOL!! Ich bin sooo gl\u00fccklich, dass ich jetzt Gwenn Version 2 bin \u2026<\/p><p><strong>Gwenn, Palma de Mallorca, Juni 2021<\/strong><\/p>\t\t\t\t\t\t\t\t<\/div>\n\t\t\t\t<div class=\"elementor-element elementor-element-88d12b9 elementor-widget elementor-widget-text-editor\" data-id=\"88d12b9\" data-element_type=\"widget\" data-widget_type=\"text-editor.default\">\n\t\t\t\t\t\t\t\t\t<p>\u201eRaaul, deine Behandlung hat mir geholfen, all die gro\u00dfen Probleme loszuwerden, die ich hatte, als ich zu dir kam. Nicht im Traum h\u00e4tte ich hoffen k\u00f6nnen, von all diesen Beschwerden auf einmal geheilt zu werden, und das alles durch dieselbe Behandlung. Heute ist mir klar, dass das, was du mir bei der ersten Behandlung gesagt hast, absolut richtig war \u2013 dass all diese Gesundheitsprobleme dieselbe Ursache hatten. Meine Heilung von diesen Problemen verlief so schnell und deutlich, dass ich mich nun frage, ob viele der anderen Krankheiten, die Menschen entwickeln, nicht durch denselben Zustand verursacht werden: eine schlechte Darmgesundheit.\u201c<\/p><p><strong>Paul C. Sandison, South Africa<\/strong><\/p>\t\t\t\t\t\t\t\t<\/div>\n\t\t\t\t<\/div>\n\t\t<div class=\"elementor-element elementor-element-6facf4d e-con-full e-flex e-con e-child\" data-id=\"6facf4d\" data-element_type=\"container\">\n\t\t\t\t<div class=\"elementor-element elementor-element-b83fe61 elementor-widget elementor-widget-text-editor\" data-id=\"b83fe61\" data-element_type=\"widget\" data-widget_type=\"text-editor.default\">\n\t\t\t\t\t\t\t\t\t<p>\u201eRaauls Detox-Programm ist das beste, das ich auf meiner weltweiten Suche nach Gesundheit und Wohlbefinden erlebt habe. Das Dynamic Detox Programm revitalisiert mich emotional, k\u00f6rperlich und spirituell und l\u00e4sst mich jedes Mal fantastisch aussehen und f\u00fchlen.\u201c<\/p><p><strong>Alice W., London &amp; Mallorca<\/strong><\/p>\t\t\t\t\t\t\t\t<\/div>\n\t\t\t\t<div class=\"elementor-element elementor-element-99e697a elementor-widget elementor-widget-text-editor\" data-id=\"99e697a\" data-element_type=\"widget\" data-widget_type=\"text-editor.default\">\n\t\t\t\t\t\t\t\t\t<p>\u201eAm Ende der Entgiftungskur stellte ich fest, dass ich eine v\u00f6llig andere Figur hatte \u2013 und ein Gro\u00dfteil des Gewichts, das ich verloren hatte, blieb auch weg. Ich f\u00fchlte mich aufgebl\u00e4ht und belastet. Obwohl die ersten beiden Tage hart waren und ich unter starken Kopfschmerzen litt, gelangte man am dritten Tag ins gelobte Land. Die Wirkung auf mein Energieniveau war \u00fcberw\u00e4ltigend.\u201c<\/p><p><strong>Financial Times<\/strong><\/p>\t\t\t\t\t\t\t\t<\/div>\n\t\t\t\t<div class=\"elementor-element elementor-element-1248810 elementor-widget elementor-widget-text-editor\" data-id=\"1248810\" data-element_type=\"widget\" data-widget_type=\"text-editor.default\">\n\t\t\t\t\t\t\t\t\t<p>\u201eDies ist eine Nachricht von meiner Frau und mir, um Ihnen und Ihrem gesamten Team f\u00fcr das sehr n\u00fctzliche und lehrreiche Programm zu danken, das wir letzte Woche in Ihrer Einrichtung auf Mallorca absolviert haben. Es hat uns dazu gebracht, uns in Bezug auf eine gesunde Lebensweise neu zu entdecken. Wir freuen uns darauf, n\u00e4chstes Jahr wiederzukommen.\u201c<\/p><p><strong>Christopher<\/strong><\/p>\t\t\t\t\t\t\t\t<\/div>\n\t\t\t\t<\/div>\n\t\t<div class=\"elementor-element elementor-element-3001373 e-con-full e-flex e-con e-child\" data-id=\"3001373\" data-element_type=\"container\">\n\t\t\t\t<div class=\"elementor-element elementor-element-f0f65d3 elementor-widget elementor-widget-text-editor\" data-id=\"f0f65d3\" data-element_type=\"widget\" data-widget_type=\"text-editor.default\">\n\t\t\t\t\t\t\t\t\t<p>\u201eNach der Entgiftung f\u00fchle ich mich geistig fitter, innerlich gereinigt und mein Gewicht ist wieder auf dem Stand von vor zehn Jahren. Ich bin beeindruckt, und dank Raauls unsch\u00e4tzbarer Empfehlungen f\u00fcr den Lebensstil nach dem Programm \u2013 und ja, auch dank der gelegentlichen Darmsp\u00fclung \u2013 habe ich vor, so weiterzumachen.\u201c<\/p><p><strong>ABC Mallorca<\/strong><\/p>\t\t\t\t\t\t\t\t<\/div>\n\t\t\t\t<div class=\"elementor-element elementor-element-74ad592 elementor-widget elementor-widget-text-editor\" data-id=\"74ad592\" data-element_type=\"widget\" data-widget_type=\"text-editor.default\">\n\t\t\t\t\t\t\t\t\t<p>\u201eDie Leute sagen uns, wie gut wir aussehen, was sich besonders in unseren strahlenden Augen und unserer strahlenden Haut widerspiegelt \u2013 und wir haben sogar abgenommen! Unsere K\u00f6rper sind fast v\u00f6llig frei von Cellulite, wir f\u00fchlen uns leicht, sch\u00f6n, voller Energie und unglaublich stolz auf uns. Nach neun Tagen haben wir es geschafft!!\u201c<\/p><p><strong>Finest magazine (Mallorca)<\/strong><\/p>\t\t\t\t\t\t\t\t<\/div>\n\t\t\t\t<div class=\"elementor-element elementor-element-1406771 elementor-widget elementor-widget-text-editor\" data-id=\"1406771\" data-element_type=\"widget\" data-widget_type=\"text-editor.default\">\n\t\t\t\t\t\t\t\t\t<p>\u201eGleich nach den sieben Tagen f\u00fchlte ich mich voller Energie, brauchte weniger Schlaf und war wie auf einem Hoch. Ich kann das Programm w\u00e4rmstens empfehlen. Es gab zwar Momente, in denen ich mich fragte, warum ich mir das antue, aber die Vorteile danach sind enorm. Ich war auf einem Darmreinigungs-Hoch und wollte gar nicht mehr davon runterkommen. Und ja, ich w\u00fcrde es wieder tun!\u201c<\/p><p><strong>Islandlife Magazine<\/strong><\/p>\t\t\t\t\t\t\t\t<\/div>\n\t\t\t\t<\/div>\n\t\t\t\t\t<\/div>\n\t\t\t\t<\/div>\n\t\t<div class=\"elementor-element elementor-element-4a1a324 e-flex e-con-boxed e-con e-parent\" data-id=\"4a1a324\" data-element_type=\"container\">\n\t\t\t\t\t<div class=\"e-con-inner\">\n\t\t\t\t<div class=\"elementor-element elementor-element-093c35a elementor-widget elementor-widget-text-editor\" data-id=\"093c35a\" data-element_type=\"widget\" data-widget_type=\"text-editor.default\">\n\t\t\t\t\t\t\t\t\t<p><strong>Sind Sie bereit, Ihre eigene Verwandlung zu beginnen? <\/strong><\/p><p>Wenn Sie wissen m\u00f6chten, wie das Detox-Programm Ihre Gesundheit und Ihr Wohlbefinden f\u00f6rdern kann, laden wir Sie ein, den n\u00e4chsten Schritt zu gehen. Egal, ob Sie Fragen haben, eine individuelle Beratung w\u00fcnschen oder bereit sind, loszulegen \u2013 kontaktieren Sie uns, um mehr \u00fcber die Zusammenarbeit mit Raaul Cohen zu erfahren. Dein Weg zu mehr Klarheit, Leichtigkeit und Energie kann mit einer einfachen Anfrage beginnen.<\/p><p><\/p>\t\t\t\t\t\t\t\t<\/div>\n\t\t<div class=\"elementor-element elementor-element-1bcb1e7 e-con-full e-flex e-con e-child\" data-id=\"1bcb1e7\" data-element_type=\"container\">\n\t\t\t\t<div class=\"elementor-element elementor-element-5747ad8 elementor-align-left elementor-mobile-align-justify elementor-widget elementor-widget-button\" data-id=\"5747ad8\" data-element_type=\"widget\" data-widget_type=\"button.default\">\n\t\t\t\t\t\t\t\t\t\t<a class=\"elementor-button elementor-button-link elementor-size-sm\" href=\"https:\/\/jonnyrapp.com\/work\/detox\/de\/detox-programm\/\">\n\t\t\t\t\t\t<span class=\"elementor-button-content-wrapper\">\n\t\t\t\t\t\t\t\t\t<span class=\"elementor-button-text\">Das Detox-Programm<\/span>\n\t\t\t\t\t<\/span>\n\t\t\t\t\t<\/a>\n\t\t\t\t\t\t\t\t<\/div>\n\t\t\t\t<div class=\"elementor-element elementor-element-1b99833 elementor-align-left elementor-mobile-align-justify elementor-widget elementor-widget-button\" data-id=\"1b99833\" data-element_type=\"widget\" data-widget_type=\"button.default\">\n\t\t\t\t\t\t\t\t\t\t<a class=\"elementor-button elementor-button-link elementor-size-sm\" href=\"#elementor-action%3Aaction%3Dpopup%3Aopen%26settings%3DeyJpZCI6OTQ4LCJ0b2dnbGUiOmZhbHNlfQ%3D%3D\">\n\t\t\t\t\t\t<span class=\"elementor-button-content-wrapper\">\n\t\t\t\t\t\t\t\t\t<span class=\"elementor-button-text\">Buchung &amp; Anfragen<\/span>\n\t\t\t\t\t<\/span>\n\t\t\t\t\t<\/a>\n\t\t\t\t\t\t\t\t<\/div>\n\t\t\t\t<\/div>\n\t\t\t\t\t<\/div>\n\t\t\t\t<\/div>\n\t\t\t\t<\/div>\n\t\t","protected":false},"excerpt":{"rendered":"<p>Kundenstimmen Die folgenden Erfahrungsberichte stammen von Menschen, die die transformative Wirkung von Raaul Cohens Entgiftungsprogramm am eigenen Leib erfahren haben. Jede Erfahrungsbericht zeugt von echten Fortschritten, neuer Energie und einer tieferen Verbundenheit mit Gesundheit und Wohlbefinden. Es ist uns eine Ehre, diese Geschichten \u00fcber Engagement, Ver\u00e4nderung und die nachhaltigen Ergebnisse einer begleiteten, unterst\u00fctzenden Entgiftungskur zu [&hellip;]<\/p>\n","protected":false},"author":1,"featured_media":0,"parent":0,"menu_order":0,"comment_status":"closed","ping_status":"closed","template":"","meta":{"footnotes":""},"class_list":["post-973","page","type-page","status-publish","hentry"],"yoast_head":"<!-- This site is optimized with the Yoast SEO plugin v27.3 - https:\/\/yoast.com\/product\/yoast-seo-wordpress\/ -->\n<title>Kundenstimmen - Dynamic Detox with Raaul Cohen<\/title>\n<meta name=\"robots\" content=\"index, follow, max-snippet:-1, max-image-preview:large, max-video-preview:-1\" \/>\n<link rel=\"canonical\" href=\"https:\/\/cleanbreaks.net\/de\/kundenstimmen\/\" \/>\n<meta property=\"og:locale\" content=\"de_DE\" \/>\n<meta property=\"og:type\" content=\"article\" \/>\n<meta property=\"og:title\" content=\"Kundenstimmen - Dynamic Detox with Raaul Cohen\" \/>\n<meta property=\"og:description\" content=\"Kundenstimmen Die folgenden Erfahrungsberichte stammen von Menschen, die die transformative Wirkung von Raaul Cohens Entgiftungsprogramm am eigenen Leib erfahren haben. Jede Erfahrungsbericht zeugt von echten Fortschritten, neuer Energie und einer tieferen Verbundenheit mit Gesundheit und Wohlbefinden. Es ist uns eine Ehre, diese Geschichten \u00fcber Engagement, Ver\u00e4nderung und die nachhaltigen Ergebnisse einer begleiteten, unterst\u00fctzenden Entgiftungskur zu [&hellip;]\" \/>\n<meta property=\"og:url\" content=\"https:\/\/cleanbreaks.net\/de\/kundenstimmen\/\" \/>\n<meta property=\"og:site_name\" content=\"Dynamic Detox with Raaul Cohen\" \/>\n<meta property=\"article:modified_time\" content=\"2026-03-18T13:37:08+00:00\" \/>\n<meta name=\"twitter:card\" content=\"summary_large_image\" \/>\n<meta name=\"twitter:label1\" content=\"Gesch\u00e4tzte Lesezeit\" \/>\n\t<meta name=\"twitter:data1\" content=\"4\u00a0Minuten\" \/>\n<script type=\"application\/ld+json\" class=\"yoast-schema-graph\">{\"@context\":\"https:\\\/\\\/schema.org\",\"@graph\":[{\"@type\":\"WebPage\",\"@id\":\"https:\\\/\\\/cleanbreaks.net\\\/de\\\/kundenstimmen\\\/\",\"url\":\"https:\\\/\\\/cleanbreaks.net\\\/de\\\/kundenstimmen\\\/\",\"name\":\"Kundenstimmen - Dynamic Detox with Raaul Cohen\",\"isPartOf\":{\"@id\":\"https:\\\/\\\/cleanbreaks.net\\\/de\\\/#website\"},\"datePublished\":\"2026-01-05T09:59:03+00:00\",\"dateModified\":\"2026-03-18T13:37:08+00:00\",\"breadcrumb\":{\"@id\":\"https:\\\/\\\/cleanbreaks.net\\\/de\\\/kundenstimmen\\\/#breadcrumb\"},\"inLanguage\":\"de\",\"potentialAction\":[{\"@type\":\"ReadAction\",\"target\":[\"https:\\\/\\\/cleanbreaks.net\\\/de\\\/kundenstimmen\\\/\"]}]},{\"@type\":\"BreadcrumbList\",\"@id\":\"https:\\\/\\\/cleanbreaks.net\\\/de\\\/kundenstimmen\\\/#breadcrumb\",\"itemListElement\":[{\"@type\":\"ListItem\",\"position\":1,\"name\":\"Home\",\"item\":\"https:\\\/\\\/cleanbreaks.net\\\/de\\\/startseite\\\/\"},{\"@type\":\"ListItem\",\"position\":2,\"name\":\"Kundenstimmen\"}]},{\"@type\":\"WebSite\",\"@id\":\"https:\\\/\\\/cleanbreaks.net\\\/de\\\/#website\",\"url\":\"https:\\\/\\\/cleanbreaks.net\\\/de\\\/\",\"name\":\"Dynamic Detox with Raaul Cohen\",\"description\":\"\",\"potentialAction\":[{\"@type\":\"SearchAction\",\"target\":{\"@type\":\"EntryPoint\",\"urlTemplate\":\"https:\\\/\\\/cleanbreaks.net\\\/de\\\/?s={search_term_string}\"},\"query-input\":{\"@type\":\"PropertyValueSpecification\",\"valueRequired\":true,\"valueName\":\"search_term_string\"}}],\"inLanguage\":\"de\"}]}<\/script>\n<!-- \/ Yoast SEO plugin. -->","yoast_head_json":{"title":"Kundenstimmen - Dynamic Detox with Raaul Cohen","robots":{"index":"index","follow":"follow","max-snippet":"max-snippet:-1","max-image-preview":"max-image-preview:large","max-video-preview":"max-video-preview:-1"},"canonical":"https:\/\/cleanbreaks.net\/de\/kundenstimmen\/","og_locale":"de_DE","og_type":"article","og_title":"Kundenstimmen - Dynamic Detox with Raaul Cohen","og_description":"Kundenstimmen Die folgenden Erfahrungsberichte stammen von Menschen, die die transformative Wirkung von Raaul Cohens Entgiftungsprogramm am eigenen Leib erfahren haben. Jede Erfahrungsbericht zeugt von echten Fortschritten, neuer Energie und einer tieferen Verbundenheit mit Gesundheit und Wohlbefinden. Es ist uns eine Ehre, diese Geschichten \u00fcber Engagement, Ver\u00e4nderung und die nachhaltigen Ergebnisse einer begleiteten, unterst\u00fctzenden Entgiftungskur zu [&hellip;]","og_url":"https:\/\/cleanbreaks.net\/de\/kundenstimmen\/","og_site_name":"Dynamic Detox with Raaul Cohen","article_modified_time":"2026-03-18T13:37:08+00:00","twitter_card":"summary_large_image","twitter_misc":{"Gesch\u00e4tzte Lesezeit":"4\u00a0Minuten"},"schema":{"@context":"https:\/\/schema.org","@graph":[{"@type":"WebPage","@id":"https:\/\/cleanbreaks.net\/de\/kundenstimmen\/","url":"https:\/\/cleanbreaks.net\/de\/kundenstimmen\/","name":"Kundenstimmen - Dynamic Detox with Raaul Cohen","isPartOf":{"@id":"https:\/\/cleanbreaks.net\/de\/#website"},"datePublished":"2026-01-05T09:59:03+00:00","dateModified":"2026-03-18T13:37:08+00:00","breadcrumb":{"@id":"https:\/\/cleanbreaks.net\/de\/kundenstimmen\/#breadcrumb"},"inLanguage":"de","potentialAction":[{"@type":"ReadAction","target":["https:\/\/cleanbreaks.net\/de\/kundenstimmen\/"]}]},{"@type":"BreadcrumbList","@id":"https:\/\/cleanbreaks.net\/de\/kundenstimmen\/#breadcrumb","itemListElement":[{"@type":"ListItem","position":1,"name":"Home","item":"https:\/\/cleanbreaks.net\/de\/startseite\/"},{"@type":"ListItem","position":2,"name":"Kundenstimmen"}]},{"@type":"WebSite","@id":"https:\/\/cleanbreaks.net\/de\/#website","url":"https:\/\/cleanbreaks.net\/de\/","name":"Dynamic Detox with Raaul Cohen","description":"","potentialAction":[{"@type":"SearchAction","target":{"@type":"EntryPoint","urlTemplate":"https:\/\/cleanbreaks.net\/de\/?s={search_term_string}"},"query-input":{"@type":"PropertyValueSpecification","valueRequired":true,"valueName":"search_term_string"}}],"inLanguage":"de"}]}},"_links":{"self":[{"href":"https:\/\/cleanbreaks.net\/de\/wp-json\/wp\/v2\/pages\/973","targetHints":{"allow":["GET"]}}],"collection":[{"href":"https:\/\/cleanbreaks.net\/de\/wp-json\/wp\/v2\/pages"}],"about":[{"href":"https:\/\/cleanbreaks.net\/de\/wp-json\/wp\/v2\/types\/page"}],"author":[{"embeddable":true,"href":"https:\/\/cleanbreaks.net\/de\/wp-json\/wp\/v2\/users\/1"}],"replies":[{"embeddable":true,"href":"https:\/\/cleanbreaks.net\/de\/wp-json\/wp\/v2\/comments?post=973"}],"version-history":[{"count":1,"href":"https:\/\/cleanbreaks.net\/de\/wp-json\/wp\/v2\/pages\/973\/revisions"}],"predecessor-version":[{"id":974,"href":"https:\/\/cleanbreaks.net\/de\/wp-json\/wp\/v2\/pages\/973\/revisions\/974"}],"wp:attachment":[{"href":"https:\/\/cleanbreaks.net\/de\/wp-json\/wp\/v2\/media?parent=973"}],"curies":[{"name":"wp","href":"https:\/\/api.w.org\/{rel}","templated":true}]}}