{"id":1002,"date":"2026-01-05T09:59:03","date_gmt":"2026-01-05T09:59:03","guid":{"rendered":"https:\/\/jonnyrapp.com\/work\/detox\/testimonios\/"},"modified":"2026-03-23T08:59:35","modified_gmt":"2026-03-23T08:59:35","slug":"testimonios","status":"publish","type":"page","link":"https:\/\/cleanbreaks.net\/es\/testimonios\/","title":{"rendered":"Testimonios"},"content":{"rendered":"\t\t<div data-elementor-type=\"wp-page\" data-elementor-id=\"1002\" class=\"elementor elementor-1002 elementor-39\" data-elementor-post-type=\"page\">\n\t\t\t\t<div class=\"elementor-element elementor-element-e062c8d e-flex e-con-boxed e-con e-parent\" data-id=\"e062c8d\" data-element_type=\"container\">\n\t\t\t\t\t<div class=\"e-con-inner\">\n\t\t\t\t<div class=\"elementor-element elementor-element-52ba70b elementor-widget elementor-widget-heading\" data-id=\"52ba70b\" data-element_type=\"widget\" data-widget_type=\"heading.default\">\n\t\t\t\t\t<h2 class=\"elementor-heading-title elementor-size-default\">Testimonios<\/h2>\t\t\t\t<\/div>\n\t\t\t\t<div class=\"elementor-element elementor-element-53aae3f elementor-widget elementor-widget-text-editor\" data-id=\"53aae3f\" data-element_type=\"widget\" data-widget_type=\"text-editor.default\">\n\t\t\t\t\t\t\t\t\t<p>Las experiencias que se comparten a continuaci\u00f3n proceden de personas que han experimentado de primera mano el impacto transformador del Programa de Desintoxicaci\u00f3n de Raaul Cohen. Cada testimonio refleja un progreso real, una energ\u00eda renovada y una conexi\u00f3n m\u00e1s profunda con la salud y el bienestar.  <\/p><p>Es un honor para nosotros compartir estas historias de compromiso, cambio y los resultados duraderos que se obtienen gracias a una experiencia de desintoxicaci\u00f3n guiada y con apoyo.<\/p><p><\/p>\t\t\t\t\t\t\t\t<\/div>\n\t\t\t\t\t<\/div>\n\t\t\t\t<\/div>\n\t\t<div class=\"elementor-element elementor-element-5cc3495 e-flex e-con-boxed e-con e-parent\" data-id=\"5cc3495\" data-element_type=\"container\">\n\t\t\t\t\t<div class=\"e-con-inner\">\n\t\t<div class=\"elementor-element elementor-element-8125452 e-con-full e-flex e-con e-child\" data-id=\"8125452\" data-element_type=\"container\">\n\t\t\t\t<div class=\"elementor-element elementor-element-a6fa23f elementor-widget elementor-widget-text-editor\" data-id=\"a6fa23f\" data-element_type=\"widget\" data-widget_type=\"text-editor.default\">\n\t\t\t\t\t\t\t\t\t<p>\u201cSolo quer\u00eda enviarle un correo electr\u00f3nico para hacerle saber c\u00f3mo ha ido todo desde que hice su programa. En una palabra, \u00a1maravilloso! He perdido ONCE kilos hasta la fecha y me siento fant\u00e1stica. La vida es buena. Solo quiero agradecerle mucho por todo. Definitivamente regresar\u00e9 el pr\u00f3ximo a\u00f1o\u201d<\/p><p><strong>Angela A. Reino Unido<\/strong><\/p>\t\t\t\t\t\t\t\t<\/div>\n\t\t\t\t<div class=\"elementor-element elementor-element-1396c8b elementor-widget elementor-widget-text-editor\" data-id=\"1396c8b\" data-element_type=\"widget\" data-widget_type=\"text-editor.default\">\n\t\t\t\t\t\t\t\t\t<p>\u00a1Oh, gracias, Ra\u00fal! \u00a1Sigo sinti\u00e9ndome como nueva! \u00a1Sigo con una dieta saludable y sigo sin beber alcohol! Estoy tan feliz de haberme convertido en la \u00abGwenn Versi\u00f3n 2\u00bb\u2026   <\/p><p><strong>Gwenn, Palma de Mallorca June 2021<\/strong><\/p>\t\t\t\t\t\t\t\t<\/div>\n\t\t\t\t<div class=\"elementor-element elementor-element-88d12b9 elementor-widget elementor-widget-text-editor\" data-id=\"88d12b9\" data-element_type=\"widget\" data-widget_type=\"text-editor.default\">\n\t\t\t\t\t\t\t\t\t<p>\u00abRa\u00fal, tu tratamiento me ha ayudado a librarme de todos los problemas graves que ten\u00eda cuando acud\u00ed a ti. Ni en mis sue\u00f1os m\u00e1s descabellados habr\u00eda podido esperar curarme de todos ellos a la vez, y adem\u00e1s con el mismo tratamiento. Hoy me resulta evidente que lo que me dijiste durante la primera sesi\u00f3n era totalmente cierto: que todos esos problemas de salud ten\u00edan la misma causa. Mi curaci\u00f3n ha sido tan r\u00e1pida y notable que ahora me pregunto si muchas de las otras enfermedades que padecen las personas no estar\u00e1n causadas por la misma afecci\u00f3n: una mala salud del colon\u00bb.<\/p><p><strong>Paul C. Sandison, South Africa<\/strong><\/p>\t\t\t\t\t\t\t\t<\/div>\n\t\t\t\t<\/div>\n\t\t<div class=\"elementor-element elementor-element-6facf4d e-con-full e-flex e-con e-child\" data-id=\"6facf4d\" data-element_type=\"container\">\n\t\t\t\t<div class=\"elementor-element elementor-element-b83fe61 elementor-widget elementor-widget-text-editor\" data-id=\"b83fe61\" data-element_type=\"widget\" data-widget_type=\"text-editor.default\">\n\t\t\t\t\t\t\t\t\t<p>\u201cEl programa de desintoxicaci\u00f3n de Raaul es el mejor que he experimentado despu\u00e9s de mi b\u00fasqueda global de salud y bienestar. El Programa Dynamic Detox me reinicia emocional, f\u00edsica y espiritualmente y me deja con un aspecto y una sensaci\u00f3n fant\u00e1sticos cada vez\u201d<\/p><p><strong>Alice W, Londres y Mallorca<\/strong><\/p>\t\t\t\t\t\t\t\t<\/div>\n\t\t\t\t<div class=\"elementor-element elementor-element-99e697a elementor-widget elementor-widget-text-editor\" data-id=\"99e697a\" data-element_type=\"widget\" data-widget_type=\"text-editor.default\">\n\t\t\t\t\t\t\t\t\t<p>\u00abAl terminar la desintoxicaci\u00f3n, me di cuenta de que mi figura hab\u00eda cambiado por completo, y gran parte del peso que hab\u00eda perdido no hab\u00eda vuelto a subir. Me sent\u00eda hinchada y con el cuerpo contaminado. Aunque los dos primeros d\u00edas fueron duros, con fuertes dolores de cabeza, al tercer d\u00eda se llega a la tierra prometida. El efecto en mis niveles de energ\u00eda fue asombroso\u00bb.<\/p><p><strong>Financial Times<\/strong><\/p>\t\t\t\t\t\t\t\t<\/div>\n\t\t\t\t<div class=\"elementor-element elementor-element-1248810 elementor-widget elementor-widget-text-editor\" data-id=\"1248810\" data-element_type=\"widget\" data-widget_type=\"text-editor.default\">\n\t\t\t\t\t\t\t\t\t<p>\u201cEsta es una nota de mi esposa y m\u00eda para agradecerle a usted y a todo su equipo por el programa tan beneficioso y educativo que realizamos la semana pasada en sus instalaciones de Mallorca. Nos ha hecho redescubrirnos en lo que respecta a una vida saludable. Esperamos volver el pr\u00f3ximo a\u00f1o\u201d<\/p><p><strong>Christopher<\/strong><\/p>\t\t\t\t\t\t\t\t<\/div>\n\t\t\t\t<\/div>\n\t\t<div class=\"elementor-element elementor-element-3001373 e-con-full e-flex e-con e-child\" data-id=\"3001373\" data-element_type=\"container\">\n\t\t\t\t<div class=\"elementor-element elementor-element-f0f65d3 elementor-widget elementor-widget-text-editor\" data-id=\"f0f65d3\" data-element_type=\"widget\" data-widget_type=\"text-editor.default\">\n\t\t\t\t\t\t\t\t\t<p>\u00abTras la desintoxicaci\u00f3n, me siento m\u00e1s l\u00facido mentalmente, m\u00e1s limpio por dentro y he vuelto a pesar lo que pesaba hace diez a\u00f1os. Estoy impresionado y, gracias a las inestimables recomendaciones de Raaul sobre el estilo de vida tras el programa y \u2014s\u00ed\u2014 incluso a alg\u00fan que otro lavado de colon de vez en cuando, tengo la intenci\u00f3n de seguir as\u00ed\u00bb.<\/p><p><strong>ABC Mallorca<\/strong><\/p>\t\t\t\t\t\t\t\t<\/div>\n\t\t\t\t<div class=\"elementor-element elementor-element-74ad592 elementor-widget elementor-widget-text-editor\" data-id=\"74ad592\" data-element_type=\"widget\" data-widget_type=\"text-editor.default\">\n\t\t\t\t\t\t\t\t\t<p>\u00abLa gente nos dice lo bien que estamos, lo que se nota especialmente en nuestros ojos brillantes, nuestra piel luminosa y \u00a1el peso que hemos perdido! Nuestros cuerpos casi no tienen celulitis, nos sentimos ligeras, guapas, llenas de energ\u00eda y muy orgullosas de nosotras mismas. \u00a1Despu\u00e9s de nueve d\u00edas, lo hemos conseguido!!\u00bb<\/p><p><strong>Finest magazine (Mallorca)<\/strong><\/p>\t\t\t\t\t\t\t\t<\/div>\n\t\t\t\t<div class=\"elementor-element elementor-element-1406771 elementor-widget elementor-widget-text-editor\" data-id=\"1406771\" data-element_type=\"widget\" data-widget_type=\"text-editor.default\">\n\t\t\t\t\t\t\t\t\t<p>\u00abJusto al terminar los siete d\u00edas me sent\u00ed llena de energ\u00eda, sin necesidad de dormir tanto y como en una nube. Recomiendo encarecidamente el programa. Hubo momentos en los que me pregunt\u00e9 por qu\u00e9 me estaba sometiendo a eso, pero los beneficios posteriores son enormes. Estaba en una nube gracias a la hidroterapia de colon y no quer\u00eda que se acabara. Y s\u00ed, \u00a1lo volver\u00eda a hacer!\u00bb.<\/p><p><strong>Islandlife Magazine<\/strong><\/p>\t\t\t\t\t\t\t\t<\/div>\n\t\t\t\t<\/div>\n\t\t\t\t\t<\/div>\n\t\t\t\t<\/div>\n\t\t<div class=\"elementor-element elementor-element-4a1a324 e-flex e-con-boxed e-con e-parent\" data-id=\"4a1a324\" data-element_type=\"container\">\n\t\t\t\t\t<div class=\"e-con-inner\">\n\t\t\t\t<div class=\"elementor-element elementor-element-093c35a elementor-widget elementor-widget-text-editor\" data-id=\"093c35a\" data-element_type=\"widget\" data-widget_type=\"text-editor.default\">\n\t\t\t\t\t\t\t\t\t<p><strong>\u00bfEst\u00e1s listo para empezar tu propia transformaci\u00f3n? <\/strong><\/p><p>If you\u2019re curious about how the Detox Programme can support your health and wellbeing, we invite you to take the next step. Whether you have questions, want personalised guidance, or feel ready to get started, reach out to learn more about working with <span class=\"hover:entity-accent entity-underline inline cursor-pointer align-baseline\"><span class=\"whitespace-normal\">Raaul Cohen<\/span><\/span>. Your journey to feeling clearer, lighter, and more energised can start with a simple enquiry.  <\/p><p><\/p>\t\t\t\t\t\t\t\t<\/div>\n\t\t<div class=\"elementor-element elementor-element-1bcb1e7 e-con-full e-flex e-con e-child\" data-id=\"1bcb1e7\" data-element_type=\"container\">\n\t\t\t\t<div class=\"elementor-element elementor-element-5747ad8 elementor-align-left elementor-mobile-align-justify elementor-widget elementor-widget-button\" data-id=\"5747ad8\" data-element_type=\"widget\" data-widget_type=\"button.default\">\n\t\t\t\t\t\t\t\t\t\t<a class=\"elementor-button elementor-button-link elementor-size-sm\" href=\"https:\/\/jonnyrapp.com\/work\/detox\/es\/programa-de-desintoxicacion\/\">\n\t\t\t\t\t\t<span class=\"elementor-button-content-wrapper\">\n\t\t\t\t\t\t\t\t\t<span class=\"elementor-button-text\">El Programa Detox<\/span>\n\t\t\t\t\t<\/span>\n\t\t\t\t\t<\/a>\n\t\t\t\t\t\t\t\t<\/div>\n\t\t\t\t<div class=\"elementor-element elementor-element-1b99833 elementor-align-left elementor-mobile-align-justify elementor-widget elementor-widget-button\" data-id=\"1b99833\" data-element_type=\"widget\" data-widget_type=\"button.default\">\n\t\t\t\t\t\t\t\t\t\t<a class=\"elementor-button elementor-button-link elementor-size-sm\" href=\"#elementor-action%3Aaction%3Dpopup%3Aopen%26settings%3DeyJpZCI6OTUwLCJ0b2dnbGUiOmZhbHNlfQ%3D%3D\">\n\t\t\t\t\t\t<span class=\"elementor-button-content-wrapper\">\n\t\t\t\t\t\t\t\t\t<span class=\"elementor-button-text\">Reservas y consultas<\/span>\n\t\t\t\t\t<\/span>\n\t\t\t\t\t<\/a>\n\t\t\t\t\t\t\t\t<\/div>\n\t\t\t\t<\/div>\n\t\t\t\t\t<\/div>\n\t\t\t\t<\/div>\n\t\t\t\t<\/div>\n\t\t","protected":false},"excerpt":{"rendered":"<p>Testimonios Las experiencias que se comparten a continuaci\u00f3n proceden de personas que han experimentado de primera mano el impacto transformador del Programa de Desintoxicaci\u00f3n de Raaul Cohen. Cada testimonio refleja un progreso real, una energ\u00eda renovada y una conexi\u00f3n m\u00e1s profunda con la salud y el bienestar. Es un honor para nosotros compartir estas historias [&hellip;]<\/p>\n","protected":false},"author":1,"featured_media":0,"parent":0,"menu_order":0,"comment_status":"closed","ping_status":"closed","template":"","meta":{"footnotes":""},"class_list":["post-1002","page","type-page","status-publish","hentry"],"yoast_head":"<!-- This site is optimized with the Yoast SEO plugin v27.3 - https:\/\/yoast.com\/product\/yoast-seo-wordpress\/ -->\n<title>Testimonios - Dynamic Detox with Raaul Cohen<\/title>\n<meta name=\"robots\" content=\"index, follow, max-snippet:-1, max-image-preview:large, max-video-preview:-1\" \/>\n<link rel=\"canonical\" href=\"https:\/\/cleanbreaks.net\/es\/testimonios\/\" \/>\n<meta property=\"og:locale\" content=\"es_ES\" \/>\n<meta property=\"og:type\" content=\"article\" \/>\n<meta property=\"og:title\" content=\"Testimonios - Dynamic Detox with Raaul Cohen\" \/>\n<meta property=\"og:description\" content=\"Testimonios Las experiencias que se comparten a continuaci\u00f3n proceden de personas que han experimentado de primera mano el impacto transformador del Programa de Desintoxicaci\u00f3n de Raaul Cohen. Cada testimonio refleja un progreso real, una energ\u00eda renovada y una conexi\u00f3n m\u00e1s profunda con la salud y el bienestar. Es un honor para nosotros compartir estas historias [&hellip;]\" \/>\n<meta property=\"og:url\" content=\"https:\/\/cleanbreaks.net\/es\/testimonios\/\" \/>\n<meta property=\"og:site_name\" content=\"Dynamic Detox with Raaul Cohen\" \/>\n<meta property=\"article:modified_time\" content=\"2026-03-23T08:59:35+00:00\" \/>\n<meta name=\"twitter:card\" content=\"summary_large_image\" \/>\n<meta name=\"twitter:label1\" content=\"Tiempo de lectura\" \/>\n\t<meta name=\"twitter:data1\" content=\"4 minutos\" \/>\n<script type=\"application\/ld+json\" class=\"yoast-schema-graph\">{\"@context\":\"https:\\\/\\\/schema.org\",\"@graph\":[{\"@type\":\"WebPage\",\"@id\":\"https:\\\/\\\/cleanbreaks.net\\\/es\\\/testimonios\\\/\",\"url\":\"https:\\\/\\\/cleanbreaks.net\\\/es\\\/testimonios\\\/\",\"name\":\"Testimonios - Dynamic Detox with Raaul Cohen\",\"isPartOf\":{\"@id\":\"https:\\\/\\\/cleanbreaks.net\\\/es\\\/#website\"},\"datePublished\":\"2026-01-05T09:59:03+00:00\",\"dateModified\":\"2026-03-23T08:59:35+00:00\",\"breadcrumb\":{\"@id\":\"https:\\\/\\\/cleanbreaks.net\\\/es\\\/testimonios\\\/#breadcrumb\"},\"inLanguage\":\"es\",\"potentialAction\":[{\"@type\":\"ReadAction\",\"target\":[\"https:\\\/\\\/cleanbreaks.net\\\/es\\\/testimonios\\\/\"]}]},{\"@type\":\"BreadcrumbList\",\"@id\":\"https:\\\/\\\/cleanbreaks.net\\\/es\\\/testimonios\\\/#breadcrumb\",\"itemListElement\":[{\"@type\":\"ListItem\",\"position\":1,\"name\":\"Home\",\"item\":\"https:\\\/\\\/cleanbreaks.net\\\/es\\\/inicio\\\/\"},{\"@type\":\"ListItem\",\"position\":2,\"name\":\"Testimonios\"}]},{\"@type\":\"WebSite\",\"@id\":\"https:\\\/\\\/cleanbreaks.net\\\/es\\\/#website\",\"url\":\"https:\\\/\\\/cleanbreaks.net\\\/es\\\/\",\"name\":\"Dynamic Detox with Raaul Cohen\",\"description\":\"\",\"potentialAction\":[{\"@type\":\"SearchAction\",\"target\":{\"@type\":\"EntryPoint\",\"urlTemplate\":\"https:\\\/\\\/cleanbreaks.net\\\/es\\\/?s={search_term_string}\"},\"query-input\":{\"@type\":\"PropertyValueSpecification\",\"valueRequired\":true,\"valueName\":\"search_term_string\"}}],\"inLanguage\":\"es\"}]}<\/script>\n<!-- \/ Yoast SEO plugin. -->","yoast_head_json":{"title":"Testimonios - Dynamic Detox with Raaul Cohen","robots":{"index":"index","follow":"follow","max-snippet":"max-snippet:-1","max-image-preview":"max-image-preview:large","max-video-preview":"max-video-preview:-1"},"canonical":"https:\/\/cleanbreaks.net\/es\/testimonios\/","og_locale":"es_ES","og_type":"article","og_title":"Testimonios - Dynamic Detox with Raaul Cohen","og_description":"Testimonios Las experiencias que se comparten a continuaci\u00f3n proceden de personas que han experimentado de primera mano el impacto transformador del Programa de Desintoxicaci\u00f3n de Raaul Cohen. Cada testimonio refleja un progreso real, una energ\u00eda renovada y una conexi\u00f3n m\u00e1s profunda con la salud y el bienestar. Es un honor para nosotros compartir estas historias [&hellip;]","og_url":"https:\/\/cleanbreaks.net\/es\/testimonios\/","og_site_name":"Dynamic Detox with Raaul Cohen","article_modified_time":"2026-03-23T08:59:35+00:00","twitter_card":"summary_large_image","twitter_misc":{"Tiempo de lectura":"4 minutos"},"schema":{"@context":"https:\/\/schema.org","@graph":[{"@type":"WebPage","@id":"https:\/\/cleanbreaks.net\/es\/testimonios\/","url":"https:\/\/cleanbreaks.net\/es\/testimonios\/","name":"Testimonios - Dynamic Detox with Raaul Cohen","isPartOf":{"@id":"https:\/\/cleanbreaks.net\/es\/#website"},"datePublished":"2026-01-05T09:59:03+00:00","dateModified":"2026-03-23T08:59:35+00:00","breadcrumb":{"@id":"https:\/\/cleanbreaks.net\/es\/testimonios\/#breadcrumb"},"inLanguage":"es","potentialAction":[{"@type":"ReadAction","target":["https:\/\/cleanbreaks.net\/es\/testimonios\/"]}]},{"@type":"BreadcrumbList","@id":"https:\/\/cleanbreaks.net\/es\/testimonios\/#breadcrumb","itemListElement":[{"@type":"ListItem","position":1,"name":"Home","item":"https:\/\/cleanbreaks.net\/es\/inicio\/"},{"@type":"ListItem","position":2,"name":"Testimonios"}]},{"@type":"WebSite","@id":"https:\/\/cleanbreaks.net\/es\/#website","url":"https:\/\/cleanbreaks.net\/es\/","name":"Dynamic Detox with Raaul Cohen","description":"","potentialAction":[{"@type":"SearchAction","target":{"@type":"EntryPoint","urlTemplate":"https:\/\/cleanbreaks.net\/es\/?s={search_term_string}"},"query-input":{"@type":"PropertyValueSpecification","valueRequired":true,"valueName":"search_term_string"}}],"inLanguage":"es"}]}},"_links":{"self":[{"href":"https:\/\/cleanbreaks.net\/es\/wp-json\/wp\/v2\/pages\/1002","targetHints":{"allow":["GET"]}}],"collection":[{"href":"https:\/\/cleanbreaks.net\/es\/wp-json\/wp\/v2\/pages"}],"about":[{"href":"https:\/\/cleanbreaks.net\/es\/wp-json\/wp\/v2\/types\/page"}],"author":[{"embeddable":true,"href":"https:\/\/cleanbreaks.net\/es\/wp-json\/wp\/v2\/users\/1"}],"replies":[{"embeddable":true,"href":"https:\/\/cleanbreaks.net\/es\/wp-json\/wp\/v2\/comments?post=1002"}],"version-history":[{"count":1,"href":"https:\/\/cleanbreaks.net\/es\/wp-json\/wp\/v2\/pages\/1002\/revisions"}],"predecessor-version":[{"id":1003,"href":"https:\/\/cleanbreaks.net\/es\/wp-json\/wp\/v2\/pages\/1002\/revisions\/1003"}],"wp:attachment":[{"href":"https:\/\/cleanbreaks.net\/es\/wp-json\/wp\/v2\/media?parent=1002"}],"curies":[{"name":"wp","href":"https:\/\/api.w.org\/{rel}","templated":true}]}}