{"id":903,"date":"2026-03-16T15:55:18","date_gmt":"2026-03-16T15:55:18","guid":{"rendered":"https:\/\/jonnyrapp.com\/work\/detox\/fechas\/"},"modified":"2026-03-18T12:45:39","modified_gmt":"2026-03-18T12:45:39","slug":"fechas","status":"publish","type":"page","link":"https:\/\/cleanbreaks.net\/es\/fechas\/","title":{"rendered":"Fechas"},"content":{"rendered":"\t\t<div data-elementor-type=\"wp-page\" data-elementor-id=\"903\" class=\"elementor elementor-903 elementor-766\" data-elementor-post-type=\"page\">\n\t\t\t\t<div class=\"elementor-element elementor-element-b5ba76b e-con-full e-flex e-con e-parent\" data-id=\"b5ba76b\" data-element_type=\"container\">\n\t\t\t\t<div class=\"elementor-element elementor-element-6d1b870 elementor-hidden-tablet elementor-hidden-desktop elementor-widget elementor-widget-image-carousel\" data-id=\"6d1b870\" data-element_type=\"widget\" data-settings=\"{&quot;slides_to_show&quot;:&quot;1&quot;,&quot;navigation&quot;:&quot;none&quot;,&quot;lazyload&quot;:&quot;yes&quot;,&quot;effect&quot;:&quot;fade&quot;,&quot;autoplay&quot;:&quot;yes&quot;,&quot;pause_on_hover&quot;:&quot;yes&quot;,&quot;pause_on_interaction&quot;:&quot;yes&quot;,&quot;autoplay_speed&quot;:5000,&quot;infinite&quot;:&quot;yes&quot;,&quot;speed&quot;:500}\" data-widget_type=\"image-carousel.default\">\n\t\t\t\t\t\t\t<div class=\"elementor-image-carousel-wrapper swiper\" role=\"region\" aria-roledescription=\"carousel\" aria-label=\"Image Carousel\" dir=\"ltr\">\n\t\t\t<div class=\"elementor-image-carousel swiper-wrapper swiper-image-stretch\" aria-live=\"off\">\n\t\t\t\t\t\t\t\t<div class=\"swiper-slide\" role=\"group\" aria-roledescription=\"slide\" aria-label=\"1 de 6\"><figure class=\"swiper-slide-inner\"><img class=\"swiper-slide-image swiper-lazy\" data-src=\"https:\/\/cleanbreaks.net\/wp-content\/uploads\/2026\/01\/mobile-2.jpg\" alt=\"m\u00f3vil-2\" \/><div class=\"swiper-lazy-preloader\"><\/div><\/figure><\/div><div class=\"swiper-slide\" role=\"group\" aria-roledescription=\"slide\" aria-label=\"2 de 6\"><figure class=\"swiper-slide-inner\"><img class=\"swiper-slide-image swiper-lazy\" data-src=\"https:\/\/cleanbreaks.net\/wp-content\/uploads\/2026\/01\/mobile-1.jpg\" alt=\"m\u00f3vil-1\" \/><div class=\"swiper-lazy-preloader\"><\/div><\/figure><\/div><div class=\"swiper-slide\" role=\"group\" aria-roledescription=\"slide\" aria-label=\"3 de 6\"><figure class=\"swiper-slide-inner\"><img class=\"swiper-slide-image swiper-lazy\" data-src=\"https:\/\/cleanbreaks.net\/wp-content\/uploads\/2026\/03\/hotel-detox-mallorca.jpg\" alt=\"hotel-detox-mallorca\" \/><div class=\"swiper-lazy-preloader\"><\/div><\/figure><\/div><div class=\"swiper-slide\" role=\"group\" aria-roledescription=\"slide\" aria-label=\"4 de 6\"><figure class=\"swiper-slide-inner\"><img class=\"swiper-slide-image swiper-lazy\" data-src=\"https:\/\/cleanbreaks.net\/wp-content\/uploads\/2026\/01\/mobile-3.jpg\" alt=\"m\u00f3vil-3\" \/><div class=\"swiper-lazy-preloader\"><\/div><\/figure><\/div><div class=\"swiper-slide\" role=\"group\" aria-roledescription=\"slide\" aria-label=\"5 de 6\"><figure class=\"swiper-slide-inner\"><img class=\"swiper-slide-image swiper-lazy\" data-src=\"https:\/\/cleanbreaks.net\/wp-content\/uploads\/2026\/01\/mobile-6.jpg\" alt=\"m\u00f3vil-6\" \/><div class=\"swiper-lazy-preloader\"><\/div><\/figure><\/div><div class=\"swiper-slide\" role=\"group\" aria-roledescription=\"slide\" aria-label=\"6 de 6\"><figure class=\"swiper-slide-inner\"><img class=\"swiper-slide-image swiper-lazy\" data-src=\"https:\/\/cleanbreaks.net\/wp-content\/uploads\/2026\/01\/mobile-4.jpg\" alt=\"m\u00f3vil-4\" \/><div class=\"swiper-lazy-preloader\"><\/div><\/figure><\/div>\t\t\t<\/div>\n\t\t\t\t\t\t\t\n\t\t\t\t\t\t\t\t\t<\/div>\n\t\t\t\t\t\t<\/div>\n\t\t\t\t<\/div>\n\t\t<div class=\"elementor-element elementor-element-effdf6b e-con-full elementor-hidden-mobile e-flex e-con e-parent\" data-id=\"effdf6b\" data-element_type=\"container\" data-settings=\"{&quot;background_background&quot;:&quot;classic&quot;}\">\n\t\t\t\t<div class=\"elementor-element elementor-element-abd346b elementor-widget elementor-widget-heading\" data-id=\"abd346b\" data-element_type=\"widget\" data-widget_type=\"heading.default\">\n\t\t\t\t\t<h1 class=\"elementor-heading-title elementor-size-default\">2026 Fechas del programa<\/h1>\t\t\t\t<\/div>\n\t\t\t\t<div class=\"elementor-element elementor-element-49f3e1d elementor-widget elementor-widget-button\" data-id=\"49f3e1d\" data-element_type=\"widget\" data-widget_type=\"button.default\">\n\t\t\t\t\t\t\t\t\t\t<a class=\"elementor-button elementor-button-link elementor-size-sm\" href=\"#welcome\">\n\t\t\t\t\t\t<span class=\"elementor-button-content-wrapper\">\n\t\t\t\t\t\t\t\t\t<span class=\"elementor-button-text\">M\u00e1s informaci\u00f3n<\/span>\n\t\t\t\t\t<\/span>\n\t\t\t\t\t<\/a>\n\t\t\t\t\t\t\t\t<\/div>\n\t\t\t\t<\/div>\n\t\t<div class=\"elementor-element elementor-element-c8fbd60 e-flex e-con-boxed e-con e-parent\" data-id=\"c8fbd60\" data-element_type=\"container\" id=\"welcome\">\n\t\t\t\t\t<div class=\"e-con-inner\">\n\t\t\t\t<div class=\"elementor-element elementor-element-a2b6bb7 elementor-widget elementor-widget-heading\" data-id=\"a2b6bb7\" data-element_type=\"widget\" data-widget_type=\"heading.default\">\n\t\t\t\t\t<h2 class=\"elementor-heading-title elementor-size-default\"><br>Programa Fechas<\/h2>\t\t\t\t<\/div>\n\t\t\t\t<div class=\"elementor-element elementor-element-fa52b7c elementor-widget elementor-widget-text-editor\" data-id=\"fa52b7c\" data-element_type=\"widget\" data-widget_type=\"text-editor.default\">\n\t\t\t\t\t\t\t\t\t<p><strong>Nuestros programas de desintoxicaci\u00f3n se llevan a cabo durante todo el a\u00f1o y ofrecen oportunidades cuidadosamente planificadas para renovarse, recargar energ\u00edas y centrarse en tu bienestar. <\/strong><\/p><p>Cada retiro est\u00e1 dise\u00f1ado para favorecer los procesos naturales de depuraci\u00f3n del cuerpo y recuperar el equilibrio a trav\u00e9s de la alimentaci\u00f3n, el ejercicio f\u00edsico, el descanso y las pr\u00e1cticas de mindfulness. A continuaci\u00f3n encontrar\u00e1s las pr\u00f3ximas fechas de los programas para que puedas elegir el retiro que mejor se adapte a tu agenda y comiences tu camino hacia una energ\u00eda renovada y una mayor claridad mental. <\/p>\t\t\t\t\t\t\t\t<\/div>\n\t\t<div class=\"elementor-element elementor-element-0a01088 e-con-full e-flex e-con e-child\" data-id=\"0a01088\" data-element_type=\"container\">\n\t\t\t\t<div class=\"elementor-element elementor-element-4a5bf77 elementor-align-left elementor-mobile-align-justify elementor-widget elementor-widget-button\" data-id=\"4a5bf77\" data-element_type=\"widget\" data-widget_type=\"button.default\">\n\t\t\t\t\t\t\t\t\t\t<a class=\"elementor-button elementor-button-link elementor-size-sm\" href=\"https:\/\/jonnyrapp.com\/work\/detox\/the-hotel\/\">\n\t\t\t\t\t\t<span class=\"elementor-button-content-wrapper\">\n\t\t\t\t\t\t\t\t\t<span class=\"elementor-button-text\">El Hotel Iberostar<\/span>\n\t\t\t\t\t<\/span>\n\t\t\t\t\t<\/a>\n\t\t\t\t\t\t\t\t<\/div>\n\t\t\t\t<div class=\"elementor-element elementor-element-ea927cd elementor-align-left elementor-mobile-align-justify elementor-widget elementor-widget-button\" data-id=\"ea927cd\" data-element_type=\"widget\" data-widget_type=\"button.default\">\n\t\t\t\t\t\t\t\t\t\t<a class=\"elementor-button elementor-button-link elementor-size-sm\" href=\"https:\/\/jonnyrapp.com\/work\/detox\/detox-programme\/\">\n\t\t\t\t\t\t<span class=\"elementor-button-content-wrapper\">\n\t\t\t\t\t\t\t\t\t<span class=\"elementor-button-text\">El Programa Detox<\/span>\n\t\t\t\t\t<\/span>\n\t\t\t\t\t<\/a>\n\t\t\t\t\t\t\t\t<\/div>\n\t\t\t\t<\/div>\n\t\t\t\t\t<\/div>\n\t\t\t\t<\/div>\n\t\t<div class=\"elementor-element elementor-element-d69df21 e-con-full e-flex e-con e-parent\" data-id=\"d69df21\" data-element_type=\"container\">\n\t\t<div class=\"elementor-element elementor-element-7c3b901 e-con-full e-flex e-con e-child\" data-id=\"7c3b901\" data-element_type=\"container\" data-settings=\"{&quot;background_background&quot;:&quot;classic&quot;}\">\n\t\t\t\t<div class=\"elementor-element elementor-element-edd72ba elementor-widget elementor-widget-text-editor\" data-id=\"edd72ba\" data-element_type=\"widget\" data-widget_type=\"text-editor.default\">\n\t\t\t\t\t\t\t\t\t<h3 style=\"color: #ffffff; text-align: center;\">Fechas del programa 2026<\/h3><p style=\"text-align: center;\">Haga clic en cualquier fecha a continuaci\u00f3n para enviarnos un mensaje de WhatsApp<\/p>\t\t\t\t\t\t\t\t<\/div>\n\t\t<div class=\"elementor-element elementor-element-66ee87d e-grid e-con-boxed e-con e-child\" data-id=\"66ee87d\" data-element_type=\"container\">\n\t\t\t\t\t<div class=\"e-con-inner\">\n\t\t\t\t<div class=\"elementor-element elementor-element-c9538ca elementor-widget elementor-widget-text-editor\" data-id=\"c9538ca\" data-element_type=\"widget\" data-widget_type=\"text-editor.default\">\n\t\t\t\t\t\t\t\t\t<div class=\"\">\n\n<strong><a href=\"https:\/\/wa.me\/34616530721?text=Sat%2018%20April%20%E2%80%93%20Sun%2026%20April\">S\u00e1b 18 de abril \u2013 Dom 26 de abril<\/a><\/strong>\n\n<\/div>\n<div class=\"\">\n\n<hr \/>\n\n<a href=\"https:\/\/wa.me\/34616530721?text=Sun%2026%20April%20%E2%80%93%20Mon%204%20May\"><b class=\"\">Dom 26 de abril \u2013 Lun 4 de mayo<\/b><\/a>\n\n<\/div>\n<div class=\"\">\n\n<hr \/>\n\n<a href=\"https:\/\/wa.me\/34616530721?text=Sun%2010%20May%20%E2%80%93%20Mon%2018%20May\"><b class=\"\">Dom 10 de mayo \u2013 Lun 18 de mayo<\/b><\/a>\n\n<\/div>\n<div class=\"\">\n\n<hr \/>\n\n<a href=\"https:\/\/wa.me\/34616530721?text=Sun%2024%20May%20%E2%80%93%20Mon%201%20June\"><b class=\"\">Dom 24 de mayo \u2013 Lun 1 de junio<\/b><\/a>\n\n<\/div>\n<div class=\"\">\n\n<hr \/>\n\n<a href=\"https:\/\/wa.me\/34616530721?text=Sun%207%20June%20%E2%80%93%20Mon%2015%20June\"><b class=\"\">Dom 7 de junio \u2013 Lun 15 de junio<\/b><\/a><b class=\"\"><\/b>\n\n<\/div>\t\t\t\t\t\t\t\t<\/div>\n\t\t\t\t<div class=\"elementor-element elementor-element-b7900c2 elementor-widget elementor-widget-text-editor\" data-id=\"b7900c2\" data-element_type=\"widget\" data-widget_type=\"text-editor.default\">\n\t\t\t\t\t\t\t\t\t<div class=\"\"><strong><a href=\"https:\/\/wa.me\/34616530721?text=Sun%2021%20June%20%E2%80%93%20Mon%2029%20June\">Dom 21 de junio \u2013 Lun 29 de junio<\/a><\/strong><\/div>\n<div class=\"\">\n\n<hr \/>\n\n<a href=\"https:\/\/wa.me\/34616530721?text=Sun%205%20July%20%E2%80%93%20Mon%2013%20July\"><b class=\"\">Dom 5 de julio \u2013 Lun 13 de julio<\/b><\/a>\n\n<\/div>\n<div class=\"\">\n\n<hr \/>\n\n<a href=\"https:\/\/wa.me\/34616530721?text=Sun%2019%20July%20%E2%80%93%20Mon%2027%20July\"><b class=\"\">Dom 19 de julio \u2013 Lun 27 de julio<\/b><\/a>\n\n<\/div>\n<div class=\"\">\n\n<hr \/>\n\n<a href=\"https:\/\/wa.me\/34616530721?text=Sun%202%20August%20%E2%80%93%20Mon%2010%20August\"><b class=\"\">Dom 2 de agosto \u2013 Lun 10 de agosto<\/b><\/a>\n\n<\/div>\n<div class=\"\">\n\n<hr \/>\n\n<a href=\"https:\/\/wa.me\/34616530721?text=Sun%2016%20August%20%E2%80%93%20Mon%2024%20August\"><b class=\"\">Dom 16 de agosto \u2013 Lun 24 de agosto<\/b><\/a>\n\n<\/div>\t\t\t\t\t\t\t\t<\/div>\n\t\t\t\t<div class=\"elementor-element elementor-element-50baf03 elementor-widget elementor-widget-text-editor\" data-id=\"50baf03\" data-element_type=\"widget\" data-widget_type=\"text-editor.default\">\n\t\t\t\t\t\t\t\t\t<div class=\"\">\n<a href=\"https:\/\/wa.me\/34616530721?text=Sun%2030%20August%20%E2%80%93%20Mon%207%20September\"><strong>Dom 30 de agosto \u2013 Lun 7 de septiembre<\/strong><\/a>\n\n<\/div>\n<div class=\"\">\n\n<hr>\n\n<a href=\"https:\/\/wa.me\/34616530721?text=Sun%2013%20September%20%E2%80%93%20Mon%2021%20September\"><b class=\"\">Dom 13 de septiembre \u2013 Lun 21 de septiembre<\/b><\/a>\n\n<\/div>\n<div class=\"\">\n\n<hr>\n\n<a href=\"https:\/\/wa.me\/34616530721?text=Sun%2027%20September%20%E2%80%93%20Mon%205%20October\"><b class=\"\">Dom 27 de septiembre \u2013 Lun 5 de octubre<\/b><\/a>\n\n<\/div>\n<div class=\"\">\n\n<hr>\n\n<a href=\"https:\/\/wa.me\/34616530721?text=Sun%2011%20September%20%E2%80%93%20Mon%2019%20October\"><b class=\"\">Dom 11 de septiembre \u2013 Lun 19 de octubre<\/b><\/a>\n\n<\/div>\n<div class=\"\">\n\n<hr>\n\n<a href=\"https:\/\/wa.me\/34616530721?text=Sun%2025%20October%20%E2%80%93%20Mon%202%20November\"><b class=\"\">Dom 25 de octubre \u2013 Lun 2 de noviembre<\/b><\/a>\n\n<\/div>\t\t\t\t\t\t\t\t<\/div>\n\t\t\t\t\t<\/div>\n\t\t\t\t<\/div>\n\t\t<div class=\"elementor-element elementor-element-a915141 e-flex e-con-boxed e-con e-child\" data-id=\"a915141\" data-element_type=\"container\">\n\t\t\t\t\t<div class=\"e-con-inner\">\n\t\t\t\t<div class=\"elementor-element elementor-element-94ba577 elementor-widget elementor-widget-text-editor\" data-id=\"94ba577\" data-element_type=\"widget\" data-widget_type=\"text-editor.default\">\n\t\t\t\t\t\t\t\t\t<p><b class=\"\">Tenga en cuenta: el ayuno dura siete d\u00edas completos, pero usted llega el d\u00eda antes de comenzar el ayuno y se va el d\u00eda despu\u00e9s de que finaliza el ayuno, por la ma\u00f1ana (un total de 8 noches, saliendo el noveno d\u00eda).<\/b> <b class=\"\">Si desea realizar el Detox de 4 d\u00edas, debe realizarse dentro de las fechas del programa Detox de 7 d\u00edas que se indican arriba. Esto incluye 5 noches en el hotel, con salida el sexto d\u00eda.<\/b><\/p>\t\t\t\t\t\t\t\t<\/div>\n\t\t\t\t\t<\/div>\n\t\t\t\t<\/div>\n\t\t\t\t<\/div>\n\t\t\t\t<\/div>\n\t\t<div class=\"elementor-element elementor-element-8002d38 e-con-full e-flex e-con e-parent\" data-id=\"8002d38\" data-element_type=\"container\" data-settings=\"{&quot;background_background&quot;:&quot;classic&quot;}\">\n\t\t\t\t<\/div>\n\t\t<div class=\"elementor-element elementor-element-50f8756 e-flex e-con-boxed e-con e-parent\" data-id=\"50f8756\" data-element_type=\"container\">\n\t\t\t\t\t<div class=\"e-con-inner\">\n\t\t\t\t<div class=\"elementor-element elementor-element-ef69dc5 elementor-widget elementor-widget-text-editor\" data-id=\"ef69dc5\" data-element_type=\"widget\" data-widget_type=\"text-editor.default\">\n\t\t\t\t\t\t\t\t\tEl alojamiento se puede reservar directamente a trav\u00e9s del hotel, enviando un correo electr\u00f3nico a: jar.rec@iberostar.com; ellos se encargar\u00e1n de realizar la reserva y el pago se efectuar\u00e1 directamente en el hotel a la llegada, o bien se puede reservar a trav\u00e9s de la p\u00e1gina web de Iberostar: grandhotelportalsnous.com\n\nEl programa no incluye el alojamiento\t\t\t\t\t\t\t\t<\/div>\n\t\t<div class=\"elementor-element elementor-element-62c60eb e-con-full e-flex e-con e-child\" data-id=\"62c60eb\" data-element_type=\"container\">\n\t\t\t\t<div class=\"elementor-element elementor-element-e7d4c0e elementor-align-left elementor-mobile-align-justify elementor-widget elementor-widget-button\" data-id=\"e7d4c0e\" data-element_type=\"widget\" data-widget_type=\"button.default\">\n\t\t\t\t\t\t\t\t\t\t<a class=\"elementor-button elementor-button-link elementor-size-sm\" href=\"https:\/\/jonnyrapp.com\/work\/detox\/es\/contacto\/\">\n\t\t\t\t\t\t<span class=\"elementor-button-content-wrapper\">\n\t\t\t\t\t\t\t\t\t<span class=\"elementor-button-text\">Contacto con nosotros hoy<\/span>\n\t\t\t\t\t<\/span>\n\t\t\t\t\t<\/a>\n\t\t\t\t\t\t\t\t<\/div>\n\t\t\t\t<div class=\"elementor-element elementor-element-060b529 elementor-align-left elementor-mobile-align-justify elementor-widget elementor-widget-button\" data-id=\"060b529\" data-element_type=\"widget\" data-widget_type=\"button.default\">\n\t\t\t\t\t\t\t\t\t\t<a class=\"elementor-button elementor-button-link elementor-size-sm\" href=\"#elementor-action%3Aaction%3Dpopup%3Aopen%26settings%3DeyJpZCI6OTUwLCJ0b2dnbGUiOmZhbHNlfQ%3D%3D\">\n\t\t\t\t\t\t<span class=\"elementor-button-content-wrapper\">\n\t\t\t\t\t\t\t\t\t<span class=\"elementor-button-text\">Reservas y consultas<\/span>\n\t\t\t\t\t<\/span>\n\t\t\t\t\t<\/a>\n\t\t\t\t\t\t\t\t<\/div>\n\t\t\t\t<\/div>\n\t\t\t\t\t<\/div>\n\t\t\t\t<\/div>\n\t\t\t\t<\/div>\n\t\t","protected":false},"excerpt":{"rendered":"<p>2026 Fechas del programa M\u00e1s informaci\u00f3n Programa Fechas Nuestros programas de desintoxicaci\u00f3n se llevan a cabo durante todo el a\u00f1o y ofrecen oportunidades cuidadosamente planificadas para renovarse, recargar energ\u00edas y centrarse en tu bienestar. Cada retiro est\u00e1 dise\u00f1ado para favorecer los procesos naturales de depuraci\u00f3n del cuerpo y recuperar el equilibrio a trav\u00e9s de la [&hellip;]<\/p>\n","protected":false},"author":1,"featured_media":0,"parent":0,"menu_order":0,"comment_status":"closed","ping_status":"closed","template":"","meta":{"footnotes":""},"class_list":["post-903","page","type-page","status-publish","hentry"],"yoast_head":"<!-- This site is optimized with the Yoast SEO plugin v27.3 - https:\/\/yoast.com\/product\/yoast-seo-wordpress\/ -->\n<title>Fechas - Dynamic Detox with Raaul Cohen<\/title>\n<meta name=\"robots\" content=\"index, follow, max-snippet:-1, max-image-preview:large, max-video-preview:-1\" \/>\n<link rel=\"canonical\" href=\"https:\/\/cleanbreaks.net\/es\/fechas\/\" \/>\n<meta property=\"og:locale\" content=\"es_ES\" \/>\n<meta property=\"og:type\" content=\"article\" \/>\n<meta property=\"og:title\" content=\"Fechas - Dynamic Detox with Raaul Cohen\" \/>\n<meta property=\"og:description\" content=\"2026 Fechas del programa M\u00e1s informaci\u00f3n Programa Fechas Nuestros programas de desintoxicaci\u00f3n se llevan a cabo durante todo el a\u00f1o y ofrecen oportunidades cuidadosamente planificadas para renovarse, recargar energ\u00edas y centrarse en tu bienestar. Cada retiro est\u00e1 dise\u00f1ado para favorecer los procesos naturales de depuraci\u00f3n del cuerpo y recuperar el equilibrio a trav\u00e9s de la [&hellip;]\" \/>\n<meta property=\"og:url\" content=\"https:\/\/cleanbreaks.net\/es\/fechas\/\" \/>\n<meta property=\"og:site_name\" content=\"Dynamic Detox with Raaul Cohen\" \/>\n<meta property=\"article:modified_time\" content=\"2026-03-18T12:45:39+00:00\" \/>\n<meta property=\"og:image\" content=\"https:\/\/cleanbreaks.net\/wp-content\/uploads\/2026\/01\/mobile-2.jpg\" \/>\n<meta name=\"twitter:card\" content=\"summary_large_image\" \/>\n<meta name=\"twitter:label1\" content=\"Tiempo de lectura\" \/>\n\t<meta name=\"twitter:data1\" content=\"2 minutos\" \/>\n<script type=\"application\/ld+json\" class=\"yoast-schema-graph\">{\"@context\":\"https:\\\/\\\/schema.org\",\"@graph\":[{\"@type\":\"WebPage\",\"@id\":\"https:\\\/\\\/cleanbreaks.net\\\/es\\\/fechas\\\/\",\"url\":\"https:\\\/\\\/cleanbreaks.net\\\/es\\\/fechas\\\/\",\"name\":\"Fechas - Dynamic Detox with Raaul Cohen\",\"isPartOf\":{\"@id\":\"https:\\\/\\\/cleanbreaks.net\\\/es\\\/#website\"},\"primaryImageOfPage\":{\"@id\":\"https:\\\/\\\/cleanbreaks.net\\\/es\\\/fechas\\\/#primaryimage\"},\"image\":{\"@id\":\"https:\\\/\\\/cleanbreaks.net\\\/es\\\/fechas\\\/#primaryimage\"},\"thumbnailUrl\":\"https:\\\/\\\/cleanbreaks.net\\\/wp-content\\\/uploads\\\/2026\\\/01\\\/mobile-2.jpg\",\"datePublished\":\"2026-03-16T15:55:18+00:00\",\"dateModified\":\"2026-03-18T12:45:39+00:00\",\"breadcrumb\":{\"@id\":\"https:\\\/\\\/cleanbreaks.net\\\/es\\\/fechas\\\/#breadcrumb\"},\"inLanguage\":\"es\",\"potentialAction\":[{\"@type\":\"ReadAction\",\"target\":[\"https:\\\/\\\/cleanbreaks.net\\\/es\\\/fechas\\\/\"]}]},{\"@type\":\"ImageObject\",\"inLanguage\":\"es\",\"@id\":\"https:\\\/\\\/cleanbreaks.net\\\/es\\\/fechas\\\/#primaryimage\",\"url\":\"https:\\\/\\\/cleanbreaks.net\\\/wp-content\\\/uploads\\\/2026\\\/01\\\/mobile-2.jpg\",\"contentUrl\":\"https:\\\/\\\/cleanbreaks.net\\\/wp-content\\\/uploads\\\/2026\\\/01\\\/mobile-2.jpg\"},{\"@type\":\"BreadcrumbList\",\"@id\":\"https:\\\/\\\/cleanbreaks.net\\\/es\\\/fechas\\\/#breadcrumb\",\"itemListElement\":[{\"@type\":\"ListItem\",\"position\":1,\"name\":\"Home\",\"item\":\"https:\\\/\\\/cleanbreaks.net\\\/es\\\/inicio\\\/\"},{\"@type\":\"ListItem\",\"position\":2,\"name\":\"Fechas\"}]},{\"@type\":\"WebSite\",\"@id\":\"https:\\\/\\\/cleanbreaks.net\\\/es\\\/#website\",\"url\":\"https:\\\/\\\/cleanbreaks.net\\\/es\\\/\",\"name\":\"Dynamic Detox with Raaul Cohen\",\"description\":\"\",\"potentialAction\":[{\"@type\":\"SearchAction\",\"target\":{\"@type\":\"EntryPoint\",\"urlTemplate\":\"https:\\\/\\\/cleanbreaks.net\\\/es\\\/?s={search_term_string}\"},\"query-input\":{\"@type\":\"PropertyValueSpecification\",\"valueRequired\":true,\"valueName\":\"search_term_string\"}}],\"inLanguage\":\"es\"}]}<\/script>\n<!-- \/ Yoast SEO plugin. -->","yoast_head_json":{"title":"Fechas - Dynamic Detox with Raaul Cohen","robots":{"index":"index","follow":"follow","max-snippet":"max-snippet:-1","max-image-preview":"max-image-preview:large","max-video-preview":"max-video-preview:-1"},"canonical":"https:\/\/cleanbreaks.net\/es\/fechas\/","og_locale":"es_ES","og_type":"article","og_title":"Fechas - Dynamic Detox with Raaul Cohen","og_description":"2026 Fechas del programa M\u00e1s informaci\u00f3n Programa Fechas Nuestros programas de desintoxicaci\u00f3n se llevan a cabo durante todo el a\u00f1o y ofrecen oportunidades cuidadosamente planificadas para renovarse, recargar energ\u00edas y centrarse en tu bienestar. Cada retiro est\u00e1 dise\u00f1ado para favorecer los procesos naturales de depuraci\u00f3n del cuerpo y recuperar el equilibrio a trav\u00e9s de la [&hellip;]","og_url":"https:\/\/cleanbreaks.net\/es\/fechas\/","og_site_name":"Dynamic Detox with Raaul Cohen","article_modified_time":"2026-03-18T12:45:39+00:00","og_image":[{"url":"https:\/\/cleanbreaks.net\/wp-content\/uploads\/2026\/01\/mobile-2.jpg","type":"","width":"","height":""}],"twitter_card":"summary_large_image","twitter_misc":{"Tiempo de lectura":"2 minutos"},"schema":{"@context":"https:\/\/schema.org","@graph":[{"@type":"WebPage","@id":"https:\/\/cleanbreaks.net\/es\/fechas\/","url":"https:\/\/cleanbreaks.net\/es\/fechas\/","name":"Fechas - Dynamic Detox with Raaul Cohen","isPartOf":{"@id":"https:\/\/cleanbreaks.net\/es\/#website"},"primaryImageOfPage":{"@id":"https:\/\/cleanbreaks.net\/es\/fechas\/#primaryimage"},"image":{"@id":"https:\/\/cleanbreaks.net\/es\/fechas\/#primaryimage"},"thumbnailUrl":"https:\/\/cleanbreaks.net\/wp-content\/uploads\/2026\/01\/mobile-2.jpg","datePublished":"2026-03-16T15:55:18+00:00","dateModified":"2026-03-18T12:45:39+00:00","breadcrumb":{"@id":"https:\/\/cleanbreaks.net\/es\/fechas\/#breadcrumb"},"inLanguage":"es","potentialAction":[{"@type":"ReadAction","target":["https:\/\/cleanbreaks.net\/es\/fechas\/"]}]},{"@type":"ImageObject","inLanguage":"es","@id":"https:\/\/cleanbreaks.net\/es\/fechas\/#primaryimage","url":"https:\/\/cleanbreaks.net\/wp-content\/uploads\/2026\/01\/mobile-2.jpg","contentUrl":"https:\/\/cleanbreaks.net\/wp-content\/uploads\/2026\/01\/mobile-2.jpg"},{"@type":"BreadcrumbList","@id":"https:\/\/cleanbreaks.net\/es\/fechas\/#breadcrumb","itemListElement":[{"@type":"ListItem","position":1,"name":"Home","item":"https:\/\/cleanbreaks.net\/es\/inicio\/"},{"@type":"ListItem","position":2,"name":"Fechas"}]},{"@type":"WebSite","@id":"https:\/\/cleanbreaks.net\/es\/#website","url":"https:\/\/cleanbreaks.net\/es\/","name":"Dynamic Detox with Raaul Cohen","description":"","potentialAction":[{"@type":"SearchAction","target":{"@type":"EntryPoint","urlTemplate":"https:\/\/cleanbreaks.net\/es\/?s={search_term_string}"},"query-input":{"@type":"PropertyValueSpecification","valueRequired":true,"valueName":"search_term_string"}}],"inLanguage":"es"}]}},"_links":{"self":[{"href":"https:\/\/cleanbreaks.net\/es\/wp-json\/wp\/v2\/pages\/903","targetHints":{"allow":["GET"]}}],"collection":[{"href":"https:\/\/cleanbreaks.net\/es\/wp-json\/wp\/v2\/pages"}],"about":[{"href":"https:\/\/cleanbreaks.net\/es\/wp-json\/wp\/v2\/types\/page"}],"author":[{"embeddable":true,"href":"https:\/\/cleanbreaks.net\/es\/wp-json\/wp\/v2\/users\/1"}],"replies":[{"embeddable":true,"href":"https:\/\/cleanbreaks.net\/es\/wp-json\/wp\/v2\/comments?post=903"}],"version-history":[{"count":7,"href":"https:\/\/cleanbreaks.net\/es\/wp-json\/wp\/v2\/pages\/903\/revisions"}],"predecessor-version":[{"id":947,"href":"https:\/\/cleanbreaks.net\/es\/wp-json\/wp\/v2\/pages\/903\/revisions\/947"}],"wp:attachment":[{"href":"https:\/\/cleanbreaks.net\/es\/wp-json\/wp\/v2\/media?parent=903"}],"curies":[{"name":"wp","href":"https:\/\/api.w.org\/{rel}","templated":true}]}}