{"id":918,"date":"2026-01-05T09:58:49","date_gmt":"2026-01-05T09:58:49","guid":{"rendered":"https:\/\/jonnyrapp.com\/work\/detox\/raaul-cohen\/"},"modified":"2026-03-18T12:06:51","modified_gmt":"2026-03-18T12:06:51","slug":"raaul-cohen","status":"publish","type":"page","link":"https:\/\/cleanbreaks.net\/es\/raaul-cohen\/","title":{"rendered":"Raaul Cohen"},"content":{"rendered":"\t\t<div data-elementor-type=\"wp-page\" data-elementor-id=\"918\" class=\"elementor elementor-918 elementor-37\" data-elementor-post-type=\"page\">\n\t\t\t\t<div class=\"elementor-element elementor-element-24771ad e-grid e-con-boxed e-con e-parent\" data-id=\"24771ad\" data-element_type=\"container\">\n\t\t\t\t\t<div class=\"e-con-inner\">\n\t\t\t\t<div class=\"elementor-element elementor-element-fa6a566 elementor-widget elementor-widget-image\" data-id=\"fa6a566\" data-element_type=\"widget\" data-widget_type=\"image.default\">\n\t\t\t\t\t\t\t\t\t\t\t\t\t\t\t<img fetchpriority=\"high\" decoding=\"async\" width=\"683\" height=\"1024\" src=\"https:\/\/cleanbreaks.net\/wp-content\/uploads\/2026\/02\/raaul_leor_cohen-683x1024.jpg\" class=\"attachment-large size-large wp-image-917\" alt=\"\" srcset=\"https:\/\/cleanbreaks.net\/wp-content\/uploads\/2026\/02\/raaul_leor_cohen-683x1024.jpg 683w, https:\/\/cleanbreaks.net\/wp-content\/uploads\/2026\/02\/raaul_leor_cohen-200x300.jpg 200w, https:\/\/cleanbreaks.net\/wp-content\/uploads\/2026\/02\/raaul_leor_cohen-768x1152.jpg 768w, https:\/\/cleanbreaks.net\/wp-content\/uploads\/2026\/02\/raaul_leor_cohen.jpg 1024w\" sizes=\"(max-width: 683px) 100vw, 683px\" \/>\t\t\t\t\t\t\t\t\t\t\t\t\t\t\t<\/div>\n\t\t\t\t<div class=\"elementor-element elementor-element-218ca65 elementor-widget elementor-widget-text-editor\" data-id=\"218ca65\" data-element_type=\"widget\" data-widget_type=\"text-editor.default\">\n\t\t\t\t\t\t\t\t\t<h1><span style=\"color: #0d9fdc;\">Raaul Cohen<\/span><\/h1><h3>BSc, ARCH, BCMA, BCN, CNHC<\/h3><div class=\"inner\"><p>Es demasiado discreto como para dar nombres, pero actores, pol\u00edticos y famosos acuden en masa a su puerta, lo que le ha proporcionado una clientela internacional. En el a\u00f1o 2000, fue nombrado uno de los mejores nutricionistas por la revista Vogue. En 1994, Ra\u00fal comenz\u00f3 a organizar estancias de desintoxicaci\u00f3n en un hotel de lujo de Escocia. A medida que sus resultados se difund\u00edan a trav\u00e9s de los medios de comunicaci\u00f3n y de su canal preferido \u2014las recomendaciones de clientes satisfechos\u2014, se fue convenciendo cada vez m\u00e1s de que un clima templado pod\u00eda favorecer el proceso de desintoxicaci\u00f3n. As\u00ed naci\u00f3 el <a contenteditable=\"false\" href=\"https:\/\/cleanbreaks.net\/en\/the-programme\/\"><strong>Programa Dynamic Detox<\/strong><\/a> en Mallorca.<\/p><p>Ra\u00fal estudi\u00f3 medicina durante cuatro a\u00f1os en el Royal Free Hospital de Londres, hasta que su creciente inter\u00e9s por el enfoque hol\u00edstico le llev\u00f3 a dedicarse a las terapias complementarias. Se licenci\u00f3 en Microbiolog\u00eda con estudios de Administraci\u00f3n de Empresas por la Universidad de Londres. Posteriormente, se titul\u00f3 como terapeuta especializado en hidroterapia de colon y obtuvo un diploma en naturopat\u00eda en la Universidad de Westminster.<\/p><p>Miembro de la Asociaci\u00f3n y Registro de Hidroterapeutas Col\u00f3nicos (ARCH), de la Asociaci\u00f3n Brit\u00e1nica de Medicina Complementaria (BCMA) y del Consejo de Salud Complementaria y Natural (CNHC), Raaul tambi\u00e9n est\u00e1 cualificado para realizar an\u00e1lisis de sangre para detectar alergias.<\/p><p><strong>La consulta de hidroterapia de colon de Ra\u00fal, situada en el norte de Londres, atra\u00eda a clientes de todo el mundo.<\/strong> Su trabajo ha aparecido en medios de comunicaci\u00f3n nacionales e internacionales, entre los que se incluyen <strong>The Sunday Times, The Daily Telegraph, Vogue, Health &amp; Fitness, Prima<\/strong> y <strong>GQ Active <\/strong>ay apareci\u00f3 en la BBC1 junto a Ruby Wax en el programa \u00abRuby\u2019s Health Quest\u00bb.<\/p><p>Raaul da conferencias en Universidades, as\u00ed como en Escuelas de Enfermer\u00eda y Centros de Salud, y est\u00e1 considerada <strong>una autoridad en el campo de la hidroterapia de colon, la nutrici\u00f3n y los programas de desintoxicaci\u00f3n.<\/strong><\/p><p>Raaul se traslad\u00f3 a vivir a Mallorca en diciembre de 1999, donde sigui\u00f3 dedicando su vida a curar a los pacientes mediante su trabajo con la hidroterapia de colon, la medicina alternativa, los tratamientos y su <strong>potente programa de recuperaci\u00f3n, el <a contenteditable=\"false\" href=\"https:\/\/cleanbreaks.net\/en\/the-programme\/\">Programa de Desintoxicaci\u00f3n Din\u00e1mica<\/a><\/strong>, y busca constantemente nuevas mejoras.<\/p><\/div>\t\t\t\t\t\t\t\t<\/div>\n\t\t\t\t\t<\/div>\n\t\t\t\t<\/div>\n\t\t\t\t<\/div>\n\t\t","protected":false},"excerpt":{"rendered":"<p>Raaul Cohen BSc, ARCH, BCMA, BCN, CNHC Es demasiado discreto como para dar nombres, pero actores, pol\u00edticos y famosos acuden en masa a su puerta, lo que le ha proporcionado una clientela internacional. En el a\u00f1o 2000, fue nombrado uno de los mejores nutricionistas por la revista Vogue. En 1994, Ra\u00fal comenz\u00f3 a organizar estancias [&hellip;]<\/p>\n","protected":false},"author":1,"featured_media":0,"parent":0,"menu_order":0,"comment_status":"closed","ping_status":"closed","template":"","meta":{"footnotes":""},"class_list":["post-918","page","type-page","status-publish","hentry"],"yoast_head":"<!-- This site is optimized with the Yoast SEO plugin v27.3 - https:\/\/yoast.com\/product\/yoast-seo-wordpress\/ -->\n<title>Raaul Cohen - Dynamic Detox with Raaul Cohen<\/title>\n<meta name=\"robots\" content=\"index, follow, max-snippet:-1, max-image-preview:large, max-video-preview:-1\" \/>\n<link rel=\"canonical\" href=\"https:\/\/cleanbreaks.net\/es\/raaul-cohen\/\" \/>\n<meta property=\"og:locale\" content=\"es_ES\" \/>\n<meta property=\"og:type\" content=\"article\" \/>\n<meta property=\"og:title\" content=\"Raaul Cohen - Dynamic Detox with Raaul Cohen\" \/>\n<meta property=\"og:description\" content=\"Raaul Cohen BSc, ARCH, BCMA, BCN, CNHC Es demasiado discreto como para dar nombres, pero actores, pol\u00edticos y famosos acuden en masa a su puerta, lo que le ha proporcionado una clientela internacional. En el a\u00f1o 2000, fue nombrado uno de los mejores nutricionistas por la revista Vogue. En 1994, Ra\u00fal comenz\u00f3 a organizar estancias [&hellip;]\" \/>\n<meta property=\"og:url\" content=\"https:\/\/cleanbreaks.net\/es\/raaul-cohen\/\" \/>\n<meta property=\"og:site_name\" content=\"Dynamic Detox with Raaul Cohen\" \/>\n<meta property=\"article:modified_time\" content=\"2026-03-18T12:06:51+00:00\" \/>\n<meta property=\"og:image\" content=\"https:\/\/cleanbreaks.net\/wp-content\/uploads\/2026\/02\/raaul_leor_cohen.jpg\" \/>\n\t<meta property=\"og:image:width\" content=\"1024\" \/>\n\t<meta property=\"og:image:height\" content=\"1536\" \/>\n\t<meta property=\"og:image:type\" content=\"image\/jpeg\" \/>\n<meta name=\"twitter:card\" content=\"summary_large_image\" \/>\n<meta name=\"twitter:label1\" content=\"Tiempo de lectura\" \/>\n\t<meta name=\"twitter:data1\" content=\"2 minutos\" \/>\n<script type=\"application\/ld+json\" class=\"yoast-schema-graph\">{\"@context\":\"https:\\\/\\\/schema.org\",\"@graph\":[{\"@type\":\"WebPage\",\"@id\":\"https:\\\/\\\/cleanbreaks.net\\\/es\\\/raaul-cohen\\\/\",\"url\":\"https:\\\/\\\/cleanbreaks.net\\\/es\\\/raaul-cohen\\\/\",\"name\":\"Raaul Cohen - Dynamic Detox with Raaul Cohen\",\"isPartOf\":{\"@id\":\"https:\\\/\\\/cleanbreaks.net\\\/es\\\/#website\"},\"primaryImageOfPage\":{\"@id\":\"https:\\\/\\\/cleanbreaks.net\\\/es\\\/raaul-cohen\\\/#primaryimage\"},\"image\":{\"@id\":\"https:\\\/\\\/cleanbreaks.net\\\/es\\\/raaul-cohen\\\/#primaryimage\"},\"thumbnailUrl\":\"https:\\\/\\\/cleanbreaks.net\\\/wp-content\\\/uploads\\\/2026\\\/02\\\/raaul_leor_cohen-683x1024.jpg\",\"datePublished\":\"2026-01-05T09:58:49+00:00\",\"dateModified\":\"2026-03-18T12:06:51+00:00\",\"breadcrumb\":{\"@id\":\"https:\\\/\\\/cleanbreaks.net\\\/es\\\/raaul-cohen\\\/#breadcrumb\"},\"inLanguage\":\"es\",\"potentialAction\":[{\"@type\":\"ReadAction\",\"target\":[\"https:\\\/\\\/cleanbreaks.net\\\/es\\\/raaul-cohen\\\/\"]}]},{\"@type\":\"ImageObject\",\"inLanguage\":\"es\",\"@id\":\"https:\\\/\\\/cleanbreaks.net\\\/es\\\/raaul-cohen\\\/#primaryimage\",\"url\":\"https:\\\/\\\/cleanbreaks.net\\\/wp-content\\\/uploads\\\/2026\\\/02\\\/raaul_leor_cohen-683x1024.jpg\",\"contentUrl\":\"https:\\\/\\\/cleanbreaks.net\\\/wp-content\\\/uploads\\\/2026\\\/02\\\/raaul_leor_cohen-683x1024.jpg\"},{\"@type\":\"BreadcrumbList\",\"@id\":\"https:\\\/\\\/cleanbreaks.net\\\/es\\\/raaul-cohen\\\/#breadcrumb\",\"itemListElement\":[{\"@type\":\"ListItem\",\"position\":1,\"name\":\"Home\",\"item\":\"https:\\\/\\\/cleanbreaks.net\\\/es\\\/inicio\\\/\"},{\"@type\":\"ListItem\",\"position\":2,\"name\":\"Raaul Cohen\"}]},{\"@type\":\"WebSite\",\"@id\":\"https:\\\/\\\/cleanbreaks.net\\\/es\\\/#website\",\"url\":\"https:\\\/\\\/cleanbreaks.net\\\/es\\\/\",\"name\":\"Dynamic Detox with Raaul Cohen\",\"description\":\"\",\"potentialAction\":[{\"@type\":\"SearchAction\",\"target\":{\"@type\":\"EntryPoint\",\"urlTemplate\":\"https:\\\/\\\/cleanbreaks.net\\\/es\\\/?s={search_term_string}\"},\"query-input\":{\"@type\":\"PropertyValueSpecification\",\"valueRequired\":true,\"valueName\":\"search_term_string\"}}],\"inLanguage\":\"es\"}]}<\/script>\n<!-- \/ Yoast SEO plugin. -->","yoast_head_json":{"title":"Raaul Cohen - Dynamic Detox with Raaul Cohen","robots":{"index":"index","follow":"follow","max-snippet":"max-snippet:-1","max-image-preview":"max-image-preview:large","max-video-preview":"max-video-preview:-1"},"canonical":"https:\/\/cleanbreaks.net\/es\/raaul-cohen\/","og_locale":"es_ES","og_type":"article","og_title":"Raaul Cohen - Dynamic Detox with Raaul Cohen","og_description":"Raaul Cohen BSc, ARCH, BCMA, BCN, CNHC Es demasiado discreto como para dar nombres, pero actores, pol\u00edticos y famosos acuden en masa a su puerta, lo que le ha proporcionado una clientela internacional. En el a\u00f1o 2000, fue nombrado uno de los mejores nutricionistas por la revista Vogue. En 1994, Ra\u00fal comenz\u00f3 a organizar estancias [&hellip;]","og_url":"https:\/\/cleanbreaks.net\/es\/raaul-cohen\/","og_site_name":"Dynamic Detox with Raaul Cohen","article_modified_time":"2026-03-18T12:06:51+00:00","og_image":[{"width":1024,"height":1536,"url":"https:\/\/cleanbreaks.net\/wp-content\/uploads\/2026\/02\/raaul_leor_cohen.jpg","type":"image\/jpeg"}],"twitter_card":"summary_large_image","twitter_misc":{"Tiempo de lectura":"2 minutos"},"schema":{"@context":"https:\/\/schema.org","@graph":[{"@type":"WebPage","@id":"https:\/\/cleanbreaks.net\/es\/raaul-cohen\/","url":"https:\/\/cleanbreaks.net\/es\/raaul-cohen\/","name":"Raaul Cohen - Dynamic Detox with Raaul Cohen","isPartOf":{"@id":"https:\/\/cleanbreaks.net\/es\/#website"},"primaryImageOfPage":{"@id":"https:\/\/cleanbreaks.net\/es\/raaul-cohen\/#primaryimage"},"image":{"@id":"https:\/\/cleanbreaks.net\/es\/raaul-cohen\/#primaryimage"},"thumbnailUrl":"https:\/\/cleanbreaks.net\/wp-content\/uploads\/2026\/02\/raaul_leor_cohen-683x1024.jpg","datePublished":"2026-01-05T09:58:49+00:00","dateModified":"2026-03-18T12:06:51+00:00","breadcrumb":{"@id":"https:\/\/cleanbreaks.net\/es\/raaul-cohen\/#breadcrumb"},"inLanguage":"es","potentialAction":[{"@type":"ReadAction","target":["https:\/\/cleanbreaks.net\/es\/raaul-cohen\/"]}]},{"@type":"ImageObject","inLanguage":"es","@id":"https:\/\/cleanbreaks.net\/es\/raaul-cohen\/#primaryimage","url":"https:\/\/cleanbreaks.net\/wp-content\/uploads\/2026\/02\/raaul_leor_cohen-683x1024.jpg","contentUrl":"https:\/\/cleanbreaks.net\/wp-content\/uploads\/2026\/02\/raaul_leor_cohen-683x1024.jpg"},{"@type":"BreadcrumbList","@id":"https:\/\/cleanbreaks.net\/es\/raaul-cohen\/#breadcrumb","itemListElement":[{"@type":"ListItem","position":1,"name":"Home","item":"https:\/\/cleanbreaks.net\/es\/inicio\/"},{"@type":"ListItem","position":2,"name":"Raaul Cohen"}]},{"@type":"WebSite","@id":"https:\/\/cleanbreaks.net\/es\/#website","url":"https:\/\/cleanbreaks.net\/es\/","name":"Dynamic Detox with Raaul Cohen","description":"","potentialAction":[{"@type":"SearchAction","target":{"@type":"EntryPoint","urlTemplate":"https:\/\/cleanbreaks.net\/es\/?s={search_term_string}"},"query-input":{"@type":"PropertyValueSpecification","valueRequired":true,"valueName":"search_term_string"}}],"inLanguage":"es"}]}},"_links":{"self":[{"href":"https:\/\/cleanbreaks.net\/es\/wp-json\/wp\/v2\/pages\/918","targetHints":{"allow":["GET"]}}],"collection":[{"href":"https:\/\/cleanbreaks.net\/es\/wp-json\/wp\/v2\/pages"}],"about":[{"href":"https:\/\/cleanbreaks.net\/es\/wp-json\/wp\/v2\/types\/page"}],"author":[{"embeddable":true,"href":"https:\/\/cleanbreaks.net\/es\/wp-json\/wp\/v2\/users\/1"}],"replies":[{"embeddable":true,"href":"https:\/\/cleanbreaks.net\/es\/wp-json\/wp\/v2\/comments?post=918"}],"version-history":[{"count":1,"href":"https:\/\/cleanbreaks.net\/es\/wp-json\/wp\/v2\/pages\/918\/revisions"}],"predecessor-version":[{"id":919,"href":"https:\/\/cleanbreaks.net\/es\/wp-json\/wp\/v2\/pages\/918\/revisions\/919"}],"wp:attachment":[{"href":"https:\/\/cleanbreaks.net\/es\/wp-json\/wp\/v2\/media?parent=918"}],"curies":[{"name":"wp","href":"https:\/\/api.w.org\/{rel}","templated":true}]}}