{"id":998,"date":"2026-01-05T09:58:25","date_gmt":"2026-01-05T09:58:25","guid":{"rendered":"https:\/\/jonnyrapp.com\/work\/detox\/programa-de-desintoxicacion\/"},"modified":"2026-04-08T06:35:03","modified_gmt":"2026-04-08T06:35:03","slug":"programa-de-desintoxicacion","status":"publish","type":"page","link":"https:\/\/cleanbreaks.net\/es\/programa-de-desintoxicacion\/","title":{"rendered":"Programa"},"content":{"rendered":"\t\t<div data-elementor-type=\"wp-page\" data-elementor-id=\"998\" class=\"elementor elementor-998 elementor-33\" data-elementor-post-type=\"page\">\n\t\t\t\t<div class=\"elementor-element elementor-element-b5ba76b e-con-full e-flex e-con e-parent\" data-id=\"b5ba76b\" data-element_type=\"container\">\n\t\t\t\t<div class=\"elementor-element elementor-element-6d1b870 elementor-hidden-tablet elementor-hidden-desktop elementor-widget elementor-widget-image-carousel\" data-id=\"6d1b870\" data-element_type=\"widget\" data-settings=\"{&quot;slides_to_show&quot;:&quot;1&quot;,&quot;navigation&quot;:&quot;none&quot;,&quot;lazyload&quot;:&quot;yes&quot;,&quot;effect&quot;:&quot;fade&quot;,&quot;autoplay&quot;:&quot;yes&quot;,&quot;pause_on_hover&quot;:&quot;yes&quot;,&quot;pause_on_interaction&quot;:&quot;yes&quot;,&quot;autoplay_speed&quot;:5000,&quot;infinite&quot;:&quot;yes&quot;,&quot;speed&quot;:500}\" data-widget_type=\"image-carousel.default\">\n\t\t\t\t\t\t\t<div class=\"elementor-image-carousel-wrapper swiper\" role=\"region\" aria-roledescription=\"carousel\" aria-label=\"Image Carousel\" dir=\"ltr\">\n\t\t\t<div class=\"elementor-image-carousel swiper-wrapper swiper-image-stretch\" aria-live=\"off\">\n\t\t\t\t\t\t\t\t<div class=\"swiper-slide\" role=\"group\" aria-roledescription=\"slide\" aria-label=\"1 de 6\"><figure class=\"swiper-slide-inner\"><img class=\"swiper-slide-image swiper-lazy\" data-src=\"https:\/\/cleanbreaks.net\/wp-content\/uploads\/2026\/03\/hotel-detox-mallorca.jpg\" alt=\"hotel-detox-mallorca\" \/><div class=\"swiper-lazy-preloader\"><\/div><\/figure><\/div><div class=\"swiper-slide\" role=\"group\" aria-roledescription=\"slide\" aria-label=\"2 de 6\"><figure class=\"swiper-slide-inner\"><img class=\"swiper-slide-image swiper-lazy\" data-src=\"https:\/\/cleanbreaks.net\/wp-content\/uploads\/2026\/01\/mobile-1.jpg\" alt=\"m\u00f3vil-1\" \/><div class=\"swiper-lazy-preloader\"><\/div><\/figure><\/div><div class=\"swiper-slide\" role=\"group\" aria-roledescription=\"slide\" aria-label=\"3 de 6\"><figure class=\"swiper-slide-inner\"><img class=\"swiper-slide-image swiper-lazy\" data-src=\"https:\/\/cleanbreaks.net\/wp-content\/uploads\/2026\/01\/mobile-2.jpg\" alt=\"m\u00f3vil-2\" \/><div class=\"swiper-lazy-preloader\"><\/div><\/figure><\/div><div class=\"swiper-slide\" role=\"group\" aria-roledescription=\"slide\" aria-label=\"4 de 6\"><figure class=\"swiper-slide-inner\"><img class=\"swiper-slide-image swiper-lazy\" data-src=\"https:\/\/cleanbreaks.net\/wp-content\/uploads\/2026\/01\/mobile-3.jpg\" alt=\"m\u00f3vil-3\" \/><div class=\"swiper-lazy-preloader\"><\/div><\/figure><\/div><div class=\"swiper-slide\" role=\"group\" aria-roledescription=\"slide\" aria-label=\"5 de 6\"><figure class=\"swiper-slide-inner\"><img class=\"swiper-slide-image swiper-lazy\" data-src=\"https:\/\/cleanbreaks.net\/wp-content\/uploads\/2026\/01\/mobile-6.jpg\" alt=\"m\u00f3vil-6\" \/><div class=\"swiper-lazy-preloader\"><\/div><\/figure><\/div><div class=\"swiper-slide\" role=\"group\" aria-roledescription=\"slide\" aria-label=\"6 de 6\"><figure class=\"swiper-slide-inner\"><img class=\"swiper-slide-image swiper-lazy\" data-src=\"https:\/\/cleanbreaks.net\/wp-content\/uploads\/2026\/01\/mobile-4.jpg\" alt=\"m\u00f3vil-4\" \/><div class=\"swiper-lazy-preloader\"><\/div><\/figure><\/div>\t\t\t<\/div>\n\t\t\t\t\t\t\t\n\t\t\t\t\t\t\t\t\t<\/div>\n\t\t\t\t\t\t<\/div>\n\t\t\t\t<\/div>\n\t\t<div class=\"elementor-element elementor-element-effdf6b e-con-full elementor-hidden-mobile e-flex e-con e-parent\" data-id=\"effdf6b\" data-element_type=\"container\" data-settings=\"{&quot;background_background&quot;:&quot;classic&quot;}\">\n\t\t\t\t<div class=\"elementor-element elementor-element-abd346b elementor-widget elementor-widget-heading\" data-id=\"abd346b\" data-element_type=\"widget\" data-widget_type=\"heading.default\">\n\t\t\t\t\t<h1 class=\"elementor-heading-title elementor-size-default\">Si\u00e9ntete m\u00e1s joven y saludable<\/h1>\t\t\t\t<\/div>\n\t\t\t\t<div class=\"elementor-element elementor-element-49f3e1d elementor-widget elementor-widget-button\" data-id=\"49f3e1d\" data-element_type=\"widget\" data-widget_type=\"button.default\">\n\t\t\t\t\t\t\t\t\t\t<a class=\"elementor-button elementor-button-link elementor-size-sm\" href=\"#welcome\">\n\t\t\t\t\t\t<span class=\"elementor-button-content-wrapper\">\n\t\t\t\t\t\t\t\t\t<span class=\"elementor-button-text\">M\u00e1s informaci\u00f3n<\/span>\n\t\t\t\t\t<\/span>\n\t\t\t\t\t<\/a>\n\t\t\t\t\t\t\t\t<\/div>\n\t\t\t\t<\/div>\n\t\t<div class=\"elementor-element elementor-element-c8fbd60 e-flex e-con-boxed e-con e-parent\" data-id=\"c8fbd60\" data-element_type=\"container\" id=\"welcome\">\n\t\t\t\t\t<div class=\"e-con-inner\">\n\t\t\t\t<div class=\"elementor-element elementor-element-a2b6bb7 elementor-widget elementor-widget-heading\" data-id=\"a2b6bb7\" data-element_type=\"widget\" data-widget_type=\"heading.default\">\n\t\t\t\t\t<h2 class=\"elementor-heading-title elementor-size-default\">El Programa Detox<\/h2>\t\t\t\t<\/div>\n\t\t\t\t<div class=\"elementor-element elementor-element-fa52b7c elementor-widget elementor-widget-text-editor\" data-id=\"fa52b7c\" data-element_type=\"widget\" data-widget_type=\"text-editor.default\">\n\t\t\t\t\t\t\t\t\t<p><strong>El programa Dynamic Detox act\u00faa a varios niveles. Aprovecha los beneficios nutricionales de las frutas y verduras frescas en su forma m\u00e1s potente y f\u00e1cilmente asimilable. Al mismo tiempo, limpia suavemente el sistema digestivo de los residuos acumulados. Dado que pocas personas beben suficiente agua para mantener el cuerpo completamente hidratado, el programa Dynamic Detox tambi\u00e9n repone los niveles de l\u00edquidos esenciales.   <\/strong><\/p><p>El programa comienza con un chequeo m\u00e9dico completo realizado por un m\u00e9dico de Harley Street para los clientes procedentes del Reino Unido, o por un m\u00e9dico de su propio pa\u00eds. Durante una semana, se prescinde de la comida s\u00f3lida y se consumen zumos frescos de frutas y verduras ecol\u00f3gicas tres veces al d\u00eda, adem\u00e1s de suplementos vitam\u00ednicos y minerales y bebidas depurativas. Una hidroterapia de colon diaria facilita el proceso de depuraci\u00f3n.  <\/p><p>Sorprendentemente, la mayor\u00eda de los clientes descubren que no sienten mucha hambre durante el ayuno a base de zumos, y ni siquiera notan la falta de sus estimulantes habituales, como el t\u00e9 y el caf\u00e9. Los resultados pueden ser espectaculares: desaparici\u00f3n de problemas cut\u00e1neos persistentes, aumento de los niveles de energ\u00eda, mejora de la claridad mental, eliminaci\u00f3n del mal aliento, alivio de dolores y molestias, y curaci\u00f3n del estre\u00f1imiento cr\u00f3nico. Los participantes han informado de un alivio del asma de larga duraci\u00f3n, de problemas digestivos, de infecciones por hongos (Candida) y, por supuesto, de la p\u00e9rdida de peso no deseado.  <\/p><p><strong>Independientemente de los motivos por los que hayan decidido seguir el programa, los clientes afirman sentirse m\u00e1s j\u00f3venes, m\u00e1s sanos y con m\u00e1s energ\u00eda, \u00a1y est\u00e1n encantados con los comentarios de sus amigos sobre lo bien que se les ve!<\/strong><\/p>\t\t\t\t\t\t\t\t<\/div>\n\t\t<div class=\"elementor-element elementor-element-0a01088 e-con-full e-flex e-con e-child\" data-id=\"0a01088\" data-element_type=\"container\">\n\t\t\t\t<div class=\"elementor-element elementor-element-4a5bf77 elementor-align-left elementor-mobile-align-justify elementor-widget elementor-widget-button\" data-id=\"4a5bf77\" data-element_type=\"widget\" data-widget_type=\"button.default\">\n\t\t\t\t\t\t\t\t\t\t<a class=\"elementor-button elementor-button-link elementor-size-sm\" href=\"https:\/\/jonnyrapp.com\/work\/detox\/the-hotel\/\">\n\t\t\t\t\t\t<span class=\"elementor-button-content-wrapper\">\n\t\t\t\t\t\t\t\t\t<span class=\"elementor-button-text\">El Hotel Iberostar<\/span>\n\t\t\t\t\t<\/span>\n\t\t\t\t\t<\/a>\n\t\t\t\t\t\t\t\t<\/div>\n\t\t\t\t<div class=\"elementor-element elementor-element-ea927cd elementor-align-left elementor-mobile-align-justify elementor-widget elementor-widget-button\" data-id=\"ea927cd\" data-element_type=\"widget\" data-widget_type=\"button.default\">\n\t\t\t\t\t\t\t\t\t\t<a class=\"elementor-button elementor-button-link elementor-size-sm\" href=\"#elementor-action%3Aaction%3Dpopup%3Aopen%26settings%3DeyJpZCI6OTUwLCJ0b2dnbGUiOmZhbHNlfQ%3D%3D\">\n\t\t\t\t\t\t<span class=\"elementor-button-content-wrapper\">\n\t\t\t\t\t\t\t\t\t<span class=\"elementor-button-text\">Reservas y consultas<\/span>\n\t\t\t\t\t<\/span>\n\t\t\t\t\t<\/a>\n\t\t\t\t\t\t\t\t<\/div>\n\t\t\t\t<\/div>\n\t\t\t\t\t<\/div>\n\t\t\t\t<\/div>\n\t\t<div class=\"elementor-element elementor-element-8002d38 e-con-full e-flex e-con e-parent\" data-id=\"8002d38\" data-element_type=\"container\" data-settings=\"{&quot;background_background&quot;:&quot;classic&quot;}\">\n\t\t\t\t<\/div>\n\t\t<div class=\"elementor-element elementor-element-6ef7d0d e-flex e-con-boxed e-con e-parent\" data-id=\"6ef7d0d\" data-element_type=\"container\">\n\t\t\t\t\t<div class=\"e-con-inner\">\n\t\t\t\t<div class=\"elementor-element elementor-element-e02ca4c elementor-widget elementor-widget-heading\" data-id=\"e02ca4c\" data-element_type=\"widget\" data-widget_type=\"heading.default\">\n\t\t\t\t\t<h2 class=\"elementor-heading-title elementor-size-default\">El programa de desintoxicaci\u00f3n incluye:<\/h2>\t\t\t\t<\/div>\n\t\t\t\t<div class=\"elementor-element elementor-element-829673d elementor-widget elementor-widget-text-editor\" data-id=\"829673d\" data-element_type=\"widget\" id=\"styled-list\" data-widget_type=\"text-editor.default\">\n\t\t\t\t\t\t\t\t\t<ul style=\"padding-left: 0; margin-left: 0;\"><li><strong>Initial medical consultation by Raaul Cohen<\/strong><\/li><li><strong>Tratamientos colonicos diarios y enemas de caf\u00e9 (7 d\u00edas), todos ellos realizados por Ra\u00fal<\/strong><\/li><li><strong>Todos los suplementos, tratamientos depurativos, vitaminas y el material necesario<\/strong><\/li><li><strong>Agua destilada<\/strong><\/li><li><strong>Recomendaciones diet\u00e9ticas personalizadas y programas de mantenimiento<\/strong><\/li><li><strong>Supervisi\u00f3n m\u00e9dica las 24 horas del d\u00eda<\/strong><\/li><\/ul><h3>Programa de desintoxicaci\u00f3n de 7 d\u00edas 1,850\u20ac<\/h3><h3>950\u20ac<\/h3><p>Los grupos del programa tienen un l\u00edmite m\u00e1ximo de seis participantes, lo que permite ofrecer una atenci\u00f3n personalizada y consultas individuales con Raaul a diario. El ayuno dura los siete d\u00edas completos, pero la llegada es el d\u00eda antes de comenzar la desintoxicaci\u00f3n y la salida, el d\u00eda despu\u00e9s de romper el ayuno por la ma\u00f1ana, lo que supone un total de ocho noches y nueve d\u00edas. Se pueden organizar programas m\u00e1s largos o m\u00e1s cortos bajo petici\u00f3n.  <\/p><p>Tambi\u00e9n se pueden adaptar los men\u00fas a necesidades diet\u00e9ticas especiales. (Los residentes en Mallorca pueden seguir el programa desde casa, acudiendo a la cl\u00ednica todos los d\u00edas). <\/p>\t\t\t\t\t\t\t\t<\/div>\n\t\t<div class=\"elementor-element elementor-element-b5cd11d e-con-full e-flex e-con e-child\" data-id=\"b5cd11d\" data-element_type=\"container\">\n\t\t\t\t<div class=\"elementor-element elementor-element-5af00c2 elementor-align-left elementor-mobile-align-justify elementor-widget elementor-widget-button\" data-id=\"5af00c2\" data-element_type=\"widget\" data-widget_type=\"button.default\">\n\t\t\t\t\t\t\t\t\t\t<a class=\"elementor-button elementor-button-link elementor-size-sm\" href=\"https:\/\/jonnyrapp.com\/work\/detox\/the-hotel\/\">\n\t\t\t\t\t\t<span class=\"elementor-button-content-wrapper\">\n\t\t\t\t\t\t\t\t\t<span class=\"elementor-button-text\">El Hotel Iberostar<\/span>\n\t\t\t\t\t<\/span>\n\t\t\t\t\t<\/a>\n\t\t\t\t\t\t\t\t<\/div>\n\t\t\t\t<div class=\"elementor-element elementor-element-d7bb04d elementor-align-left elementor-mobile-align-justify elementor-widget elementor-widget-button\" data-id=\"d7bb04d\" data-element_type=\"widget\" data-widget_type=\"button.default\">\n\t\t\t\t\t\t\t\t\t\t<a class=\"elementor-button elementor-button-link elementor-size-sm\" href=\"#elementor-action%3Aaction%3Dpopup%3Aopen%26settings%3DeyJpZCI6OTUwLCJ0b2dnbGUiOmZhbHNlfQ%3D%3D\">\n\t\t\t\t\t\t<span class=\"elementor-button-content-wrapper\">\n\t\t\t\t\t\t\t\t\t<span class=\"elementor-button-text\">Reservas y consultas<\/span>\n\t\t\t\t\t<\/span>\n\t\t\t\t\t<\/a>\n\t\t\t\t\t\t\t\t<\/div>\n\t\t\t\t<\/div>\n\t\t\t\t\t<\/div>\n\t\t\t\t<\/div>\n\t\t<div class=\"elementor-element elementor-element-df95a32 e-con-full e-flex e-con e-parent\" data-id=\"df95a32\" data-element_type=\"container\" data-settings=\"{&quot;background_background&quot;:&quot;classic&quot;}\">\n\t\t\t\t<\/div>\n\t\t<div class=\"elementor-element elementor-element-50f8756 e-flex e-con-boxed e-con e-parent\" data-id=\"50f8756\" data-element_type=\"container\">\n\t\t\t\t\t<div class=\"e-con-inner\">\n\t\t\t\t<div class=\"elementor-element elementor-element-ef69dc5 elementor-widget elementor-widget-text-editor\" data-id=\"ef69dc5\" data-element_type=\"widget\" data-widget_type=\"text-editor.default\">\n\t\t\t\t\t\t\t\t\tEl alojamiento se puede reservar directamente a trav\u00e9s del hotel, enviando un correo electr\u00f3nico a: jar.rec@iberostar.com; ellos se encargar\u00e1n de realizar la reserva y el pago se efectuar\u00e1 directamente en el hotel a la llegada, o bien se puede reservar a trav\u00e9s de la p\u00e1gina web de Iberostar: grandhotelportalsnous.com\n\nEl programa no incluye el alojamiento\t\t\t\t\t\t\t\t<\/div>\n\t\t<div class=\"elementor-element elementor-element-62c60eb e-con-full e-flex e-con e-child\" data-id=\"62c60eb\" data-element_type=\"container\">\n\t\t\t\t<div class=\"elementor-element elementor-element-e7d4c0e elementor-align-left elementor-mobile-align-justify elementor-widget elementor-widget-button\" data-id=\"e7d4c0e\" data-element_type=\"widget\" data-widget_type=\"button.default\">\n\t\t\t\t\t\t\t\t\t\t<a class=\"elementor-button elementor-button-link elementor-size-sm\" href=\"https:\/\/jonnyrapp.com\/work\/detox\/contact\/\">\n\t\t\t\t\t\t<span class=\"elementor-button-content-wrapper\">\n\t\t\t\t\t\t\t\t\t<span class=\"elementor-button-text\">Contacto con nosotros hoy<\/span>\n\t\t\t\t\t<\/span>\n\t\t\t\t\t<\/a>\n\t\t\t\t\t\t\t\t<\/div>\n\t\t\t\t<div class=\"elementor-element elementor-element-060b529 elementor-align-left elementor-mobile-align-justify elementor-widget elementor-widget-button\" data-id=\"060b529\" data-element_type=\"widget\" data-widget_type=\"button.default\">\n\t\t\t\t\t\t\t\t\t\t<a class=\"elementor-button elementor-button-link elementor-size-sm\" href=\"#elementor-action%3Aaction%3Dpopup%3Aopen%26settings%3DeyJpZCI6OTUwLCJ0b2dnbGUiOmZhbHNlfQ%3D%3D\">\n\t\t\t\t\t\t<span class=\"elementor-button-content-wrapper\">\n\t\t\t\t\t\t\t\t\t<span class=\"elementor-button-text\">Reservas y consultas<\/span>\n\t\t\t\t\t<\/span>\n\t\t\t\t\t<\/a>\n\t\t\t\t\t\t\t\t<\/div>\n\t\t\t\t<\/div>\n\t\t\t\t\t<\/div>\n\t\t\t\t<\/div>\n\t\t\t\t<\/div>\n\t\t","protected":false},"excerpt":{"rendered":"<p>Si\u00e9ntete m\u00e1s joven y saludable M\u00e1s informaci\u00f3n El Programa Detox El programa Dynamic Detox act\u00faa a varios niveles. Aprovecha los beneficios nutricionales de las frutas y verduras frescas en su forma m\u00e1s potente y f\u00e1cilmente asimilable. Al mismo tiempo, limpia suavemente el sistema digestivo de los residuos acumulados. Dado que pocas personas beben suficiente agua [&hellip;]<\/p>\n","protected":false},"author":1,"featured_media":0,"parent":0,"menu_order":0,"comment_status":"closed","ping_status":"closed","template":"","meta":{"footnotes":""},"class_list":["post-998","page","type-page","status-publish","hentry"],"yoast_head":"<!-- This site is optimized with the Yoast SEO plugin v27.3 - https:\/\/yoast.com\/product\/yoast-seo-wordpress\/ -->\n<title>Programa - Dynamic Detox with Raaul Cohen<\/title>\n<meta name=\"robots\" content=\"index, follow, max-snippet:-1, max-image-preview:large, max-video-preview:-1\" \/>\n<link rel=\"canonical\" href=\"https:\/\/cleanbreaks.net\/es\/programa-de-desintoxicacion\/\" \/>\n<meta property=\"og:locale\" content=\"es_ES\" \/>\n<meta property=\"og:type\" content=\"article\" \/>\n<meta property=\"og:title\" content=\"Programa - Dynamic Detox with Raaul Cohen\" \/>\n<meta property=\"og:description\" content=\"Si\u00e9ntete m\u00e1s joven y saludable M\u00e1s informaci\u00f3n El Programa Detox El programa Dynamic Detox act\u00faa a varios niveles. Aprovecha los beneficios nutricionales de las frutas y verduras frescas en su forma m\u00e1s potente y f\u00e1cilmente asimilable. Al mismo tiempo, limpia suavemente el sistema digestivo de los residuos acumulados. Dado que pocas personas beben suficiente agua [&hellip;]\" \/>\n<meta property=\"og:url\" content=\"https:\/\/cleanbreaks.net\/es\/programa-de-desintoxicacion\/\" \/>\n<meta property=\"og:site_name\" content=\"Dynamic Detox with Raaul Cohen\" \/>\n<meta property=\"article:modified_time\" content=\"2026-04-08T06:35:03+00:00\" \/>\n<meta property=\"og:image\" content=\"https:\/\/cleanbreaks.net\/wp-content\/uploads\/2026\/03\/hotel-detox-mallorca.jpg\" \/>\n<meta name=\"twitter:card\" content=\"summary_large_image\" \/>\n<meta name=\"twitter:label1\" content=\"Tiempo de lectura\" \/>\n\t<meta name=\"twitter:data1\" content=\"3 minutos\" \/>\n<script type=\"application\/ld+json\" class=\"yoast-schema-graph\">{\"@context\":\"https:\\\/\\\/schema.org\",\"@graph\":[{\"@type\":\"WebPage\",\"@id\":\"https:\\\/\\\/cleanbreaks.net\\\/es\\\/programa-de-desintoxicacion\\\/\",\"url\":\"https:\\\/\\\/cleanbreaks.net\\\/es\\\/programa-de-desintoxicacion\\\/\",\"name\":\"Programa - Dynamic Detox with Raaul Cohen\",\"isPartOf\":{\"@id\":\"https:\\\/\\\/cleanbreaks.net\\\/es\\\/#website\"},\"primaryImageOfPage\":{\"@id\":\"https:\\\/\\\/cleanbreaks.net\\\/es\\\/programa-de-desintoxicacion\\\/#primaryimage\"},\"image\":{\"@id\":\"https:\\\/\\\/cleanbreaks.net\\\/es\\\/programa-de-desintoxicacion\\\/#primaryimage\"},\"thumbnailUrl\":\"https:\\\/\\\/cleanbreaks.net\\\/wp-content\\\/uploads\\\/2026\\\/03\\\/hotel-detox-mallorca.jpg\",\"datePublished\":\"2026-01-05T09:58:25+00:00\",\"dateModified\":\"2026-04-08T06:35:03+00:00\",\"breadcrumb\":{\"@id\":\"https:\\\/\\\/cleanbreaks.net\\\/es\\\/programa-de-desintoxicacion\\\/#breadcrumb\"},\"inLanguage\":\"es\",\"potentialAction\":[{\"@type\":\"ReadAction\",\"target\":[\"https:\\\/\\\/cleanbreaks.net\\\/es\\\/programa-de-desintoxicacion\\\/\"]}]},{\"@type\":\"ImageObject\",\"inLanguage\":\"es\",\"@id\":\"https:\\\/\\\/cleanbreaks.net\\\/es\\\/programa-de-desintoxicacion\\\/#primaryimage\",\"url\":\"https:\\\/\\\/cleanbreaks.net\\\/wp-content\\\/uploads\\\/2026\\\/03\\\/hotel-detox-mallorca.jpg\",\"contentUrl\":\"https:\\\/\\\/cleanbreaks.net\\\/wp-content\\\/uploads\\\/2026\\\/03\\\/hotel-detox-mallorca.jpg\"},{\"@type\":\"BreadcrumbList\",\"@id\":\"https:\\\/\\\/cleanbreaks.net\\\/es\\\/programa-de-desintoxicacion\\\/#breadcrumb\",\"itemListElement\":[{\"@type\":\"ListItem\",\"position\":1,\"name\":\"Home\",\"item\":\"https:\\\/\\\/cleanbreaks.net\\\/es\\\/inicio\\\/\"},{\"@type\":\"ListItem\",\"position\":2,\"name\":\"Programa\"}]},{\"@type\":\"WebSite\",\"@id\":\"https:\\\/\\\/cleanbreaks.net\\\/es\\\/#website\",\"url\":\"https:\\\/\\\/cleanbreaks.net\\\/es\\\/\",\"name\":\"Dynamic Detox with Raaul Cohen\",\"description\":\"\",\"potentialAction\":[{\"@type\":\"SearchAction\",\"target\":{\"@type\":\"EntryPoint\",\"urlTemplate\":\"https:\\\/\\\/cleanbreaks.net\\\/es\\\/?s={search_term_string}\"},\"query-input\":{\"@type\":\"PropertyValueSpecification\",\"valueRequired\":true,\"valueName\":\"search_term_string\"}}],\"inLanguage\":\"es\"}]}<\/script>\n<!-- \/ Yoast SEO plugin. -->","yoast_head_json":{"title":"Programa - Dynamic Detox with Raaul Cohen","robots":{"index":"index","follow":"follow","max-snippet":"max-snippet:-1","max-image-preview":"max-image-preview:large","max-video-preview":"max-video-preview:-1"},"canonical":"https:\/\/cleanbreaks.net\/es\/programa-de-desintoxicacion\/","og_locale":"es_ES","og_type":"article","og_title":"Programa - Dynamic Detox with Raaul Cohen","og_description":"Si\u00e9ntete m\u00e1s joven y saludable M\u00e1s informaci\u00f3n El Programa Detox El programa Dynamic Detox act\u00faa a varios niveles. Aprovecha los beneficios nutricionales de las frutas y verduras frescas en su forma m\u00e1s potente y f\u00e1cilmente asimilable. Al mismo tiempo, limpia suavemente el sistema digestivo de los residuos acumulados. Dado que pocas personas beben suficiente agua [&hellip;]","og_url":"https:\/\/cleanbreaks.net\/es\/programa-de-desintoxicacion\/","og_site_name":"Dynamic Detox with Raaul Cohen","article_modified_time":"2026-04-08T06:35:03+00:00","og_image":[{"url":"https:\/\/cleanbreaks.net\/wp-content\/uploads\/2026\/03\/hotel-detox-mallorca.jpg","type":"","width":"","height":""}],"twitter_card":"summary_large_image","twitter_misc":{"Tiempo de lectura":"3 minutos"},"schema":{"@context":"https:\/\/schema.org","@graph":[{"@type":"WebPage","@id":"https:\/\/cleanbreaks.net\/es\/programa-de-desintoxicacion\/","url":"https:\/\/cleanbreaks.net\/es\/programa-de-desintoxicacion\/","name":"Programa - Dynamic Detox with Raaul Cohen","isPartOf":{"@id":"https:\/\/cleanbreaks.net\/es\/#website"},"primaryImageOfPage":{"@id":"https:\/\/cleanbreaks.net\/es\/programa-de-desintoxicacion\/#primaryimage"},"image":{"@id":"https:\/\/cleanbreaks.net\/es\/programa-de-desintoxicacion\/#primaryimage"},"thumbnailUrl":"https:\/\/cleanbreaks.net\/wp-content\/uploads\/2026\/03\/hotel-detox-mallorca.jpg","datePublished":"2026-01-05T09:58:25+00:00","dateModified":"2026-04-08T06:35:03+00:00","breadcrumb":{"@id":"https:\/\/cleanbreaks.net\/es\/programa-de-desintoxicacion\/#breadcrumb"},"inLanguage":"es","potentialAction":[{"@type":"ReadAction","target":["https:\/\/cleanbreaks.net\/es\/programa-de-desintoxicacion\/"]}]},{"@type":"ImageObject","inLanguage":"es","@id":"https:\/\/cleanbreaks.net\/es\/programa-de-desintoxicacion\/#primaryimage","url":"https:\/\/cleanbreaks.net\/wp-content\/uploads\/2026\/03\/hotel-detox-mallorca.jpg","contentUrl":"https:\/\/cleanbreaks.net\/wp-content\/uploads\/2026\/03\/hotel-detox-mallorca.jpg"},{"@type":"BreadcrumbList","@id":"https:\/\/cleanbreaks.net\/es\/programa-de-desintoxicacion\/#breadcrumb","itemListElement":[{"@type":"ListItem","position":1,"name":"Home","item":"https:\/\/cleanbreaks.net\/es\/inicio\/"},{"@type":"ListItem","position":2,"name":"Programa"}]},{"@type":"WebSite","@id":"https:\/\/cleanbreaks.net\/es\/#website","url":"https:\/\/cleanbreaks.net\/es\/","name":"Dynamic Detox with Raaul Cohen","description":"","potentialAction":[{"@type":"SearchAction","target":{"@type":"EntryPoint","urlTemplate":"https:\/\/cleanbreaks.net\/es\/?s={search_term_string}"},"query-input":{"@type":"PropertyValueSpecification","valueRequired":true,"valueName":"search_term_string"}}],"inLanguage":"es"}]}},"_links":{"self":[{"href":"https:\/\/cleanbreaks.net\/es\/wp-json\/wp\/v2\/pages\/998","targetHints":{"allow":["GET"]}}],"collection":[{"href":"https:\/\/cleanbreaks.net\/es\/wp-json\/wp\/v2\/pages"}],"about":[{"href":"https:\/\/cleanbreaks.net\/es\/wp-json\/wp\/v2\/types\/page"}],"author":[{"embeddable":true,"href":"https:\/\/cleanbreaks.net\/es\/wp-json\/wp\/v2\/users\/1"}],"replies":[{"embeddable":true,"href":"https:\/\/cleanbreaks.net\/es\/wp-json\/wp\/v2\/comments?post=998"}],"version-history":[{"count":6,"href":"https:\/\/cleanbreaks.net\/es\/wp-json\/wp\/v2\/pages\/998\/revisions"}],"predecessor-version":[{"id":1049,"href":"https:\/\/cleanbreaks.net\/es\/wp-json\/wp\/v2\/pages\/998\/revisions\/1049"}],"wp:attachment":[{"href":"https:\/\/cleanbreaks.net\/es\/wp-json\/wp\/v2\/media?parent=998"}],"curies":[{"name":"wp","href":"https:\/\/api.w.org\/{rel}","templated":true}]}}